{"id":994,"date":"2017-02-08T17:11:15","date_gmt":"2017-02-08T16:11:15","guid":{"rendered":"http:\/\/www.centredentalcise.com\/info\/?page_id=994"},"modified":"2023-05-19T16:48:35","modified_gmt":"2023-05-19T14:48:35","slug":"protesis","status":"publish","type":"page","link":"https:\/\/centredentalcise.com\/fr\/tractaments\/protesis\/","title":{"rendered":"Proth\u00e8ses"},"content":{"rendered":"\t\t<div data-elementor-type=\"wp-page\" data-elementor-id=\"994\" class=\"elementor elementor-994\" data-elementor-post-type=\"page\">\n\t\t\t\t\t\t<section class=\"elementor-section elementor-top-section elementor-element elementor-element-2edb0d84 elementor-section-full_width elementor-section-height-default elementor-section-height-default\" data-id=\"2edb0d84\" data-element_type=\"section\" data-e-type=\"section\">\n\t\t\t\t\t\t<div class=\"elementor-container elementor-column-gap-no\">\n\t\t\t\t\t<div class=\"elementor-column elementor-col-100 elementor-top-column elementor-element elementor-element-2d07fb5d\" data-id=\"2d07fb5d\" data-element_type=\"column\" data-e-type=\"column\">\n\t\t\t<div class=\"elementor-widget-wrap elementor-element-populated\">\n\t\t\t\t\t\t<div class=\"elementor-element elementor-element-656d736e elementor-widget elementor-widget-text-editor\" data-id=\"656d736e\" data-element_type=\"widget\" data-e-type=\"widget\" data-widget_type=\"text-editor.default\">\n\t\t\t\t<div class=\"elementor-widget-container\">\n\t\t\t\t\t\t\t\t\t<p><strong>Centre Dental Cise<\/strong> is one of the few centers that has the close collaboration of a dental technician, a professional in charge of designing, elaborating, manufacturing and adapting the different dental prostheses, removable orthodontic appliances and splints, who carries out their work in a dental laboratory receiving the indications of the dentist, who works in the clinic.<\/p>\t\t\t\t\t\t\t\t<\/div>\n\t\t\t\t<\/div>\n\t\t\t\t<section class=\"elementor-section elementor-inner-section elementor-element elementor-element-a091a7e elementor-section-full_width elementor-section-height-default elementor-section-height-default\" data-id=\"a091a7e\" data-element_type=\"section\" data-e-type=\"section\">\n\t\t\t\t\t\t<div class=\"elementor-container elementor-column-gap-no\">\n\t\t\t\t\t<div class=\"elementor-column elementor-col-50 elementor-inner-column elementor-element elementor-element-6497983\" data-id=\"6497983\" data-element_type=\"column\" data-e-type=\"column\">\n\t\t\t<div class=\"elementor-widget-wrap elementor-element-populated\">\n\t\t\t\t\t\t<div class=\"elementor-element elementor-element-aca0856 elementor-widget elementor-widget-text-editor\" data-id=\"aca0856\" data-element_type=\"widget\" data-e-type=\"widget\" data-widget_type=\"text-editor.default\">\n\t\t\t\t<div class=\"elementor-widget-container\">\n\t\t\t\t\t\t\t\t\t<p>He is Mr. <strong>Juan Losilla<\/strong>, a prosthetist with <strong>more than 40 years of experience<\/strong>, who for 30 years was in charge of the <strong>Spanish Federation of Dental Prosthetics<\/strong>.<\/p><p>His goal: to restore lost functionality, chewing, swallowing, speech, phonetics, mechanics, hygiene, oral and facial aesthetics.<\/p><p>A dental prosthesis is a totally personalized work of art adjusted to a specific mouth, made entirely to measure for each patient, as if it were a high jewelery goldsmith making a jewel.<\/p>\t\t\t\t\t\t\t\t<\/div>\n\t\t\t\t<\/div>\n\t\t\t\t\t<\/div>\n\t\t<\/div>\n\t\t\t\t<div class=\"elementor-column elementor-col-50 elementor-inner-column elementor-element elementor-element-cb4f2e2\" data-id=\"cb4f2e2\" data-element_type=\"column\" data-e-type=\"column\">\n\t\t\t<div class=\"elementor-widget-wrap elementor-element-populated\">\n\t\t\t\t\t\t<div class=\"elementor-element elementor-element-952a1bd elementor-widget elementor-widget-image\" data-id=\"952a1bd\" data-element_type=\"widget\" data-e-type=\"widget\" data-widget_type=\"image.default\">\n\t\t\t\t<div class=\"elementor-widget-container\">\n\t\t\t\t\t\t\t\t\t\t\t\t<figure class=\"wp-caption\">\n\t\t\t\t\t\t\t\t\t\t<img fetchpriority=\"high\" decoding=\"async\" width=\"1100\" height=\"1429\" src=\"https:\/\/centredentalcise.com\/wp-content\/uploads\/2017\/02\/Joan-Losilla.jpg\" class=\"attachment-full size-full wp-image-995\" alt=\"Joan Losilla | Centre Dental Cise\" srcset=\"https:\/\/centredentalcise.com\/wp-content\/uploads\/2017\/02\/Joan-Losilla.jpg 1100w, https:\/\/centredentalcise.com\/wp-content\/uploads\/2017\/02\/Joan-Losilla-115x150.jpg 115w, https:\/\/centredentalcise.com\/wp-content\/uploads\/2017\/02\/Joan-Losilla-231x300.jpg 231w, https:\/\/centredentalcise.com\/wp-content\/uploads\/2017\/02\/Joan-Losilla-768x998.jpg 768w, https:\/\/centredentalcise.com\/wp-content\/uploads\/2017\/02\/Joan-Losilla-788x1024.jpg 788w\" sizes=\"(max-width: 1100px) 100vw, 1100px\" \/>\t\t\t\t\t\t\t\t\t\t\t<figcaption class=\"widget-image-caption wp-caption-text\">Joan Losilla<\/figcaption>\n\t\t\t\t\t\t\t\t\t\t<\/figure>\n\t\t\t\t\t\t\t\t\t<\/div>\n\t\t\t\t<\/div>\n\t\t\t\t\t<\/div>\n\t\t<\/div>\n\t\t\t\t\t<\/div>\n\t\t<\/section>\n\t\t\t\t<div class=\"elementor-element elementor-element-e8f0067 elementor-widget elementor-widget-text-editor\" data-id=\"e8f0067\" data-element_type=\"widget\" data-e-type=\"widget\" data-widget_type=\"text-editor.default\">\n\t\t\t\t<div class=\"elementor-widget-container\">\n\t\t\t\t\t\t\t\t\t<p style=\"text-align: justify;\"><strong>Centre Dental Cise<\/strong> offers you the benefits of rigorously collaborating with a close prosthetist, linked to the clinic and with a vast and extensive experience. <strong>Guaranteed success in prosthetic restorations!<\/strong><\/p><p>He is a sanitary, a craftsman and an artist at your service.<\/p>\t\t\t\t\t\t\t\t<\/div>\n\t\t\t\t<\/div>\n\t\t\t\t<div class=\"elementor-element elementor-element-2290127 elementor-arrows-position-inside elementor-widget elementor-widget-image-carousel\" data-id=\"2290127\" data-element_type=\"widget\" data-e-type=\"widget\" data-settings=\"{&quot;slides_to_show&quot;:&quot;1&quot;,&quot;navigation&quot;:&quot;arrows&quot;,&quot;pause_on_hover&quot;:&quot;no&quot;,&quot;pause_on_interaction&quot;:&quot;no&quot;,&quot;effect&quot;:&quot;fade&quot;,&quot;autoplay&quot;:&quot;yes&quot;,&quot;autoplay_speed&quot;:5000,&quot;infinite&quot;:&quot;yes&quot;,&quot;speed&quot;:500}\" data-widget_type=\"image-carousel.default\">\n\t\t\t\t<div class=\"elementor-widget-container\">\n\t\t\t\t\t\t\t<div class=\"elementor-image-carousel-wrapper swiper\" role=\"region\" aria-roledescription=\"carousel\" aria-label=\"Image Carousel\" dir=\"ltr\">\n\t\t\t<div class=\"elementor-image-carousel swiper-wrapper\" aria-live=\"off\">\n\t\t\t\t\t\t\t\t<div class=\"swiper-slide\" role=\"group\" aria-roledescription=\"slide\" aria-label=\"1 of 5\"><figure class=\"swiper-slide-inner\"><img decoding=\"async\" class=\"swiper-slide-image\" src=\"https:\/\/centredentalcise.com\/wp-content\/uploads\/2020\/12\/Centre-Dental-Cise-Laboratori-dental-1.jpg\" alt=\"Centre Dental Cise - Laboratori dental\" \/><\/figure><\/div><div class=\"swiper-slide\" role=\"group\" aria-roledescription=\"slide\" aria-label=\"2 of 5\"><figure class=\"swiper-slide-inner\"><img decoding=\"async\" class=\"swiper-slide-image\" src=\"https:\/\/centredentalcise.com\/wp-content\/uploads\/2020\/12\/Centre-Dental-Cise-Laboratori-dental-2.jpg\" alt=\"Centre Dental Cise - Laboratori dental\" \/><\/figure><\/div><div class=\"swiper-slide\" role=\"group\" aria-roledescription=\"slide\" aria-label=\"3 of 5\"><figure class=\"swiper-slide-inner\"><img decoding=\"async\" class=\"swiper-slide-image\" src=\"https:\/\/centredentalcise.com\/wp-content\/uploads\/2020\/12\/Centre-Dental-Cise-Laboratori-dental-3.jpg\" alt=\"Centre Dental Cise - Laboratori dental\" \/><\/figure><\/div><div class=\"swiper-slide\" role=\"group\" aria-roledescription=\"slide\" aria-label=\"4 of 5\"><figure class=\"swiper-slide-inner\"><img decoding=\"async\" class=\"swiper-slide-image\" src=\"https:\/\/centredentalcise.com\/wp-content\/uploads\/2020\/12\/Centre-Dental-Cise-Laboratori-dental-4.jpg\" alt=\"Centre Dental Cise - Laboratori dental\" \/><\/figure><\/div><div class=\"swiper-slide\" role=\"group\" aria-roledescription=\"slide\" aria-label=\"5 of 5\"><figure class=\"swiper-slide-inner\"><img decoding=\"async\" class=\"swiper-slide-image\" src=\"https:\/\/centredentalcise.com\/wp-content\/uploads\/2020\/12\/Centre-Dental-Cise-Laboratori-dental-5.jpg\" alt=\"Centre Dental Cise - Laboratori dental\" \/><\/figure><\/div>\t\t\t<\/div>\n\t\t\t\t\t\t\t\t\t\t\t\t<div class=\"elementor-swiper-button elementor-swiper-button-prev\" role=\"button\" tabindex=\"0\">\n\t\t\t\t\t\t<i aria-hidden=\"true\" class=\"eicon-chevron-left\"><\/i>\t\t\t\t\t<\/div>\n\t\t\t\t\t<div class=\"elementor-swiper-button elementor-swiper-button-next\" role=\"button\" tabindex=\"0\">\n\t\t\t\t\t\t<i aria-hidden=\"true\" class=\"eicon-chevron-right\"><\/i>\t\t\t\t\t<\/div>\n\t\t\t\t\n\t\t\t\t\t\t\t\t\t<\/div>\n\t\t\t\t\t\t<\/div>\n\t\t\t\t<\/div>\n\t\t\t\t\t<\/div>\n\t\t<\/div>\n\t\t\t\t\t<\/div>\n\t\t<\/section>\n\t\t\t\t<\/div>\n\t\t","protected":false},"excerpt":{"rendered":"<p>Centre Dental Cise\u00a0est l\u2019un des rares centres qui travaille \u00e9troitement avec un\u00a0proth\u00e9tique dentaire, un professionnel qui con\u00e7u, d\u00e9veloppe, fabrique et adapte les diff\u00e9rentes proth\u00e8ses dentaires, des appareils d\u2019orthodontie amovibles, et des attelles, qui m\u00e8ne ses activit\u00e9s dans un laboratoire dentaire tout en suivant les indications du dentiste, qui travaille dans la clinique. Il s\u2019agit de<br \/><a class=\"moretag\" href=\"https:\/\/centredentalcise.com\/fr\/tractaments\/protesis\/\">+ Read More<\/a><\/p>\n","protected":false},"author":1,"featured_media":1486,"parent":1166,"menu_order":0,"comment_status":"closed","ping_status":"closed","template":"","meta":{"footnotes":""},"class_list":["post-994","page","type-page","status-publish","has-post-thumbnail","hentry"],"_links":{"self":[{"href":"https:\/\/centredentalcise.com\/fr\/wp-json\/wp\/v2\/pages\/994","targetHints":{"allow":["GET"]}}],"collection":[{"href":"https:\/\/centredentalcise.com\/fr\/wp-json\/wp\/v2\/pages"}],"about":[{"href":"https:\/\/centredentalcise.com\/fr\/wp-json\/wp\/v2\/types\/page"}],"author":[{"embeddable":true,"href":"https:\/\/centredentalcise.com\/fr\/wp-json\/wp\/v2\/users\/1"}],"replies":[{"embeddable":true,"href":"https:\/\/centredentalcise.com\/fr\/wp-json\/wp\/v2\/comments?post=994"}],"version-history":[{"count":0,"href":"https:\/\/centredentalcise.com\/fr\/wp-json\/wp\/v2\/pages\/994\/revisions"}],"up":[{"embeddable":true,"href":"https:\/\/centredentalcise.com\/fr\/wp-json\/wp\/v2\/pages\/1166"}],"wp:featuredmedia":[{"embeddable":true,"href":"https:\/\/centredentalcise.com\/fr\/wp-json\/wp\/v2\/media\/1486"}],"wp:attachment":[{"href":"https:\/\/centredentalcise.com\/fr\/wp-json\/wp\/v2\/media?parent=994"}],"curies":[{"name":"wp","href":"https:\/\/api.w.org\/{rel}","templated":true}]}}