{"id":572,"date":"2016-09-02T08:24:37","date_gmt":"2016-09-02T06:24:37","guid":{"rendered":"http:\/\/www.centredentalcise.com\/info\/?page_id=572"},"modified":"2021-11-19T10:36:26","modified_gmt":"2021-11-19T09:36:26","slug":"diagnostic-tecnologia-3d","status":"publish","type":"page","link":"https:\/\/centredentalcise.com\/fr\/tractaments\/diagnostic-tecnologia-3d\/","title":{"rendered":"Diagnostic technologie 3D"},"content":{"rendered":"<p><\/p>\n<p style=\"text-align: justify;\">Le <strong>Centre Dental Cise<\/strong> dispose de <strong>Technologie de Diagnostic 3D<\/strong>.<\/p>\n<p style=\"text-align: justify;\">Le diagnostic tridimensionnel sert \u00e0 avoir une image parfaite des os, des gencives et des dents de nos patients.<\/p>\n<p style=\"text-align: justify;\">Avant de disposer de la Technologie de Diagnostic en 3D, nos patients \u00e9taient oblig\u00e9s de se rendre dans un centre de radiologie ext\u00e9rieur pour avoir ces examens.<\/p>\n<p style=\"text-align: justify;\">Le processus de diagnostic \u00e9tait long, tandis qu\u2019<strong>avec cette nouvelle technologie, le patient est diagnostiqu\u00e9 dans la m\u00eame journ\u00e9e<\/strong>. Ce qui raccourcit consid\u00e9rablement le temps et acc\u00e9l\u00e8re le traitement.<\/p>\n<p style=\"text-align: justify;\">C\u2019est ainsi que nos patients re\u00e7oivent un <strong>meilleur service, plus confortable et rapide<\/strong>.<\/p>\n<p style=\"text-align: justify;\">Les images en 3D sont un outil efficace pour diagnostiquer d\u2019une fa\u00e7on plus rapide et pr\u00e9cise. S\u2019assurant ainsi que le traitement recommand\u00e9 soit justement ce dont le patient a besoin.<\/p>\n<p style=\"text-align: justify;\">Gr\u00e2ce au diagnostic en 3D, le dentiste peut connaitre en tout d\u00e9tail l\u2019\u00e9tat de chaque pi\u00e8ce dentaire, \u00e9valuer la quantit\u00e9 d\u2019os n\u00e9cessaire pour intervenir\u2026 Le plus grand avantage du diagnostic 3D c&rsquo;est qu\u2019il n\u00b4y a pas des surprises car il permet de planifier plus efficacement l\u2019intervention.<\/p>\n<p><img decoding=\"async\" class=\"aligncenter wp-image-2656 size-full\" title=\"Odontologia 3D | Centre Dental Cise\" src=\"https:\/\/www.centredentalcise.com\/wp-content\/uploads\/2018\/04\/Odontologia-3D-3.jpg\" alt=\"Odontologia 3D | Centre Dental Cise\" width=\"1200\" height=\"1260\" srcset=\"https:\/\/centredentalcise.com\/wp-content\/uploads\/2018\/04\/Odontologia-3D-3.jpg 1200w, https:\/\/centredentalcise.com\/wp-content\/uploads\/2018\/04\/Odontologia-3D-3-143x150.jpg 143w, https:\/\/centredentalcise.com\/wp-content\/uploads\/2018\/04\/Odontologia-3D-3-286x300.jpg 286w, https:\/\/centredentalcise.com\/wp-content\/uploads\/2018\/04\/Odontologia-3D-3-768x806.jpg 768w, https:\/\/centredentalcise.com\/wp-content\/uploads\/2018\/04\/Odontologia-3D-3-975x1024.jpg 975w\" sizes=\"(max-width: 1200px) 100vw, 1200px\" \/><\/p>","protected":false},"excerpt":{"rendered":"<p>Le Centre Dental Cise dispose de Technologie de Diagnostic 3D. Le diagnostic tridimensionnel sert \u00e0 avoir une image parfaite des os, des gencives et des dents de nos patients. Avant de disposer de la Technologie de Diagnostic en 3D, nos patients \u00e9taient oblig\u00e9s de se rendre dans un centre de radiologie ext\u00e9rieur pour avoir ces<br \/><a class=\"moretag\" href=\"https:\/\/centredentalcise.com\/fr\/tractaments\/diagnostic-tecnologia-3d\/\">+ Read More<\/a><\/p>\n","protected":false},"author":1,"featured_media":1503,"parent":1166,"menu_order":0,"comment_status":"closed","ping_status":"closed","template":"","meta":{"footnotes":""},"class_list":["post-572","page","type-page","status-publish","has-post-thumbnail","hentry"],"_links":{"self":[{"href":"https:\/\/centredentalcise.com\/fr\/wp-json\/wp\/v2\/pages\/572","targetHints":{"allow":["GET"]}}],"collection":[{"href":"https:\/\/centredentalcise.com\/fr\/wp-json\/wp\/v2\/pages"}],"about":[{"href":"https:\/\/centredentalcise.com\/fr\/wp-json\/wp\/v2\/types\/page"}],"author":[{"embeddable":true,"href":"https:\/\/centredentalcise.com\/fr\/wp-json\/wp\/v2\/users\/1"}],"replies":[{"embeddable":true,"href":"https:\/\/centredentalcise.com\/fr\/wp-json\/wp\/v2\/comments?post=572"}],"version-history":[{"count":0,"href":"https:\/\/centredentalcise.com\/fr\/wp-json\/wp\/v2\/pages\/572\/revisions"}],"up":[{"embeddable":true,"href":"https:\/\/centredentalcise.com\/fr\/wp-json\/wp\/v2\/pages\/1166"}],"wp:featuredmedia":[{"embeddable":true,"href":"https:\/\/centredentalcise.com\/fr\/wp-json\/wp\/v2\/media\/1503"}],"wp:attachment":[{"href":"https:\/\/centredentalcise.com\/fr\/wp-json\/wp\/v2\/media?parent=572"}],"curies":[{"name":"wp","href":"https:\/\/api.w.org\/{rel}","templated":true}]}}