{"id":570,"date":"2016-09-02T08:24:09","date_gmt":"2016-09-02T06:24:09","guid":{"rendered":"http:\/\/www.centredentalcise.com\/info\/?page_id=570"},"modified":"2021-11-19T10:29:38","modified_gmt":"2021-11-19T09:29:38","slug":"odontopediatria","status":"publish","type":"page","link":"https:\/\/centredentalcise.com\/fr\/tractaments\/odontopediatria\/","title":{"rendered":"Odontop\u00e9diatrie"},"content":{"rendered":"<p><\/p>\n<p style=\"text-align: justify;\">L\u2019<strong>odontologie p\u00e9diatrique<\/strong> est la sp\u00e9cialit\u00e9 qui s\u2019occupe des soins pr\u00e9ventif et th\u00e9rapeutiques des enfants et des adolescents.<\/p>\n<p style=\"text-align: justify;\">Il est fondamental que l\u2019enfant ait confiance en son dentiste, aussi jeune qu\u2019il soit, que l\u2019exp\u00e9rience soit positive, pas du tout traumatique, presque un jeu\u2026 C\u2019est seulement ainsi qu\u2019il va perdre la peur du dentiste.<\/p>\n<p style=\"text-align: justify;\">La\u00a0<strong>Sociedad Espanola de Odontopediatr\u00eda<\/strong>, recommande une\u00a0<strong>premi\u00e8re visite chez l\u2019odontologue p\u00e9diatre<\/strong>\u00a0une fois les 20 pi\u00e8ces que composent la premi\u00e8re dentition aient pouss\u00e9 \u00e0 peu pr\u00e8s\u00a0<strong>vers les 3 ans<\/strong>.<\/p>\n<p style=\"text-align: justify;\">C\u2019est en grandissant que des probl\u00e8mes en ce qui concerne la sant\u00e9 bucco-dentaire apparaissent chez les enfants : des caries, des traumas, des alt\u00e9rations de la croissance et du d\u00e9veloppement buccal.<\/p>\n<p style=\"text-align: justify;\">Enfants, pr\u00e9adolescents et adolescents ont besoin d\u2019approches diff\u00e9rentes. Il faut guider leur croissance et d\u00e9veloppement dentaire pour \u00e9viter des futurs probl\u00e8mes.<\/p>\n<p style=\"text-align: justify;\">Au\u00a0<strong>Centre Dental Cise<\/strong>\u00a0nous disposons de personnel ayant une formation sp\u00e9cialis\u00e9e et assez d\u2019exp\u00e9rience pour s\u00b4occuper de nos petits patients.<\/p>\n<p style=\"text-align: justify;\"><img fetchpriority=\"high\" decoding=\"async\" class=\"aligncenter wp-image-595 size-full\" src=\"https:\/\/www.centredentalcise.com\/wp-content\/uploads\/2016\/09\/Odontopediatria.jpg\" alt=\"Odontopediatria | Centre Dental Cise\" width=\"1024\" height=\"604\" srcset=\"https:\/\/centredentalcise.com\/wp-content\/uploads\/2016\/09\/Odontopediatria.jpg 1024w, https:\/\/centredentalcise.com\/wp-content\/uploads\/2016\/09\/Odontopediatria-300x177.jpg 300w, https:\/\/centredentalcise.com\/wp-content\/uploads\/2016\/09\/Odontopediatria-768x453.jpg 768w\" sizes=\"(max-width: 1024px) 100vw, 1024px\" \/><\/p>\n<p><\/p>","protected":false},"excerpt":{"rendered":"<p>L\u2019odontologie p\u00e9diatrique est la sp\u00e9cialit\u00e9 qui s\u2019occupe des soins pr\u00e9ventif et th\u00e9rapeutiques des enfants et des adolescents. Il est fondamental que l\u2019enfant ait confiance en son dentiste, aussi jeune qu\u2019il soit, que l\u2019exp\u00e9rience soit positive, pas du tout traumatique, presque un jeu\u2026 C\u2019est seulement ainsi qu\u2019il va perdre la peur du dentiste. La\u00a0Sociedad Espanola de<br \/><a class=\"moretag\" href=\"https:\/\/centredentalcise.com\/fr\/tractaments\/odontopediatria\/\">+ Read More<\/a><\/p>\n","protected":false},"author":1,"featured_media":1479,"parent":1166,"menu_order":0,"comment_status":"closed","ping_status":"closed","template":"","meta":{"footnotes":""},"class_list":["post-570","page","type-page","status-publish","has-post-thumbnail","hentry"],"_links":{"self":[{"href":"https:\/\/centredentalcise.com\/fr\/wp-json\/wp\/v2\/pages\/570","targetHints":{"allow":["GET"]}}],"collection":[{"href":"https:\/\/centredentalcise.com\/fr\/wp-json\/wp\/v2\/pages"}],"about":[{"href":"https:\/\/centredentalcise.com\/fr\/wp-json\/wp\/v2\/types\/page"}],"author":[{"embeddable":true,"href":"https:\/\/centredentalcise.com\/fr\/wp-json\/wp\/v2\/users\/1"}],"replies":[{"embeddable":true,"href":"https:\/\/centredentalcise.com\/fr\/wp-json\/wp\/v2\/comments?post=570"}],"version-history":[{"count":0,"href":"https:\/\/centredentalcise.com\/fr\/wp-json\/wp\/v2\/pages\/570\/revisions"}],"up":[{"embeddable":true,"href":"https:\/\/centredentalcise.com\/fr\/wp-json\/wp\/v2\/pages\/1166"}],"wp:featuredmedia":[{"embeddable":true,"href":"https:\/\/centredentalcise.com\/fr\/wp-json\/wp\/v2\/media\/1479"}],"wp:attachment":[{"href":"https:\/\/centredentalcise.com\/fr\/wp-json\/wp\/v2\/media?parent=570"}],"curies":[{"name":"wp","href":"https:\/\/api.w.org\/{rel}","templated":true}]}}