{"id":552,"date":"2016-09-01T15:25:25","date_gmt":"2016-09-01T15:25:25","guid":{"rendered":"http:\/\/www.centredentalcise.com\/info\/?page_id=552"},"modified":"2020-12-24T00:04:45","modified_gmt":"2020-12-23T23:04:45","slug":"politica-de-privacitat","status":"publish","type":"page","link":"https:\/\/centredentalcise.com\/fr\/politica-de-privacitat\/","title":{"rendered":"Politique de privacit\u00e9"},"content":{"rendered":"<p><\/p>\n<p style=\"text-align: justify;\"><strong>Cenprodent Ampurdan S.L.<\/strong>\u00a0s&rsquo;engage \u00e0 prot\u00e9ger la confidentialit\u00e9 des utilisateurs qui acc\u00e8dent \u00e0 ce site Web et \/ ou \u00e0 l&rsquo;un de ses services.<\/p>\n<p style=\"text-align: justify;\">L&rsquo;utilisation du site Web et\/ou de l&rsquo;un des services offerts par\u00a0<strong>Cenprodent Ampurdan S.L.<\/strong> implique l&rsquo;acceptation par l&rsquo;utilisateur des dispositions contenues dans la pr\u00e9sente politique de confidentialit\u00e9 et que leurs donn\u00e9es personnelles soient trait\u00e9es conform\u00e9ment aux dispositions de celle-ci. .<\/p>\n<p style=\"text-align: justify;\">Gardez \u00e0 l&rsquo;esprit que bien qu&rsquo;il puisse y avoir des liens de notre site Web vers d&rsquo;autres sites Web ou r\u00e9seaux sociaux, cette politique de confidentialit\u00e9 ne s&rsquo;applique pas aux sites Web d&rsquo;autres soci\u00e9t\u00e9s ou organisations vers lesquelles le site Web est redirig\u00e9.\u00a0<strong>Cenprodent Ampurdan S.L.<\/strong> ne contr\u00f4le pas le contenu des sites Web tiers et n&rsquo;accepte aucune responsabilit\u00e9 pour le contenu ou les politiques de confidentialit\u00e9 de ces sites Web.<\/p>\n<h4 style=\"text-align: center;\">Informations de base sur le traitement des donn\u00e9es (r\u00e8glement (UE) 2016\/679)<\/h4>\n<table style=\"height: 150px; width: 100%; border-collapse: collapse; background-color: #f1f2f3; border-style: solid; border-color: #e1e2e3;\" border=\"1\" cellpadding=\"1\">\n<tbody>\n<tr style=\"height: 24px;\">\n<td style=\"width: 28.6822%; height: 24px;\"><span style=\"font-size: 9pt;\"><strong>Responsable du traitement<\/strong><\/span><\/td>\n<td style=\"width: 71.1966%; height: 24px;\"><span style=\"font-size: 9pt;\"><strong>Cenprodent Ampurdan S.L.<\/strong><br \/>\nCIF: B58963703<br \/>\nAvinguda Montserrat Vayreda Trullol, 26. Tercera planta &#8211; Porta 32.\u00a0 17600 Figueres (Girona)<br \/>\n<a href=\"mailto:info@centredentalcise.com\">info@centredentalcise.com<\/a><\/span><\/td>\n<\/tr>\n<tr style=\"height: 24px;\">\n<td style=\"width: 28.6822%; height: 24px;\"><strong><span style=\"font-size: 9pt;\">But du traitement<\/span><\/strong><\/td>\n<td style=\"width: 71.1966%; height: 24px;\"><span style=\"font-size: 9pt;\">Offrir et g\u00e9rer nos services.<\/span><\/td>\n<\/tr>\n<tr style=\"height: 24px;\">\n<td style=\"width: 28.6822%; height: 10px;\"><span style=\"font-size: 9pt;\"><strong>L\u00e9gitimation<\/strong><\/span><\/td>\n<td style=\"width: 71.1966%; height: 10px;\"><span style=\"font-size: 9pt;\">Consentement obtenu de l&rsquo;int\u00e9ress\u00e9.<br \/>\n<\/span><span style=\"font-size: 9pt;\">Ex\u00e9cution du contrat de service.<\/span><\/td>\n<\/tr>\n<tr style=\"height: 24px;\">\n<td style=\"width: 28.6822%; height: 24px;\"><span style=\"font-size: 9pt;\"><strong>Destinataires<\/strong><\/span><\/td>\n<td style=\"width: 71.1966%; text-align: justify; height: 24px;\"><span style=\"font-size: 9pt;\">Les donn\u00e9es ne seront pas communiqu\u00e9es \u00e0 des tiers, sauf si requis par la loi ou n\u00e9cessaire pour atteindre l&rsquo;objectif du traitement.<\/span><\/td>\n<\/tr>\n<tr style=\"height: 24px;\">\n<td style=\"width: 28.6822%; height: 24px;\"><span style=\"font-size: 9pt;\"><strong>Droits du peuple<\/strong><\/span><\/td>\n<td style=\"width: 71.1966%; text-align: justify; height: 24px;\"><span style=\"font-size: 9pt;\">Les parties int\u00e9ress\u00e9es ont le droit d&rsquo;exercer les droits d&rsquo;acc\u00e8s, de rectification, de limitation de traitement, de suppression, de portabilit\u00e9 et d&rsquo;opposition, en envoyant leur demande \u00e0 notre adresse.<\/span><\/td>\n<\/tr>\n<tr style=\"height: 24px;\">\n<td style=\"width: 28.6822%; height: 24px;\"><span style=\"font-size: 9pt;\"><strong>P\u00e9riode de conservation des donn\u00e9es<\/strong><\/span><\/td>\n<td style=\"width: 71.1966%; text-align: justify; height: 24px;\"><span style=\"font-size: 9pt;\">Tant que la relation commerciale est maintenue ou pendant les ann\u00e9es n\u00e9cessaires au respect des obligations l\u00e9gales.<\/span><\/td>\n<\/tr>\n<tr style=\"height: 24px;\">\n<td style=\"width: 28.6822%; height: 24px;\"><span style=\"font-size: 9pt;\"><strong>R\u00e9clamation<\/strong><\/span><\/td>\n<td style=\"width: 71.1966%; text-align: justify; height: 24px;\"><span style=\"font-size: 9pt;\">Les personnes int\u00e9ress\u00e9es peuvent contacter l&rsquo;AEPD pour pr\u00e9senter la r\u00e9clamation qu&rsquo;elles jugent appropri\u00e9e.<\/span><\/td>\n<\/tr>\n<tr style=\"height: 24px;\">\n<td style=\"width: 28.6822%; height: 24px;\"><span style=\"font-size: 9pt;\"><strong>Information compl\u00e9mentaire<\/strong><\/span><\/td>\n<td style=\"width: 71.1966%; text-align: justify; height: 24px;\"><span style=\"font-size: 9pt;\">Vous pouvez consulter les informations suppl\u00e9mentaires et d\u00e9taill\u00e9es ci-dessous dans les \u00ab\u00a0Questions de confidentialit\u00e9\u00a0\u00bb.<\/span><\/td>\n<\/tr>\n<\/tbody>\n<\/table>\n<h3 style=\"text-align: center;\">Questions sur la confidentialit\u00e9<\/h3>\n<p style=\"text-align: justify;\">Conform\u00e9ment au r\u00e8glement (UE) 2016\/679 du Parlement europ\u00e9en et du Conseil du 27 avril 2016 (RGPD), nous vous proposons les informations suivantes sur le traitement de vos donn\u00e9es personnelles:<\/p>\n<h4>Qui est responsable du traitement de vos donn\u00e9es?<\/h4>\n<p>Identit\u00e9: <strong>Cenprodent Ampurdan S.L.<\/strong><br \/>\nCIF: <strong>B58963703<\/strong><br \/>\nAdresse: <strong>Avinguda Montserrat Vayreda Trullol, 26. Tercera planta &#8211; Porta 32.\u00a0 17600 Figueres (Girona)<\/strong><br \/>\nT\u00e9l\u00e9phone: <strong>972 67 16 05<\/strong><br \/>\nEmail: <a href=\"mailto:info@centredentalcise.com\"><strong>info@centredentalcise.com<\/strong><\/a><\/p>\n<h4>Dans quel but traitons-nous vos donn\u00e9es personnelles?<\/h4>\n<ul>\n<li>Nous traitons les informations qui nous sont fournies pour g\u00e9rer nos services.<\/li>\n<li>Dans le cas o\u00f9 vous nous contactez via le formulaire de contact sur notre site, nous les traiterons pour g\u00e9rer votre requ\u00eate.<\/li>\n<li>Si vous nous donnez votre consentement, nous pouvons \u00e9galement traiter vos donn\u00e9es pour vous envoyer des informations sur nos activit\u00e9s, produits ou services.<\/li>\n<li>Lorsque vous acc\u00e9dez \u00e0 nos installations, votre image peut \u00eatre enregistr\u00e9e par des cam\u00e9ras de surveillance vid\u00e9o \u00e0 des fins de contr\u00f4le de s\u00e9curit\u00e9.<\/li>\n<li>Si vous nous envoyez un CV, nous traiterons les donn\u00e9es afin de g\u00e9rer la base de CV pour la s\u00e9lection du personnel.<\/li>\n<\/ul>\n<h4>Combien de temps conserverons-nous vos donn\u00e9es?<\/h4>\n<ul>\n<li>Les donn\u00e9es personnelles fournies seront conserv\u00e9es tant que vous \u00eates un utilisateur de nos services ou souhaitez recevoir des informations, puis pendant les p\u00e9riodes \u00e9tablies pour se conformer \u00e0 nos obligations l\u00e9gales.<\/li>\n<li>Les images captur\u00e9es par le syst\u00e8me de vid\u00e9osurveillance seront conserv\u00e9es pendant un mois.<\/li>\n<li>En cas de CV, les donn\u00e9es seront conserv\u00e9es pendant un an.<\/li>\n<\/ul>\n<h4>Quelle est la l\u00e9gitimit\u00e9 du traitement de vos donn\u00e9es?<\/h4>\n<ul>\n<li>La l\u00e9gitimit\u00e9 \u00e0 les traiter se trouve dans l&rsquo;ex\u00e9cution du contrat de service et dans les consentements qu&rsquo;il nous donne.<\/li>\n<li>En ce qui concerne les informations envoy\u00e9es par des mineurs de moins de 16 ans, il sera indispensable de les faire avec le consentement des parents, du tuteur ou du repr\u00e9sentant l\u00e9gal du mineur afin que les donn\u00e9es personnelles puissent \u00eatre trait\u00e9es. Sinon, le repr\u00e9sentant l\u00e9gal du mineur nous avisera d\u00e8s qu&rsquo;il sera connu.<\/li>\n<\/ul>\n<h4>\u00c0 quels destinataires vos donn\u00e9es seront-elles communiqu\u00e9es?<\/h4>\n<p style=\"text-align: justify;\">Les donn\u00e9es ne seront pas communiqu\u00e9es \u00e0 des tiers, sauf si requis par la loi ou n\u00e9cessaire pour atteindre l&rsquo;objectif du traitement.<\/p>\n<p>Quels sont vos droits lorsque vous nous fournissez vos donn\u00e9es?<\/p>\n<ul>\n<li>Toute personne a le droit d&rsquo;obtenir une confirmation si nous traitons ou non ses donn\u00e9es personnelles.<\/li>\n<li>Les parties int\u00e9ress\u00e9es ont le droit d&rsquo;acc\u00e9der \u00e0 leurs donn\u00e9es personnelles, ainsi que de demander la rectification de donn\u00e9es inexactes ou, le cas \u00e9ch\u00e9ant, de demander leur suppression lorsque, entre autres raisons, les donn\u00e9es ne sont plus n\u00e9cessaires aux fins pour lesquelles elles ont \u00e9t\u00e9 collect\u00e9es.<\/li>\n<li>Dans certaines circonstances, les parties int\u00e9ress\u00e9es peuvent demander la limitation du traitement de leurs donn\u00e9es, dans ce cas, nous ne les conserverons que pour l&rsquo;exercice ou la d\u00e9fense de r\u00e9clamations.<\/li>\n<li>De plus, dans certaines circonstances et pour des raisons li\u00e9es \u00e0 leur situation particuli\u00e8re, les parties int\u00e9ress\u00e9es peuvent s&rsquo;opposer au traitement de leurs donn\u00e9es. Dans ce cas, nous arr\u00eaterons le traitement des donn\u00e9es, sauf pour des raisons l\u00e9gitimes imp\u00e9rieuses ou pour l&rsquo;exercice ou la d\u00e9fense d&rsquo;\u00e9ventuelles r\u00e9clamations.<\/li>\n<li>Les personnes concern\u00e9es ont \u00e9galement droit \u00e0 la portabilit\u00e9 de leurs donn\u00e9es.<\/li>\n<li>Enfin, les parties int\u00e9ress\u00e9es ont le droit de d\u00e9poser une r\u00e9clamation aupr\u00e8s de l&rsquo;autorit\u00e9 de contr\u00f4le comp\u00e9tente.<\/li>\n<\/ul>\n<h4>Comment pouvez-vous exercer vos droits?<\/h4>\n<p style=\"text-align: justify;\">Envoi d&rsquo;une lettre en joignant une copie d&rsquo;un document qui vous identifie, \u00e0 notre adresse physique ou \u00e9lectronique.<\/p>\n<h4>Comment avons-nous obtenu vos donn\u00e9es?<\/h4>\n<p style=\"text-align: justify;\">Les donn\u00e9es personnelles que nous traitons proviennent de la partie int\u00e9ress\u00e9e. L&rsquo;int\u00e9ress\u00e9 garantit la v\u00e9racit\u00e9 des donn\u00e9es personnelles fournies et est responsable de la communication de toute modification de celles-ci. Les donn\u00e9es marqu\u00e9es d&rsquo;un ast\u00e9risque seront obligatoires afin de vous fournir le service demand\u00e9.<\/p>\n<h4>Quelles donn\u00e9es traitons-nous?<\/h4>\n<p>Les cat\u00e9gories de donn\u00e9es que nous pouvons traiter dans la prestation de nos services sont:<\/p>\n<ul>\n<li>Donn\u00e9es d&rsquo;identification.<\/li>\n<li>Adresses postales ou \u00e9lectroniques.<\/li>\n<\/ul>\n<p style=\"text-align: justify;\">Les donn\u00e9es sont limit\u00e9es, car nous ne traitons que les donn\u00e9es n\u00e9cessaires \u00e0 la prestation de nos services et \u00e0 la gestion de notre activit\u00e9.<\/p>\n<h4>Utilisons-nous des cookies?<\/h4>\n<p>Nous utilisons des cookies lors de la navigation sur notre site Web avec le consentement de l&rsquo;utilisateur.<\/p>\n<p>L&rsquo;utilisateur peut configurer son navigateur pour \u00eatre averti de l&rsquo;utilisation des cookies et \u00e9viter leur utilisation. Veuillez consulter notre <a href=\"https:\/\/www.centredentalcise.com\/politica-de-cookies\/\"><strong>politique en mati\u00e8re de cookies<\/strong><\/a>.<\/p>\n<h4>Quelles mesures de s\u00e9curit\u00e9 appliquons-nous?<\/h4>\n<p>Nous appliquons les mesures de s\u00e9curit\u00e9 \u00e9tablies \u00e0 l&rsquo;article 32 du RGPD, par cons\u00e9quent, nous avons adopt\u00e9 les mesures de s\u00e9curit\u00e9 n\u00e9cessaires pour garantir un niveau de s\u00e9curit\u00e9 adapt\u00e9 au risque de traitement des donn\u00e9es que nous effectuons, avec des m\u00e9canismes qui nous permettent de garantir la confidentialit\u00e9, l&rsquo;int\u00e9grit\u00e9, disponibilit\u00e9 permanente et r\u00e9silience des syst\u00e8mes et services de traitement.<\/p>\n<h4>Certaines de ces mesures sont:<\/h4>\n<ul>\n<li>Informations sur les politiques de traitement des donn\u00e9es pour le personnel.<\/li>\n<li>Sauvegardes r\u00e9guli\u00e8res.<\/li>\n<li>Contr\u00f4le d&rsquo;acc\u00e8s aux donn\u00e9es.<\/li>\n<li>Processus de v\u00e9rification, d&rsquo;\u00e9valuation et d&rsquo;\u00e9valuation r\u00e9guliers.<\/li>\n<\/ul>\n<p><\/p>","protected":false},"excerpt":{"rendered":"<p>Cenprodent Ampurdan S.L.\u00a0s&rsquo;engage \u00e0 prot\u00e9ger la confidentialit\u00e9 des utilisateurs qui acc\u00e8dent \u00e0 ce site Web et \/ ou \u00e0 l&rsquo;un de ses services. L&rsquo;utilisation du site Web et\/ou de l&rsquo;un des services offerts par\u00a0Cenprodent Ampurdan S.L. implique l&rsquo;acceptation par l&rsquo;utilisateur des dispositions contenues dans la pr\u00e9sente politique de confidentialit\u00e9 et que leurs donn\u00e9es personnelles soient<br \/><a class=\"moretag\" href=\"https:\/\/centredentalcise.com\/fr\/politica-de-privacitat\/\">+ Read More<\/a><\/p>\n","protected":false},"author":1,"featured_media":2016,"parent":0,"menu_order":0,"comment_status":"closed","ping_status":"closed","template":"","meta":{"footnotes":""},"class_list":["post-552","page","type-page","status-publish","has-post-thumbnail","hentry"],"_links":{"self":[{"href":"https:\/\/centredentalcise.com\/fr\/wp-json\/wp\/v2\/pages\/552","targetHints":{"allow":["GET"]}}],"collection":[{"href":"https:\/\/centredentalcise.com\/fr\/wp-json\/wp\/v2\/pages"}],"about":[{"href":"https:\/\/centredentalcise.com\/fr\/wp-json\/wp\/v2\/types\/page"}],"author":[{"embeddable":true,"href":"https:\/\/centredentalcise.com\/fr\/wp-json\/wp\/v2\/users\/1"}],"replies":[{"embeddable":true,"href":"https:\/\/centredentalcise.com\/fr\/wp-json\/wp\/v2\/comments?post=552"}],"version-history":[{"count":0,"href":"https:\/\/centredentalcise.com\/fr\/wp-json\/wp\/v2\/pages\/552\/revisions"}],"wp:featuredmedia":[{"embeddable":true,"href":"https:\/\/centredentalcise.com\/fr\/wp-json\/wp\/v2\/media\/2016"}],"wp:attachment":[{"href":"https:\/\/centredentalcise.com\/fr\/wp-json\/wp\/v2\/media?parent=552"}],"curies":[{"name":"wp","href":"https:\/\/api.w.org\/{rel}","templated":true}]}}