{"id":48,"date":"2016-03-09T15:17:00","date_gmt":"2016-03-09T15:17:00","guid":{"rendered":"http:\/\/www.centredentalcise.com\/info\/?page_id=48"},"modified":"2023-05-17T22:52:12","modified_gmt":"2023-05-17T20:52:12","slug":"contacte","status":"publish","type":"page","link":"https:\/\/centredentalcise.com\/fr\/contacte\/","title":{"rendered":"Contact"},"content":{"rendered":"\t\t<div data-elementor-type=\"wp-page\" data-elementor-id=\"48\" class=\"elementor elementor-48\" data-elementor-post-type=\"page\">\n\t\t\t\t\t\t<section class=\"elementor-section elementor-top-section elementor-element elementor-element-4928d882 elementor-section-full_width elementor-section-height-default elementor-section-height-default\" data-id=\"4928d882\" data-element_type=\"section\" data-e-type=\"section\">\n\t\t\t\t\t\t<div class=\"elementor-container elementor-column-gap-no\">\n\t\t\t\t\t<div class=\"elementor-column elementor-col-100 elementor-top-column elementor-element elementor-element-3453eaf3\" data-id=\"3453eaf3\" data-element_type=\"column\" data-e-type=\"column\">\n\t\t\t<div class=\"elementor-widget-wrap elementor-element-populated\">\n\t\t\t\t\t\t<div class=\"elementor-element elementor-element-5451737 elementor-widget elementor-widget-heading\" data-id=\"5451737\" data-element_type=\"widget\" data-e-type=\"widget\" data-widget_type=\"heading.default\">\n\t\t\t\t<div class=\"elementor-widget-container\">\n\t\t\t\t\t<h2 class=\"elementor-heading-title elementor-size-default\">O\u00f9 sommes-nous?<\/h2>\t\t\t\t<\/div>\n\t\t\t\t<\/div>\n\t\t\t\t<div class=\"elementor-element elementor-element-b85b049 elementor-icon-list--layout-inline elementor-align-center elementor-list-item-link-full_width elementor-widget elementor-widget-icon-list\" data-id=\"b85b049\" data-element_type=\"widget\" data-e-type=\"widget\" data-widget_type=\"icon-list.default\">\n\t\t\t\t<div class=\"elementor-widget-container\">\n\t\t\t\t\t\t\t<ul class=\"elementor-icon-list-items elementor-inline-items\">\n\t\t\t\t\t\t\t<li class=\"elementor-icon-list-item elementor-inline-item\">\n\t\t\t\t\t\t\t\t\t\t\t<a href=\"http:\/\/Avinguda%20Montserrat%20Vayreda%20Trullol,%2026%20-\u00a0Tercera%20planta%20-%20Porta%2032%20-%20Figueres\" target=\"_blank\">\n\n\t\t\t\t\t\t\t\t\t\t\t\t<span class=\"elementor-icon-list-icon\">\n\t\t\t\t\t\t\t<i aria-hidden=\"true\" class=\"fas fa-map-marker-alt\"><\/i>\t\t\t\t\t\t<\/span>\n\t\t\t\t\t\t\t\t\t\t<span class=\"elementor-icon-list-text\">Avinguda Montserrat Vayreda Trullol, 26 -\u00a0Tercera planta - Porta 32 - Figueres<\/span>\n\t\t\t\t\t\t\t\t\t\t\t<\/a>\n\t\t\t\t\t\t\t\t\t<\/li>\n\t\t\t\t\t\t<\/ul>\n\t\t\t\t\t\t<\/div>\n\t\t\t\t<\/div>\n\t\t\t\t<div class=\"elementor-element elementor-element-298c38a elementor-widget elementor-widget-google_maps\" data-id=\"298c38a\" data-element_type=\"widget\" data-e-type=\"widget\" data-widget_type=\"google_maps.default\">\n\t\t\t\t<div class=\"elementor-widget-container\">\n\t\t\t\t\t\t\t<div class=\"elementor-custom-embed\">\n\t\t\t<iframe loading=\"lazy\"\n\t\t\t\t\tsrc=\"https:\/\/maps.google.com\/maps?q=Centre%20dental%20cise&#038;t=m&#038;z=14&#038;output=embed&#038;iwloc=near\"\n\t\t\t\t\ttitle=\"Centre dental cise\"\n\t\t\t\t\taria-label=\"Centre dental cise\"\n\t\t\t><\/iframe>\n\t\t<\/div>\n\t\t\t\t\t\t<\/div>\n\t\t\t\t<\/div>\n\t\t\t\t<div class=\"elementor-element elementor-element-4bd6342 elementor-widget elementor-widget-heading\" data-id=\"4bd6342\" data-element_type=\"widget\" data-e-type=\"widget\" data-widget_type=\"heading.default\">\n\t\t\t\t<div class=\"elementor-widget-container\">\n\t\t\t\t\t<h2 class=\"elementor-heading-title elementor-size-default\">Comment pouvons-nous vous aider?<\/h2>\t\t\t\t<\/div>\n\t\t\t\t<\/div>\n\t\t\t\t<div class=\"elementor-element elementor-element-30d4e278 elementor-widget elementor-widget-text-editor\" data-id=\"30d4e278\" data-element_type=\"widget\" data-e-type=\"widget\" data-widget_type=\"text-editor.default\">\n\t\t\t\t<div class=\"elementor-widget-container\">\n\t\t\t\t\t\t\t\t\t<p style=\"text-align: justify;\">Si vous avez des questions, si vous avez besoin d&rsquo;informations ou des pr\u00e9cisions sur nos services &#8230;<br \/>Contactez <strong>Centre Dental Cise<\/strong>. Nous nous engageons \u00e0 r\u00e9pondre le plus rapidement possible.<\/p>\t\t\t\t\t\t\t\t<\/div>\n\t\t\t\t<\/div>\n\t\t\t\t<div class=\"elementor-element elementor-element-4bd6a09 elementor-widget elementor-widget-text-editor\" data-id=\"4bd6a09\" data-element_type=\"widget\" data-e-type=\"widget\" data-widget_type=\"text-editor.default\">\n\t\t\t\t<div class=\"elementor-widget-container\">\n\t\t\t\t\t\t\t\t\t<p><\/p><ul><li style=\"text-align: justify;\">Par t\u00e9l\u00e9phone\u00a0<a href=\"tel:972671605\"> (+34)<strong>972671605<\/strong><\/a> &#8211; <a href=\"tel:683126374\"> (+34)<strong>683126374<\/strong><\/a><\/li><li style=\"text-align: justify;\">Par courrier \u00e9lectronique: <strong><a href=\"mailto:info@centredentalcise.com\">info@centredentalcise.com<\/a><\/strong><\/li><li style=\"text-align: justify;\">Ou par le formulaire suivant:<\/li><\/ul><p><\/p>\t\t\t\t\t\t\t\t<\/div>\n\t\t\t\t<\/div>\n\t\t\t\t<div class=\"elementor-element elementor-element-8e2caa5 elementor-button-align-start elementor-widget elementor-widget-form\" data-id=\"8e2caa5\" data-element_type=\"widget\" data-e-type=\"widget\" data-settings=\"{&quot;step_next_label&quot;:&quot;Next&quot;,&quot;step_previous_label&quot;:&quot;Previous&quot;,&quot;button_width&quot;:&quot;100&quot;,&quot;step_type&quot;:&quot;number_text&quot;,&quot;step_icon_shape&quot;:&quot;circle&quot;}\" data-widget_type=\"form.default\">\n\t\t\t\t<div class=\"elementor-widget-container\">\n\t\t\t\t\t\t\t<form class=\"elementor-form\" method=\"post\" name=\"Contacte\" aria-label=\"Contacte\">\n\t\t\t<input type=\"hidden\" name=\"post_id\" value=\"48\"\/>\n\t\t\t<input type=\"hidden\" name=\"form_id\" value=\"8e2caa5\"\/>\n\t\t\t<input type=\"hidden\" name=\"referer_title\" value=\"Contact\" \/>\n\n\t\t\t\t\t\t\t<input type=\"hidden\" name=\"queried_id\" value=\"48\"\/>\n\t\t\t\n\t\t\t<div class=\"elementor-form-fields-wrapper elementor-labels-\">\n\t\t\t\t\t\t\t\t<div class=\"elementor-field-type-text elementor-field-group elementor-column elementor-field-group-name elementor-col-50 elementor-field-required\">\n\t\t\t\t\t\t\t\t\t\t\t\t<label for=\"form-field-name\" class=\"elementor-field-label elementor-screen-only\">\n\t\t\t\t\t\t\t\tNom\t\t\t\t\t\t\t<\/label>\n\t\t\t\t\t\t\t\t\t\t\t\t\t\t<input size=\"1\" type=\"text\" name=\"form_fields[name]\" id=\"form-field-name\" class=\"elementor-field elementor-size-md  elementor-field-textual\" placeholder=\"Nom\" required=\"required\">\n\t\t\t\t\t\t\t\t\t\t\t<\/div>\n\t\t\t\t\t\t\t\t<div class=\"elementor-field-type-email elementor-field-group elementor-column elementor-field-group-email elementor-col-50 elementor-field-required\">\n\t\t\t\t\t\t\t\t\t\t\t\t<label for=\"form-field-email\" class=\"elementor-field-label elementor-screen-only\">\n\t\t\t\t\t\t\t\tCourrier \u00e9lectronique\t\t\t\t\t\t\t<\/label>\n\t\t\t\t\t\t\t\t\t\t\t\t\t\t<input size=\"1\" type=\"email\" name=\"form_fields[email]\" id=\"form-field-email\" class=\"elementor-field elementor-size-md  elementor-field-textual\" placeholder=\"Courrier \u00e9lectronique\" required=\"required\">\n\t\t\t\t\t\t\t\t\t\t\t<\/div>\n\t\t\t\t\t\t\t\t<div class=\"elementor-field-type-textarea elementor-field-group elementor-column elementor-field-group-message elementor-col-100 elementor-field-required\">\n\t\t\t\t\t\t\t\t\t\t\t\t<label for=\"form-field-message\" class=\"elementor-field-label elementor-screen-only\">\n\t\t\t\t\t\t\t\tMessage\t\t\t\t\t\t\t<\/label>\n\t\t\t\t\t\t<textarea class=\"elementor-field-textual elementor-field  elementor-size-md\" name=\"form_fields[message]\" id=\"form-field-message\" rows=\"4\" placeholder=\"Message\" required=\"required\"><\/textarea>\t\t\t\t<\/div>\n\t\t\t\t\t\t\t\t<div class=\"elementor-field-type-text\">\n\t\t\t\t\t<input size=\"1\" type=\"text\" name=\"form_fields[field_2890d80]\" id=\"form-field-field_2890d80\" class=\"elementor-field elementor-size-md \" style=\"display:none !important;\">\t\t\t\t<\/div>\n\t\t\t\t\t\t\t\t<div class=\"elementor-field-type-acceptance elementor-field-group elementor-column elementor-field-group-field_e0a8ac7 elementor-col-100 elementor-field-required\">\n\t\t\t\t\t\t\t\t\t\t\t\t<label for=\"form-field-field_e0a8ac7\" class=\"elementor-field-label elementor-screen-only\">\n\t\t\t\t\t\t\t\tTermes i condicions\t\t\t\t\t\t\t<\/label>\n\t\t\t\t\t\t\t\t<div class=\"elementor-field-subgroup\">\n\t\t\t<span class=\"elementor-field-option\">\n\t\t\t\t<input type=\"checkbox\" name=\"form_fields[field_e0a8ac7]\" id=\"form-field-field_e0a8ac7\" class=\"elementor-field elementor-size-md  elementor-acceptance-field\" required=\"required\">\n\t\t\t\t<label for=\"form-field-field_e0a8ac7\">J'ai lu et j'accepte les termes et conditions de <a href=https:\/\/www.centredentalcise.com\/politica-de-privacitat\/ target='_blank'><em>Protection des donn\u00e9eset politique de privacit\u00e9.<\/em><\/a><\/label>\t\t\t<\/span>\n\t\t<\/div>\n\t\t\t\t\t\t<\/div>\n\t\t\t\t\t\t\t\t<div class=\"elementor-field-type-acceptance elementor-field-group elementor-column elementor-field-group-field_ecaf849 elementor-col-100\">\n\t\t\t\t\t\t\t\t\t\t\t\t<label for=\"form-field-field_ecaf849\" class=\"elementor-field-label elementor-screen-only\">\n\t\t\t\t\t\t\t\tAutoritzo\t\t\t\t\t\t\t<\/label>\n\t\t\t\t\t\t\t\t<div class=\"elementor-field-subgroup\">\n\t\t\t<span class=\"elementor-field-option\">\n\t\t\t\t<input type=\"checkbox\" name=\"form_fields[field_ecaf849]\" id=\"form-field-field_ecaf849\" class=\"elementor-field elementor-size-md  elementor-acceptance-field\">\n\t\t\t\t<label for=\"form-field-field_ecaf849\">J'autorise le traitement de mes donn\u00e9es afin de recevoir des informations par voie \u00e9lectronique.<\/label>\t\t\t<\/span>\n\t\t<\/div>\n\t\t\t\t\t\t<\/div>\n\t\t\t\t\t\t\t\t<div class=\"elementor-field-type-html elementor-field-group elementor-column elementor-field-group-field_61d669c elementor-col-100\">\n\t\t\t\t\t\t\t<div data-elementor-type=\"section\" data-elementor-id=\"4571\" class=\"elementor elementor-4571\" data-elementor-post-type=\"elementor_library\">\n\t\t\t\t\t<section class=\"elementor-section elementor-top-section elementor-element elementor-element-6f0090bd elementor-section-full_width elementor-section-height-default elementor-section-height-default\" data-id=\"6f0090bd\" data-element_type=\"section\" data-e-type=\"section\">\n\t\t\t\t\t\t<div class=\"elementor-container elementor-column-gap-no\">\n\t\t\t\t\t<div class=\"elementor-column elementor-col-100 elementor-top-column elementor-element elementor-element-34ace411\" data-id=\"34ace411\" data-element_type=\"column\" data-e-type=\"column\">\n\t\t\t<div class=\"elementor-widget-wrap elementor-element-populated\">\n\t\t\t\t\t\t<div class=\"elementor-element elementor-element-54422205 elementor-widget elementor-widget-eael-adv-accordion\" data-id=\"54422205\" data-element_type=\"widget\" data-e-type=\"widget\" data-widget_type=\"eael-adv-accordion.default\">\n\t\t\t\t<div class=\"elementor-widget-container\">\n\t\t\t\t\t            <div class=\"eael-adv-accordion\" id=\"eael-adv-accordion-54422205\" data-scroll-on-click=\"no\" data-scroll-speed=\"300\" data-accordion-id=\"54422205\" data-accordion-type=\"accordion\" data-toogle-speed=\"300\">\n            <div class=\"eael-accordion-list\">\n\t\t\t\t\t<div id=\"-informations-de-base-sur-le-traitement-des-donnes-rglement-ue-2016679\" class=\"elementor-tab-title eael-accordion-header\" tabindex=\"0\" data-tab=\"1\" aria-controls=\"elementor-tab-content-1411\"><span class=\"eael-accordion-tab-title\"> Informations de base sur le traitement des donn\u00e9es - R\u00e8glement (UE) 2016\/679<\/span><i aria-hidden=\"true\" class=\"fa-toggle fas fa-angle-right\"><\/i><\/div><div id=\"elementor-tab-content-1411\" class=\"eael-accordion-content clearfix\" data-tab=\"1\" aria-labelledby=\"-informations-de-base-sur-le-traitement-des-donnes-rglement-ue-2016679\"><p style=\"text-align: justify\"><strong>Centre Dental Cise<\/strong> vous informe que les donn\u00e9es personnelles que vous nous fournissez en remplissant ce formulaire seront trait\u00e9es par cette entreprise comme derni\u00e8re responsable de ce web | Le but de la collecte et du traitement des donn\u00e9es personnelles que nous vous demandons est de vous adresser nos publications, promotions de produits et\/ou services et ressources exclusives | En cochant la case d\u00b4acceptation, vous donnez votre consentement l\u00e9gitime pour que vos donn\u00e9es soient trait\u00e9es selon les objectifs de ce formulaire d\u00e9crits dans la <a href=\"https:\/\/www.centredentalcise.com\/politica-de-privacitat\/\" target=\"_blank\" rel=\"noopener\"><strong>politique de confidentialit\u00e9<\/strong><\/a> | Vous pouvez exercer vos droits d\u00b4acc\u00e8s, de rectification, de limitation et de suppression des donn\u00e9es sur <strong><a href=\"mailto:info@centredentalcise.com\">info@centredentalcise.com<\/a><\/strong>. | Vous pouvez consulter les informations suppl\u00e9mentaires et d\u00e9taill\u00e9es sur la Protection des Donn\u00e9es dans notre <strong><a href=\"https:\/\/www.centredentalcise.com\/politica-de-privacitat\/\" target=\"_blank\" rel=\"noopener\">politique de confidentialit\u00e9<\/a>.<\/strong><\/p><\/div>\n\t\t\t\t\t<\/div><\/div>\t\t\t\t<\/div>\n\t\t\t\t<\/div>\n\t\t\t\t\t<\/div>\n\t\t<\/div>\n\t\t\t\t\t<\/div>\n\t\t<\/section>\n\t\t\t\t<\/div>\n\t\t\t\t\t\t<\/div>\n\t\t\t\t\t\t\t\t<div class=\"elementor-field-group elementor-column elementor-field-type-submit elementor-col-100 e-form__buttons\">\n\t\t\t\t\t<button class=\"elementor-button elementor-size-xs\" type=\"submit\">\n\t\t\t\t\t\t<span class=\"elementor-button-content-wrapper\">\n\t\t\t\t\t\t\t\t\t\t\t\t\t\t\t\t\t\t\t\t\t\t<span class=\"elementor-button-text\">ENVOYER<\/span>\n\t\t\t\t\t\t\t\t\t\t\t\t\t<\/span>\n\t\t\t\t\t<\/button>\n\t\t\t\t<\/div>\n\t\t\t<\/div>\n\t\t<\/form>\n\t\t\t\t\t\t<\/div>\n\t\t\t\t<\/div>\n\t\t\t\t\t<\/div>\n\t\t<\/div>\n\t\t\t\t\t<\/div>\n\t\t<\/section>\n\t\t\t\t<\/div>\n\t\t","protected":false},"excerpt":{"rendered":"<p>O\u00f9 sommes-nous? Avinguda Montserrat Vayreda Trullol, 26 &#8211;\u00a0Tercera planta &#8211; Porta 32 &#8211; Figueres Comment pouvons-nous vous aider? Si vous avez des questions, si vous avez besoin d&rsquo;informations ou des pr\u00e9cisions sur nos services &#8230;Contactez Centre Dental Cise. Nous nous engageons \u00e0 r\u00e9pondre le plus rapidement possible. Par t\u00e9l\u00e9phone\u00a0 (+34)972671605 &#8211; (+34)683126374 Par courrier \u00e9lectronique:<br \/><a class=\"moretag\" href=\"https:\/\/centredentalcise.com\/fr\/contacte\/\">+ Read More<\/a><\/p>\n","protected":false},"author":1,"featured_media":1953,"parent":0,"menu_order":0,"comment_status":"closed","ping_status":"closed","template":"","meta":{"footnotes":""},"class_list":["post-48","page","type-page","status-publish","has-post-thumbnail","hentry"],"_links":{"self":[{"href":"https:\/\/centredentalcise.com\/fr\/wp-json\/wp\/v2\/pages\/48","targetHints":{"allow":["GET"]}}],"collection":[{"href":"https:\/\/centredentalcise.com\/fr\/wp-json\/wp\/v2\/pages"}],"about":[{"href":"https:\/\/centredentalcise.com\/fr\/wp-json\/wp\/v2\/types\/page"}],"author":[{"embeddable":true,"href":"https:\/\/centredentalcise.com\/fr\/wp-json\/wp\/v2\/users\/1"}],"replies":[{"embeddable":true,"href":"https:\/\/centredentalcise.com\/fr\/wp-json\/wp\/v2\/comments?post=48"}],"version-history":[{"count":0,"href":"https:\/\/centredentalcise.com\/fr\/wp-json\/wp\/v2\/pages\/48\/revisions"}],"wp:featuredmedia":[{"embeddable":true,"href":"https:\/\/centredentalcise.com\/fr\/wp-json\/wp\/v2\/media\/1953"}],"wp:attachment":[{"href":"https:\/\/centredentalcise.com\/fr\/wp-json\/wp\/v2\/media?parent=48"}],"curies":[{"name":"wp","href":"https:\/\/api.w.org\/{rel}","templated":true}]}}