{"id":46,"date":"2016-03-09T15:16:23","date_gmt":"2016-03-09T15:16:23","guid":{"rendered":"http:\/\/www.centredentalcise.com\/info\/?page_id=46"},"modified":"2021-11-19T11:20:54","modified_gmt":"2021-11-19T10:20:54","slug":"cura-infantil","status":"publish","type":"page","link":"https:\/\/centredentalcise.com\/fr\/cura-infantil\/","title":{"rendered":"Soins aux enfants"},"content":{"rendered":"<p><\/p>\n<p style=\"text-align: justify;\">Les plus petits sont cens\u00e9s se rendre chez le dentiste aussi souvent que les adultes. La plupart des odontop\u00e9diatres pensent que les soins dentaires aux enfants doivent commencer vers la premi\u00e8re ann\u00e9e de vie, avec un examen dentaire deux fois par an pour la plupart d\u2019entre eux, m\u00eame si quelques enfants peuvent avoir besoin d\u2019examens et soins plus fr\u00e9quents.<\/p>\n<p style=\"text-align: justify;\">Il est important de soigner la bouche des enfants depuis le plus jeune \u00e2ge. Voici les soins les plus simples :<\/p>\n<ul>\n<li style=\"text-align: justify;\">Leur laver les dents de lait tous les jours. Lorsqu\u2019ils sont tout petits avec une serviette de toilette propre et humide. Plus tard, une fois que les dents de lait sont plus grandes, avec une brosse \u00e0 dents pour enfants.<\/li>\n<li style=\"text-align: justify;\">Pas de dentifrice pour les moins de deux ans, que de l\u2019eau.<\/li>\n<li style=\"text-align: justify;\">Evitez que l\u2019enfant s\u2019endorme avec le biberon dans la bouche, \u00e7a peut causer la \u201ccaries du biberon\u201d.<\/li>\n<li style=\"text-align: justify;\">Habituer les enfants plus grands \u00e0 une nourriture basse en sucre et \u00e9viter de leur donner des bonbons collants.<\/li>\n<li style=\"text-align: justify;\">Leur apprendre \u00e0 se brosser les dents et l\u2019importance de les garder propres.<\/li>\n<\/ul>\n<p><img fetchpriority=\"high\" decoding=\"async\" class=\"aligncenter wp-image-438 size-full\" src=\"https:\/\/www.centredentalcise.com\/wp-content\/uploads\/2016\/03\/Cura-infantil.jpg\" alt=\"Cura infantil | Centre Dental Cise\" width=\"1000\" height=\"667\" srcset=\"https:\/\/centredentalcise.com\/wp-content\/uploads\/2016\/03\/Cura-infantil.jpg 1000w, https:\/\/centredentalcise.com\/wp-content\/uploads\/2016\/03\/Cura-infantil-300x200.jpg 300w, https:\/\/centredentalcise.com\/wp-content\/uploads\/2016\/03\/Cura-infantil-768x512.jpg 768w\" sizes=\"(max-width: 1000px) 100vw, 1000px\" \/><\/p>","protected":false},"excerpt":{"rendered":"<p>Les plus petits sont cens\u00e9s se rendre chez le dentiste aussi souvent que les adultes. La plupart des odontop\u00e9diatres pensent que les soins dentaires aux enfants doivent commencer vers la premi\u00e8re ann\u00e9e de vie, avec un examen dentaire deux fois par an pour la plupart d\u2019entre eux, m\u00eame si quelques enfants peuvent avoir besoin d\u2019examens<br \/><a class=\"moretag\" href=\"https:\/\/centredentalcise.com\/fr\/cura-infantil\/\">+ Read More<\/a><\/p>\n","protected":false},"author":1,"featured_media":1946,"parent":0,"menu_order":0,"comment_status":"closed","ping_status":"closed","template":"","meta":{"footnotes":""},"class_list":["post-46","page","type-page","status-publish","has-post-thumbnail","hentry"],"_links":{"self":[{"href":"https:\/\/centredentalcise.com\/fr\/wp-json\/wp\/v2\/pages\/46","targetHints":{"allow":["GET"]}}],"collection":[{"href":"https:\/\/centredentalcise.com\/fr\/wp-json\/wp\/v2\/pages"}],"about":[{"href":"https:\/\/centredentalcise.com\/fr\/wp-json\/wp\/v2\/types\/page"}],"author":[{"embeddable":true,"href":"https:\/\/centredentalcise.com\/fr\/wp-json\/wp\/v2\/users\/1"}],"replies":[{"embeddable":true,"href":"https:\/\/centredentalcise.com\/fr\/wp-json\/wp\/v2\/comments?post=46"}],"version-history":[{"count":0,"href":"https:\/\/centredentalcise.com\/fr\/wp-json\/wp\/v2\/pages\/46\/revisions"}],"wp:featuredmedia":[{"embeddable":true,"href":"https:\/\/centredentalcise.com\/fr\/wp-json\/wp\/v2\/media\/1946"}],"wp:attachment":[{"href":"https:\/\/centredentalcise.com\/fr\/wp-json\/wp\/v2\/media?parent=46"}],"curies":[{"name":"wp","href":"https:\/\/api.w.org\/{rel}","templated":true}]}}