{"id":44,"date":"2016-03-09T15:16:03","date_gmt":"2016-03-09T15:16:03","guid":{"rendered":"http:\/\/www.centredentalcise.com\/info\/?page_id=44"},"modified":"2023-05-17T17:14:23","modified_gmt":"2023-05-17T15:14:23","slug":"recomanacions","status":"publish","type":"page","link":"https:\/\/centredentalcise.com\/fr\/recomanacions\/","title":{"rendered":"Recommendations"},"content":{"rendered":"\t\t<div data-elementor-type=\"wp-page\" data-elementor-id=\"44\" class=\"elementor elementor-44\" data-elementor-post-type=\"page\">\n\t\t\t\t\t\t<section class=\"elementor-section elementor-top-section elementor-element elementor-element-62d1067d elementor-section-full_width elementor-section-height-default elementor-section-height-default\" data-id=\"62d1067d\" data-element_type=\"section\" data-e-type=\"section\">\n\t\t\t\t\t\t<div class=\"elementor-container elementor-column-gap-no\">\n\t\t\t\t\t<div class=\"elementor-column elementor-col-100 elementor-top-column elementor-element elementor-element-7e47d7a4\" data-id=\"7e47d7a4\" data-element_type=\"column\" data-e-type=\"column\">\n\t\t\t<div class=\"elementor-widget-wrap elementor-element-populated\">\n\t\t\t\t\t\t<div class=\"elementor-element elementor-element-41adcd86 elementor-widget elementor-widget-text-editor\" data-id=\"41adcd86\" data-element_type=\"widget\" data-e-type=\"widget\" data-widget_type=\"text-editor.default\">\n\t\t\t\t<div class=\"elementor-widget-container\">\n\t\t\t\t\t\t\t\t\t<p><\/p><h3>Comment s&rsquo;assurer d&rsquo;une bonne sant\u00e9 dentaire?<\/h3><p style=\"text-align: justify;\">Une parfaite hygi\u00e8ne buccale et l&rsquo;utilisation du fluor sont la meilleure pr\u00e9vention de la caries et l&rsquo;assurance d&rsquo;une bonne sant\u00e9 buccale. D&rsquo;autres conseils sont aussi importants pour garder les dents sans caries:<\/p><ul><li style=\"text-align: justify;\">Brosser les dents des jeunes enfants avec un dentifrice fluor\u00e9 aussit\u00f4t qu&rsquo;elles apparaissent. Ne pas laisser les enfants s&rsquo;endormir avec un biberon dans la bouche. Les liquides sucr\u00e9s restent en contacte avec les dents du b\u00e9b\u00e9 pendant longtemps et peuvent causer \u00ab\u00a0la caries du biberon\u00a0\u00bb.<\/li><li style=\"text-align: justify;\">Se brosser les dents deux fois par jour avec un dentifrice fluor\u00e9. Si c&rsquo;est possible, nettoyer entre les dents avec du fil dentaire une fois par jour. Ne pas manger avant de se coucher, apr\u00e8s s&rsquo;avoir nettoy\u00e9 les dents, car pendant le sommeil le flux salivaire diminue.<\/li><li style=\"text-align: justify;\">Se rendre chez le dentiste tous les 6 mois pour passer un examen.<\/li><li style=\"text-align: justify;\">Ne pas manger trop souvent. Il faut laisser passer du temps suffisant entre les repas pour que la salive neutralise les acides et r\u00e9pare les dents.<\/li><li style=\"text-align: justify;\">Les personnes \u00e0 haut risque d&rsquo;usure dentaire et d\u00b4\u00e9rosion sont oblig\u00e9es de prendre un surplus de pr\u00e9cautions:<br \/>&#8211; R\u00e9duire la fr\u00e9quence d&rsquo;aliments et de boissons acides.<br \/>&#8211; Ne pas se brosser les dents tout de suite apr\u00e8s avoir pris des aliments ou des boissons acides. Laisser le temps pour que la re-min\u00e9ralisation se produise.<br \/>&#8211; Les bains de bouche fluor\u00e9s et les chewing-gums sans sucre peuvent \u00eatre utiles apr\u00e8s avoir pris des aliments ou des boissons acides pour aider \u00e0 la re-min\u00e9ralisation.<\/li><li style=\"text-align: justify;\">Les chewing-gums sans sucre sont des \u00ab\u00a0amis\u00a0\u00bb des dents car ils aident \u00e0 augmenter le flux de salive et nettoient la bouche des r\u00e9sidus de nourriture.<\/li><\/ul><p style=\"text-align: justify;\">Si vous d\u00e9tectez quelque chose d\u00b4irr\u00e9gulier sur vos dents ou gencives (irritation ou inflammation des gencives, des taches ou une cavit\u00e9 sur vos pi\u00e8ces dentaires) ne laissez pas passer le temps jusqu&rsquo;\u00e0 sentir la douleur, visitez votre dentiste.<\/p><p style=\"text-align: justify;\">Si vous portez une proth\u00e8se fixe soignez-la comme si c&rsquo;\u00e9taient des pi\u00e8ces dentaires naturelles.<\/p><p style=\"text-align: justify;\">Si vous avez une proth\u00e8se amovible, sortez-la de la bouche et brossez-la au moins deux fois par jour avec du dentifrice ou un produit pour.<\/p>\t\t\t\t\t\t\t\t<\/div>\n\t\t\t\t<\/div>\n\t\t\t\t\t<\/div>\n\t\t<\/div>\n\t\t\t\t\t<\/div>\n\t\t<\/section>\n\t\t\t\t<section class=\"elementor-section elementor-top-section elementor-element elementor-element-1925273 elementor-section-full_width elementor-section-height-default elementor-section-height-default\" data-id=\"1925273\" data-element_type=\"section\" data-e-type=\"section\">\n\t\t\t\t\t\t<div class=\"elementor-container elementor-column-gap-no\">\n\t\t\t\t\t<div class=\"elementor-column elementor-col-100 elementor-top-column elementor-element elementor-element-a2ec99d\" data-id=\"a2ec99d\" data-element_type=\"column\" data-e-type=\"column\">\n\t\t\t<div class=\"elementor-widget-wrap elementor-element-populated\">\n\t\t\t\t\t\t<div class=\"elementor-element elementor-element-f0d64e0 elementor-arrows-position-inside elementor-widget elementor-widget-image-carousel\" data-id=\"f0d64e0\" data-element_type=\"widget\" data-e-type=\"widget\" data-settings=\"{&quot;slides_to_show&quot;:&quot;1&quot;,&quot;navigation&quot;:&quot;arrows&quot;,&quot;pause_on_hover&quot;:&quot;no&quot;,&quot;pause_on_interaction&quot;:&quot;no&quot;,&quot;effect&quot;:&quot;fade&quot;,&quot;autoplay&quot;:&quot;yes&quot;,&quot;autoplay_speed&quot;:5000,&quot;infinite&quot;:&quot;yes&quot;,&quot;speed&quot;:500}\" data-widget_type=\"image-carousel.default\">\n\t\t\t\t<div class=\"elementor-widget-container\">\n\t\t\t\t\t\t\t<div class=\"elementor-image-carousel-wrapper swiper\" role=\"region\" aria-roledescription=\"carousel\" aria-label=\"Carrousel d\u2019images\" dir=\"ltr\">\n\t\t\t<div class=\"elementor-image-carousel swiper-wrapper\" aria-live=\"off\">\n\t\t\t\t\t\t\t\t<div class=\"swiper-slide\" role=\"group\" aria-roledescription=\"slide\" aria-label=\"1 sur 5\"><figure class=\"swiper-slide-inner\"><img decoding=\"async\" class=\"swiper-slide-image\" src=\"https:\/\/centredentalcise.com\/wp-content\/uploads\/2020\/12\/Centre-Dental-Cise-Figueres-1.jpg\" alt=\"Centre Dental Cise - Figueres | Recomanacions\" \/><\/figure><\/div><div class=\"swiper-slide\" role=\"group\" aria-roledescription=\"slide\" aria-label=\"2 sur 5\"><figure class=\"swiper-slide-inner\"><img decoding=\"async\" class=\"swiper-slide-image\" src=\"https:\/\/centredentalcise.com\/wp-content\/uploads\/2020\/12\/Centre-Dental-Cise-Figueres-2.jpg\" alt=\"Centre Dental Cise - Figueres | Recomanacions\" \/><\/figure><\/div><div class=\"swiper-slide\" role=\"group\" aria-roledescription=\"slide\" aria-label=\"3 sur 5\"><figure class=\"swiper-slide-inner\"><img decoding=\"async\" class=\"swiper-slide-image\" src=\"https:\/\/centredentalcise.com\/wp-content\/uploads\/2020\/12\/Centre-Dental-Cise-Figueres-3.jpg\" alt=\"Centre Dental Cise - Figueres | Recomanacions\" \/><\/figure><\/div><div class=\"swiper-slide\" role=\"group\" aria-roledescription=\"slide\" aria-label=\"4 sur 5\"><figure class=\"swiper-slide-inner\"><img decoding=\"async\" class=\"swiper-slide-image\" src=\"https:\/\/centredentalcise.com\/wp-content\/uploads\/2020\/12\/Centre-Dental-Cise-Figueres-4.jpg\" alt=\"Centre Dental Cise - Figueres | Recomanacions\" \/><\/figure><\/div><div class=\"swiper-slide\" role=\"group\" aria-roledescription=\"slide\" aria-label=\"5 sur 5\"><figure class=\"swiper-slide-inner\"><img decoding=\"async\" class=\"swiper-slide-image\" src=\"https:\/\/centredentalcise.com\/wp-content\/uploads\/2020\/12\/Centre-Dental-Cise-Figueres-5.jpg\" alt=\"Centre Dental Cise - Figueres | Recomanacions\" \/><\/figure><\/div>\t\t\t<\/div>\n\t\t\t\t\t\t\t\t\t\t\t\t<div class=\"elementor-swiper-button elementor-swiper-button-prev\" role=\"button\" tabindex=\"0\">\n\t\t\t\t\t\t<i aria-hidden=\"true\" class=\"eicon-chevron-left\"><\/i>\t\t\t\t\t<\/div>\n\t\t\t\t\t<div class=\"elementor-swiper-button elementor-swiper-button-next\" role=\"button\" tabindex=\"0\">\n\t\t\t\t\t\t<i aria-hidden=\"true\" class=\"eicon-chevron-right\"><\/i>\t\t\t\t\t<\/div>\n\t\t\t\t\n\t\t\t\t\t\t\t\t\t<\/div>\n\t\t\t\t\t\t<\/div>\n\t\t\t\t<\/div>\n\t\t\t\t\t<\/div>\n\t\t<\/div>\n\t\t\t\t\t<\/div>\n\t\t<\/section>\n\t\t\t\t<\/div>\n\t\t","protected":false},"excerpt":{"rendered":"<p>Comment s&rsquo;assurer d&rsquo;une bonne sant\u00e9 dentaire? Une parfaite hygi\u00e8ne buccale et l&rsquo;utilisation du fluor sont la meilleure pr\u00e9vention de la caries et l&rsquo;assurance d&rsquo;une bonne sant\u00e9 buccale. D&rsquo;autres conseils sont aussi importants pour garder les dents sans caries: Brosser les dents des jeunes enfants avec un dentifrice fluor\u00e9 aussit\u00f4t qu&rsquo;elles apparaissent. Ne pas laisser les<br \/><a class=\"moretag\" href=\"https:\/\/centredentalcise.com\/fr\/recomanacions\/\">+ Read More<\/a><\/p>\n","protected":false},"author":1,"featured_media":1949,"parent":0,"menu_order":0,"comment_status":"closed","ping_status":"closed","template":"","meta":{"footnotes":""},"class_list":["post-44","page","type-page","status-publish","has-post-thumbnail","hentry"],"_links":{"self":[{"href":"https:\/\/centredentalcise.com\/fr\/wp-json\/wp\/v2\/pages\/44","targetHints":{"allow":["GET"]}}],"collection":[{"href":"https:\/\/centredentalcise.com\/fr\/wp-json\/wp\/v2\/pages"}],"about":[{"href":"https:\/\/centredentalcise.com\/fr\/wp-json\/wp\/v2\/types\/page"}],"author":[{"embeddable":true,"href":"https:\/\/centredentalcise.com\/fr\/wp-json\/wp\/v2\/users\/1"}],"replies":[{"embeddable":true,"href":"https:\/\/centredentalcise.com\/fr\/wp-json\/wp\/v2\/comments?post=44"}],"version-history":[{"count":0,"href":"https:\/\/centredentalcise.com\/fr\/wp-json\/wp\/v2\/pages\/44\/revisions"}],"wp:featuredmedia":[{"embeddable":true,"href":"https:\/\/centredentalcise.com\/fr\/wp-json\/wp\/v2\/media\/1949"}],"wp:attachment":[{"href":"https:\/\/centredentalcise.com\/fr\/wp-json\/wp\/v2\/media?parent=44"}],"curies":[{"name":"wp","href":"https:\/\/api.w.org\/{rel}","templated":true}]}}