{"id":3940,"date":"2020-12-01T09:46:05","date_gmt":"2020-12-01T08:46:05","guid":{"rendered":"https:\/\/www.centredentalcise.com\/info\/?page_id=3940"},"modified":"2020-12-01T19:22:15","modified_gmt":"2020-12-01T18:22:15","slug":"avis-legal","status":"publish","type":"page","link":"https:\/\/centredentalcise.com\/fr\/avis-legal\/","title":{"rendered":"Avertissement l\u00e9gal"},"content":{"rendered":"<p><\/p>\n<h4>Informations conform\u00e9ment \u00e0 l&rsquo;article 10 de la LSSI<\/h4>\n<h3>Le propri\u00e9taire de ce site Web est:<\/h3>\n<p>Identit\u00e9: <strong>Cenprodent Ampurdan S.L.<\/strong><br \/>\nCIF: <strong>B58963703<\/strong><br \/>\nAdresse: <strong>Avinguda Montserrat Vayreda Trullol, 26. Tercera planta &#8211; Porta 32.\u00a0 17600 Figueres (Girona)<\/strong><br \/>\nT\u00e9l\u00e9phone: <strong>972 67 16 05<\/strong><br \/>\nCourrier \u00e9lectronique: <strong><a href=\"mailto:info@centredentalcise.com\">info@centredentalcise.com<\/a><\/strong><\/p>\n<h3>Condition d&rsquo;utilisation<\/h3>\n<p style=\"text-align: justify;\">L&rsquo;utilisation de ce site Web implique l&rsquo;acceptation pleine et enti\u00e8re des termes et conditions de la pr\u00e9sente notice l\u00e9gale. Les \u00e9ventuels conflits li\u00e9s \u00e0 ce site seront r\u00e9gis exclusivement par la loi de l&rsquo;\u00c9tat espagnol. Toute personne utilisant le site Internet, quelle que soit la juridiction territoriale \u00e0 partir de laquelle son acc\u00e8s a lieu, accepte le respect et le respect de ces clauses, renon\u00e7ant express\u00e9ment \u00e0 toute autre juridiction qui pourrait leur correspondre.<\/p>\n<h3>Propri\u00e9t\u00e9 intellectuelle et industrielle<\/h3>\n<p style=\"text-align: justify;\">L&rsquo;ensemble du contenu de ce site, qu&rsquo;il s&rsquo;agisse de textes, d&rsquo;images, de sons, de marques, de logos ou d&rsquo;autres \u00e9l\u00e9ments, ainsi que de la sous-structure, du design, des combinaisons de couleurs ou de la pr\u00e9sentation des mat\u00e9riaux, sont prot\u00e9g\u00e9s par les droits de propri\u00e9t\u00e9 industrielle et intellectuelle. que l&rsquo;utilisateur de ce site doit respecter. Sa transformation ou alt\u00e9ration, communication publique ou toute autre forme d&rsquo;exploitation par quelque proc\u00e9d\u00e9 que ce soit n&rsquo;est pas licite sans l&rsquo;autorisation expresse de\u00a0<strong>Cenprodent Ampurdan S.L.<\/strong><\/p>\n<h3>Responsabilit\u00e9 du contenu<\/h3>\n<p style=\"text-align: justify;\">Bien que\u00a0<strong>Cenprodent Ampurdan S.L.<\/strong> agisse avec la plus grande diligence possible, il se peut que certaines donn\u00e9es ou informations ne soient pas compl\u00e8tement mises \u00e0 jour au moment o\u00f9 l&rsquo;utilisateur du site les consulte. Pour cette raison, les informations pr\u00e9sent\u00e9es sur ce site ont une fonction de guidage et ne lient pas\u00a0<strong>Cenprodent Ampurdan S.L.<\/strong><\/p>\n<p style=\"text-align: justify;\"><strong>Cenprodent Ampurdan S.L.<\/strong>\u00a0ne sera pas responsable des informations qui peuvent \u00eatre obtenues via les liens inclus sur son site Internet.<\/p>\n<p style=\"text-align: justify;\"><strong>Cenprodent Ampurdan S.L.<\/strong>\u00a0se r\u00e9serve le droit d&rsquo;effectuer, \u00e0 tout moment et sans pr\u00e9avis, des modifications ou mises \u00e0 jour des informations et des \u00e9l\u00e9ments qui composent la conception et la configuration du site.<\/p>\n<h3>Loi applicable et juridiction:<\/h3>\n<p style=\"text-align: justify;\">L&rsquo;utilisation de ce site Web implique l&rsquo;acceptation pleine et enti\u00e8re des termes et conditions de cette politique l\u00e9gale. Les conflits \u00e9ventuels li\u00e9s \u00e0 ce site Web seront r\u00e9gis exclusivement par la l\u00e9gislation espagnole, les cours et tribunaux espagnols \u00e9tant comp\u00e9tents pour entendre toutes les questions qui pourraient se poser \u00e0 son sujet. L&rsquo;utilisateur, en vertu de son acceptation, renonce express\u00e9ment \u00e0 toute juridiction qui, en application de la loi de proc\u00e9dure civile en vigueur, pourrait lui correspondre.<\/p>\n<p><\/p>","protected":false},"excerpt":{"rendered":"<p>Informations conform\u00e9ment \u00e0 l&rsquo;article 10 de la LSSI Le propri\u00e9taire de ce site Web est: Identit\u00e9: Cenprodent Ampurdan S.L. CIF: B58963703 Adresse: Avinguda Montserrat Vayreda Trullol, 26. Tercera planta &#8211; Porta 32.\u00a0 17600 Figueres (Girona) T\u00e9l\u00e9phone: 972 67 16 05 Courrier \u00e9lectronique: info@centredentalcise.com Condition d&rsquo;utilisation L&rsquo;utilisation de ce site Web implique l&rsquo;acceptation pleine et enti\u00e8re<br \/><a class=\"moretag\" href=\"https:\/\/centredentalcise.com\/fr\/avis-legal\/\">+ Read More<\/a><\/p>\n","protected":false},"author":1,"featured_media":2016,"parent":0,"menu_order":0,"comment_status":"closed","ping_status":"closed","template":"","meta":{"footnotes":""},"class_list":["post-3940","page","type-page","status-publish","has-post-thumbnail","hentry"],"_links":{"self":[{"href":"https:\/\/centredentalcise.com\/fr\/wp-json\/wp\/v2\/pages\/3940","targetHints":{"allow":["GET"]}}],"collection":[{"href":"https:\/\/centredentalcise.com\/fr\/wp-json\/wp\/v2\/pages"}],"about":[{"href":"https:\/\/centredentalcise.com\/fr\/wp-json\/wp\/v2\/types\/page"}],"author":[{"embeddable":true,"href":"https:\/\/centredentalcise.com\/fr\/wp-json\/wp\/v2\/users\/1"}],"replies":[{"embeddable":true,"href":"https:\/\/centredentalcise.com\/fr\/wp-json\/wp\/v2\/comments?post=3940"}],"version-history":[{"count":0,"href":"https:\/\/centredentalcise.com\/fr\/wp-json\/wp\/v2\/pages\/3940\/revisions"}],"wp:featuredmedia":[{"embeddable":true,"href":"https:\/\/centredentalcise.com\/fr\/wp-json\/wp\/v2\/media\/2016"}],"wp:attachment":[{"href":"https:\/\/centredentalcise.com\/fr\/wp-json\/wp\/v2\/media?parent=3940"}],"curies":[{"name":"wp","href":"https:\/\/api.w.org\/{rel}","templated":true}]}}