{"id":36,"date":"2016-03-09T10:15:21","date_gmt":"2016-03-09T09:15:21","guid":{"rendered":"http:\/\/www.centredentalcise.com\/info\/?page_id=36"},"modified":"2021-11-19T10:31:10","modified_gmt":"2021-11-19T09:31:10","slug":"sedacio-conscient","status":"publish","type":"page","link":"https:\/\/centredentalcise.com\/fr\/tractaments\/sedacio-conscient\/","title":{"rendered":"S\u00e9dation consciente"},"content":{"rendered":"<p><\/p>\n<p style=\"text-align: justify;\">Le\u00a0<strong>d\u00e9partement de s\u00e9dation consciente<\/strong>\u00a0est particuli\u00e8rement adapt\u00e9 aux patients, de plus de 18 ans, pour qui la visite chez le dentiste suppose une pression suppl\u00e9mentaire.<\/p>\n<p style=\"text-align: justify;\">Sachez que le\u00a0<strong>Centre Dental Cise<\/strong>\u00a0est une des rares cliniques dentaires disposant de ce dispositif qui demande le service d\u2019un m\u00e9decin sp\u00e9cialiste.<\/p>\n<p style=\"text-align: justify;\">La s\u00e9dation est administr\u00e9e par inhalation nasale \u00e0 la fois de protoxyde d\u2019azote et d\u2019oxyg\u00e8ne. Apr\u00e8s quelques minutes le patient est tout \u00e0 fait d\u00e9tendu, sans aucune contrainte r\u00e9siduelle, pas de stress ni d\u00b4anxi\u00e9t\u00e9, pr\u00eat \u00e0 recevoir le traitement n\u00e9cessaire d\u00b4une fa\u00e7on confortable.<\/p>\n<p style=\"text-align: justify;\">C\u2019est un syst\u00e8me\u00a0<strong>compl\u00e8tement s\u00fbr<\/strong>\u00a0et\u00a0<strong>sans effets secondaires<\/strong>, et r\u00e9versible du moment o\u00f9 vous arr\u00eatez l\u2019inhalation. Une minute apr\u00e8s le patient peut rentrer chez lui, \u00e0 pied ou en voiture.<\/p>\n<p><img decoding=\"async\" class=\"aligncenter wp-image-2702 size-full\" title=\"S\u00e9dation consciente | Centre Dental Cise | Figueres\" src=\"https:\/\/www.centredentalcise.com\/wp-content\/uploads\/2018\/05\/Equip-Sedaci\u00f3-conscient.jpg\" alt=\"Equip Sedaci\u00f3 conscient | Centre Dental Cise | Figueres\" width=\"1400\" height=\"968\" srcset=\"https:\/\/centredentalcise.com\/wp-content\/uploads\/2018\/05\/Equip-Sedaci\u00f3-conscient.jpg 1400w, https:\/\/centredentalcise.com\/wp-content\/uploads\/2018\/05\/Equip-Sedaci\u00f3-conscient-150x104.jpg 150w, https:\/\/centredentalcise.com\/wp-content\/uploads\/2018\/05\/Equip-Sedaci\u00f3-conscient-300x207.jpg 300w, https:\/\/centredentalcise.com\/wp-content\/uploads\/2018\/05\/Equip-Sedaci\u00f3-conscient-768x531.jpg 768w, https:\/\/centredentalcise.com\/wp-content\/uploads\/2018\/05\/Equip-Sedaci\u00f3-conscient-1024x708.jpg 1024w\" sizes=\"(max-width: 1400px) 100vw, 1400px\" \/><\/p>","protected":false},"excerpt":{"rendered":"<p>Le\u00a0d\u00e9partement de s\u00e9dation consciente\u00a0est particuli\u00e8rement adapt\u00e9 aux patients, de plus de 18 ans, pour qui la visite chez le dentiste suppose une pression suppl\u00e9mentaire. Sachez que le\u00a0Centre Dental Cise\u00a0est une des rares cliniques dentaires disposant de ce dispositif qui demande le service d\u2019un m\u00e9decin sp\u00e9cialiste. La s\u00e9dation est administr\u00e9e par inhalation nasale \u00e0 la fois<br \/><a class=\"moretag\" href=\"https:\/\/centredentalcise.com\/fr\/tractaments\/sedacio-conscient\/\">+ Read More<\/a><\/p>\n","protected":false},"author":1,"featured_media":1502,"parent":1166,"menu_order":0,"comment_status":"closed","ping_status":"closed","template":"","meta":{"footnotes":""},"class_list":["post-36","page","type-page","status-publish","has-post-thumbnail","hentry"],"_links":{"self":[{"href":"https:\/\/centredentalcise.com\/fr\/wp-json\/wp\/v2\/pages\/36","targetHints":{"allow":["GET"]}}],"collection":[{"href":"https:\/\/centredentalcise.com\/fr\/wp-json\/wp\/v2\/pages"}],"about":[{"href":"https:\/\/centredentalcise.com\/fr\/wp-json\/wp\/v2\/types\/page"}],"author":[{"embeddable":true,"href":"https:\/\/centredentalcise.com\/fr\/wp-json\/wp\/v2\/users\/1"}],"replies":[{"embeddable":true,"href":"https:\/\/centredentalcise.com\/fr\/wp-json\/wp\/v2\/comments?post=36"}],"version-history":[{"count":0,"href":"https:\/\/centredentalcise.com\/fr\/wp-json\/wp\/v2\/pages\/36\/revisions"}],"up":[{"embeddable":true,"href":"https:\/\/centredentalcise.com\/fr\/wp-json\/wp\/v2\/pages\/1166"}],"wp:featuredmedia":[{"embeddable":true,"href":"https:\/\/centredentalcise.com\/fr\/wp-json\/wp\/v2\/media\/1502"}],"wp:attachment":[{"href":"https:\/\/centredentalcise.com\/fr\/wp-json\/wp\/v2\/media?parent=36"}],"curies":[{"name":"wp","href":"https:\/\/api.w.org\/{rel}","templated":true}]}}