{"id":314,"date":"2016-04-26T17:13:04","date_gmt":"2016-04-26T17:13:04","guid":{"rendered":"http:\/\/www.centredentalcise.com\/info\/?page_id=314"},"modified":"2023-05-19T16:00:29","modified_gmt":"2023-05-19T14:00:29","slug":"salut-dental","status":"publish","type":"page","link":"https:\/\/centredentalcise.com\/fr\/salut-dental\/","title":{"rendered":"Sant\u00e9 dentaire"},"content":{"rendered":"\t\t<div data-elementor-type=\"wp-page\" data-elementor-id=\"314\" class=\"elementor elementor-314\" data-elementor-post-type=\"page\">\n\t\t\t\t\t\t<section class=\"elementor-section elementor-top-section elementor-element elementor-element-255766d8 elementor-section-full_width elementor-section-height-default elementor-section-height-default\" data-id=\"255766d8\" data-element_type=\"section\" data-e-type=\"section\">\n\t\t\t\t\t\t<div class=\"elementor-container elementor-column-gap-no\">\n\t\t\t\t\t<div class=\"elementor-column elementor-col-100 elementor-top-column elementor-element elementor-element-621f77c7\" data-id=\"621f77c7\" data-element_type=\"column\" data-e-type=\"column\">\n\t\t\t<div class=\"elementor-widget-wrap elementor-element-populated\">\n\t\t\t\t\t\t<div class=\"elementor-element elementor-element-349a3364 elementor-widget elementor-widget-text-editor\" data-id=\"349a3364\" data-element_type=\"widget\" data-e-type=\"widget\" data-widget_type=\"text-editor.default\">\n\t\t\t\t<div class=\"elementor-widget-container\">\n\t\t\t\t\t\t\t\t\t<p><\/p><h2 style=\"text-align: center;\">Notre engagement avec vous<\/h2><p style=\"text-align: justify;\">Notre Centre Dentaire est n\u00e9 en 1989 \u00e0 Figueres (\u00e0 Barcelone depuis 1974), et avec lui une nouvelle fa\u00e7on de se rendre chez le dentiste. C&rsquo;est une clinique que par-dessus tout privil\u00e9gie les relations humaines, avec un service complet qui r\u00e9unit toutes les sp\u00e9cialit\u00e9s bucco-dentaires dans un m\u00eame centre.<\/p><p style=\"text-align: justify;\">Aujourd&rsquo;hui, plus de quarante ans apr\u00e8s, nous sommes toujours \u00e0 cot\u00e9 de nos patients en leur proposant toutes les possibilit\u00e9s disponibles pour garder un sourire beau et sain.<\/p><p style=\"text-align: justify;\">La mise du <strong>Centre Dental Cise<\/strong> pour la pr\u00e9vention et l&rsquo;attention personnelle garantit \u00e0 nos patients la plus performante technologie pour ce qui est de l&rsquo;\u00e9quipement et des mat\u00e9riaux pour la dentisterie. Nous offrons un <strong>service bucco-dentaire int\u00e9gral dans toutes les sp\u00e9cialit\u00e9s<\/strong>: Implantologie, orthodontie, esth\u00e9tique dentaire, odontop\u00e9diatrie. Notre philosophie de travail est bas\u00e9e sur la proximit\u00e9 \u00e0 nos patients.<\/p><p style=\"text-align: justify;\">En plus nous disposons de professionnels avec une grande exp\u00e9rience qui vont vous expliquer avec tous les d\u00e9tails le traitement qui vous convient.<\/p><p style=\"text-align: justify;\">Devenez l&rsquo;un de nos patients et vous ne le regretterez pas, r\u00e9cup\u00e9rez une bonne mastication et une esth\u00e9tique appropri\u00e9e, ce que va am\u00e9liorer votre qualit\u00e9 de vie. Soyez un de plus parmi notre grande famille de patients. Laissez votre bouche entre nos mains. Nous vous attendons!<\/p>\t\t\t\t\t\t\t\t<\/div>\n\t\t\t\t<\/div>\n\t\t\t\t<div class=\"elementor-element elementor-element-fe14c40 elementor-arrows-position-inside elementor-widget elementor-widget-image-carousel\" data-id=\"fe14c40\" data-element_type=\"widget\" data-e-type=\"widget\" data-settings=\"{&quot;slides_to_show&quot;:&quot;1&quot;,&quot;navigation&quot;:&quot;arrows&quot;,&quot;pause_on_hover&quot;:&quot;no&quot;,&quot;pause_on_interaction&quot;:&quot;no&quot;,&quot;effect&quot;:&quot;fade&quot;,&quot;autoplay&quot;:&quot;yes&quot;,&quot;autoplay_speed&quot;:5000,&quot;infinite&quot;:&quot;yes&quot;,&quot;speed&quot;:500}\" data-widget_type=\"image-carousel.default\">\n\t\t\t\t<div class=\"elementor-widget-container\">\n\t\t\t\t\t\t\t<div class=\"elementor-image-carousel-wrapper swiper\" role=\"region\" aria-roledescription=\"carousel\" aria-label=\"Carrousel d\u2019images\" dir=\"ltr\">\n\t\t\t<div class=\"elementor-image-carousel swiper-wrapper\" aria-live=\"off\">\n\t\t\t\t\t\t\t\t<div class=\"swiper-slide\" role=\"group\" aria-roledescription=\"slide\" aria-label=\"1 sur 5\"><figure class=\"swiper-slide-inner\"><img decoding=\"async\" class=\"swiper-slide-image\" src=\"https:\/\/centredentalcise.com\/wp-content\/uploads\/2020\/12\/Centre-Dental-Cise-Figueres-1.jpg\" alt=\"Centre Dental Cise - Figueres | Recomanacions\" \/><\/figure><\/div><div class=\"swiper-slide\" role=\"group\" aria-roledescription=\"slide\" aria-label=\"2 sur 5\"><figure class=\"swiper-slide-inner\"><img decoding=\"async\" class=\"swiper-slide-image\" src=\"https:\/\/centredentalcise.com\/wp-content\/uploads\/2020\/12\/Centre-Dental-Cise-Figueres-2.jpg\" alt=\"Centre Dental Cise - Figueres | Recomanacions\" \/><\/figure><\/div><div class=\"swiper-slide\" role=\"group\" aria-roledescription=\"slide\" aria-label=\"3 sur 5\"><figure class=\"swiper-slide-inner\"><img decoding=\"async\" class=\"swiper-slide-image\" src=\"https:\/\/centredentalcise.com\/wp-content\/uploads\/2020\/12\/Centre-Dental-Cise-Figueres-3.jpg\" alt=\"Centre Dental Cise - Figueres | Recomanacions\" \/><\/figure><\/div><div class=\"swiper-slide\" role=\"group\" aria-roledescription=\"slide\" aria-label=\"4 sur 5\"><figure class=\"swiper-slide-inner\"><img decoding=\"async\" class=\"swiper-slide-image\" src=\"https:\/\/centredentalcise.com\/wp-content\/uploads\/2020\/12\/Centre-Dental-Cise-Figueres-4.jpg\" alt=\"Centre Dental Cise - Figueres | Recomanacions\" \/><\/figure><\/div><div class=\"swiper-slide\" role=\"group\" aria-roledescription=\"slide\" aria-label=\"5 sur 5\"><figure class=\"swiper-slide-inner\"><img decoding=\"async\" class=\"swiper-slide-image\" src=\"https:\/\/centredentalcise.com\/wp-content\/uploads\/2020\/12\/Centre-Dental-Cise-Figueres-5.jpg\" alt=\"Centre Dental Cise - Figueres | Recomanacions\" \/><\/figure><\/div>\t\t\t<\/div>\n\t\t\t\t\t\t\t\t\t\t\t\t<div class=\"elementor-swiper-button elementor-swiper-button-prev\" role=\"button\" tabindex=\"0\">\n\t\t\t\t\t\t<i aria-hidden=\"true\" class=\"eicon-chevron-left\"><\/i>\t\t\t\t\t<\/div>\n\t\t\t\t\t<div class=\"elementor-swiper-button elementor-swiper-button-next\" role=\"button\" tabindex=\"0\">\n\t\t\t\t\t\t<i aria-hidden=\"true\" class=\"eicon-chevron-right\"><\/i>\t\t\t\t\t<\/div>\n\t\t\t\t\n\t\t\t\t\t\t\t\t\t<\/div>\n\t\t\t\t\t\t<\/div>\n\t\t\t\t<\/div>\n\t\t\t\t<div class=\"elementor-element elementor-element-39ad72f elementor-widget elementor-widget-text-editor\" data-id=\"39ad72f\" data-element_type=\"widget\" data-e-type=\"widget\" data-widget_type=\"text-editor.default\">\n\t\t\t\t<div class=\"elementor-widget-container\">\n\t\t\t\t\t\t\t\t\t<p>Une belle bouche, avec des dents propres et soign\u00e9es est notre carte de pr\u00e9sentation et un indicateur de notre sant\u00e9.<\/p><p style=\"text-align: justify;\">Si l&rsquo;hygi\u00e8ne dentaire n&rsquo;est pas bonne, les bact\u00e9ries vont abimer l&rsquo;\u00e9mail ce que peut causer la caries, des taches de tartre et m\u00eame faire tomber les dents.<\/p><p style=\"text-align: justify;\">Dans notre centre nous garantissons votre sant\u00e9 bucco-dentaire.<\/p><ul><li style=\"text-align: justify;\"><strong>\u00c9xamen dentaire<\/strong>: Se rendre chez son dentiste une fois tous les 6 mois. Voil\u00e0 pourquoi.<\/li><li style=\"text-align: justify;\"><strong>Hygipene bucco-dentaire<\/strong>: Une compl\u00e8te hygi\u00e8ne bucco dentaire professionnel, pour \u00e9liminer le tartre et la plaque bact\u00e9rienne.<\/li><li style=\"text-align: justify;\"><strong>Soins aix enfants<\/strong>: Comment soigner les dents des enfants, \u00e0 partir de quel \u00e2ge, conseils\u2026<\/li><li style=\"text-align: justify;\"><strong>Recommendations<\/strong>: Un guide tr\u00e8s utile sur ce que convient et ne convient pas faire en mati\u00e8re de sant\u00e9 dentaire.<\/li><\/ul><p><\/p>\t\t\t\t\t\t\t\t<\/div>\n\t\t\t\t<\/div>\n\t\t\t\t\t<\/div>\n\t\t<\/div>\n\t\t\t\t\t<\/div>\n\t\t<\/section>\n\t\t\t\t<\/div>\n\t\t","protected":false},"excerpt":{"rendered":"<p>Notre engagement avec vous Notre Centre Dentaire est n\u00e9 en 1989 \u00e0 Figueres (\u00e0 Barcelone depuis 1974), et avec lui une nouvelle fa\u00e7on de se rendre chez le dentiste. C&rsquo;est une clinique que par-dessus tout privil\u00e9gie les relations humaines, avec un service complet qui r\u00e9unit toutes les sp\u00e9cialit\u00e9s bucco-dentaires dans un m\u00eame centre. Aujourd&rsquo;hui, plus<br \/><a class=\"moretag\" href=\"https:\/\/centredentalcise.com\/fr\/salut-dental\/\">+ Read More<\/a><\/p>\n","protected":false},"author":1,"featured_media":2052,"parent":0,"menu_order":0,"comment_status":"closed","ping_status":"closed","template":"","meta":{"footnotes":""},"class_list":["post-314","page","type-page","status-publish","has-post-thumbnail","hentry"],"_links":{"self":[{"href":"https:\/\/centredentalcise.com\/fr\/wp-json\/wp\/v2\/pages\/314","targetHints":{"allow":["GET"]}}],"collection":[{"href":"https:\/\/centredentalcise.com\/fr\/wp-json\/wp\/v2\/pages"}],"about":[{"href":"https:\/\/centredentalcise.com\/fr\/wp-json\/wp\/v2\/types\/page"}],"author":[{"embeddable":true,"href":"https:\/\/centredentalcise.com\/fr\/wp-json\/wp\/v2\/users\/1"}],"replies":[{"embeddable":true,"href":"https:\/\/centredentalcise.com\/fr\/wp-json\/wp\/v2\/comments?post=314"}],"version-history":[{"count":0,"href":"https:\/\/centredentalcise.com\/fr\/wp-json\/wp\/v2\/pages\/314\/revisions"}],"wp:featuredmedia":[{"embeddable":true,"href":"https:\/\/centredentalcise.com\/fr\/wp-json\/wp\/v2\/media\/2052"}],"wp:attachment":[{"href":"https:\/\/centredentalcise.com\/fr\/wp-json\/wp\/v2\/media?parent=314"}],"curies":[{"name":"wp","href":"https:\/\/api.w.org\/{rel}","templated":true}]}}