{"id":30,"date":"2016-03-09T10:14:08","date_gmt":"2016-03-09T09:14:08","guid":{"rendered":"http:\/\/www.centredentalcise.com\/info\/?page_id=30"},"modified":"2021-11-19T10:26:01","modified_gmt":"2021-11-19T09:26:01","slug":"gerodontologia","status":"publish","type":"page","link":"https:\/\/centredentalcise.com\/fr\/tractaments\/gerodontologia\/","title":{"rendered":"G\u00e9rodontologie"},"content":{"rendered":"<p><\/p>\n<p style=\"text-align: justify;\">La\u00a0<strong>dentisterie g\u00e9riatrique<\/strong>\u00a0ou\u00a0<strong>G\u00e9rondontologie<\/strong>\u00a0est la sp\u00e9cialit\u00e9 d\u00e9di\u00e9e \u00e0 des personnes \u00e2g\u00e9es, qui souvent souffrent de maladies d\u00e9g\u00e9n\u00e9ratives ou chroniques impliquant une d\u00e9ficience physique ou mentale, avec des probl\u00e8mes associ\u00e9s aux traitements m\u00e9dicamenteux.<\/p>\n<p style=\"text-align: justify;\">Le but de cette sp\u00e9cialit\u00e9 n\u2019est pas seulement le traitement mais la pr\u00e9vention des maladies de la bouche, \u00e9tant donn\u00e9 qu\u2019ils ont souvent des probl\u00e8mes caus\u00e9s par les m\u00e9dicaments qu\u2019ils prennent, les maladies qu\u2019ils souffrent ou par une mauvaise alimentation.<\/p>\n<p style=\"text-align: justify;\">Dans notre centre, nous sommes conscients de l\u2019importance de notre travail pour am\u00e9liorer la vie de nos patients, autant pour les enfants comme pour nos a\u00een\u00e9s.<\/p>\n<p style=\"text-align: justify;\">Nous tenons \u00e0 ce que les personnes \u00e2g\u00e9es puissent comprendre leur diagnostic et nous fassent confiance dans la solution propos\u00e9e.<\/p>\n<p><img fetchpriority=\"high\" decoding=\"async\" class=\"aligncenter wp-image-355\" src=\"https:\/\/www.centredentalcise.com\/wp-content\/uploads\/2016\/03\/Gerodontologia.jpg\" alt=\"Gerodontologia | Centre Dental Cise\" width=\"800\" height=\"507\" srcset=\"https:\/\/centredentalcise.com\/wp-content\/uploads\/2016\/03\/Gerodontologia.jpg 600w, https:\/\/centredentalcise.com\/wp-content\/uploads\/2016\/03\/Gerodontologia-300x190.jpg 300w\" sizes=\"(max-width: 800px) 100vw, 800px\" \/><\/p>","protected":false},"excerpt":{"rendered":"<p>La\u00a0dentisterie g\u00e9riatrique\u00a0ou\u00a0G\u00e9rondontologie\u00a0est la sp\u00e9cialit\u00e9 d\u00e9di\u00e9e \u00e0 des personnes \u00e2g\u00e9es, qui souvent souffrent de maladies d\u00e9g\u00e9n\u00e9ratives ou chroniques impliquant une d\u00e9ficience physique ou mentale, avec des probl\u00e8mes associ\u00e9s aux traitements m\u00e9dicamenteux. Le but de cette sp\u00e9cialit\u00e9 n\u2019est pas seulement le traitement mais la pr\u00e9vention des maladies de la bouche, \u00e9tant donn\u00e9 qu\u2019ils ont souvent des probl\u00e8mes<br \/><a class=\"moretag\" href=\"https:\/\/centredentalcise.com\/fr\/tractaments\/gerodontologia\/\">+ Read More<\/a><\/p>\n","protected":false},"author":1,"featured_media":1495,"parent":1166,"menu_order":0,"comment_status":"closed","ping_status":"closed","template":"","meta":{"footnotes":""},"class_list":["post-30","page","type-page","status-publish","has-post-thumbnail","hentry"],"_links":{"self":[{"href":"https:\/\/centredentalcise.com\/fr\/wp-json\/wp\/v2\/pages\/30","targetHints":{"allow":["GET"]}}],"collection":[{"href":"https:\/\/centredentalcise.com\/fr\/wp-json\/wp\/v2\/pages"}],"about":[{"href":"https:\/\/centredentalcise.com\/fr\/wp-json\/wp\/v2\/types\/page"}],"author":[{"embeddable":true,"href":"https:\/\/centredentalcise.com\/fr\/wp-json\/wp\/v2\/users\/1"}],"replies":[{"embeddable":true,"href":"https:\/\/centredentalcise.com\/fr\/wp-json\/wp\/v2\/comments?post=30"}],"version-history":[{"count":0,"href":"https:\/\/centredentalcise.com\/fr\/wp-json\/wp\/v2\/pages\/30\/revisions"}],"up":[{"embeddable":true,"href":"https:\/\/centredentalcise.com\/fr\/wp-json\/wp\/v2\/pages\/1166"}],"wp:featuredmedia":[{"embeddable":true,"href":"https:\/\/centredentalcise.com\/fr\/wp-json\/wp\/v2\/media\/1495"}],"wp:attachment":[{"href":"https:\/\/centredentalcise.com\/fr\/wp-json\/wp\/v2\/media?parent=30"}],"curies":[{"name":"wp","href":"https:\/\/api.w.org\/{rel}","templated":true}]}}