{"id":2909,"date":"2019-01-19T10:38:14","date_gmt":"2019-01-19T09:38:14","guid":{"rendered":"https:\/\/www.centredentalcise.com\/info\/?page_id=2909"},"modified":"2021-11-19T10:06:19","modified_gmt":"2021-11-19T09:06:19","slug":"45-anys-repartint-somriures","status":"publish","type":"page","link":"https:\/\/centredentalcise.com\/fr\/45-anys-repartint-somriures\/","title":{"rendered":"45 ans \u00e0 vous faire sourire"},"content":{"rendered":"<p><strong>2019<\/strong>\u00a0est une ann\u00e9e importante pour notre centre. Encore une ann\u00e9e \u00e0 votre service, pour vous offrir le meilleur de chez nous\u2026\u00a0<strong>encore une ann\u00e9e et c\u2019est d\u00e9j\u00e0 la 45<sup>\u00e8me<\/sup> !<\/strong><\/p>\n<h3 style=\"text-align: justify;\">Soufflons les bougies! 45\u00e8me anniversaire de Centre Dental Cise<\/h3>\n<h4 style=\"text-align: justify;\">Le debut, \u00e0 l&rsquo;eixample de barcelona<\/h4>\n<p style=\"text-align: justify;\">Le<strong> Centre Dental Cise<\/strong>\u00a0c\u00e9l\u00e8bre\u00a0ses <strong>45 ans<\/strong>\u00a0avec un parcours qui d\u00e9bute en 1974, lorsqu\u2019il ouvre son premier si\u00e8ge \u00e0 l\u2019Eixample de Barcelona, rue\u00a0<strong>Proven\u00e7a<\/strong>. Plus tard, il y a d\u00e9j\u00e0 plus de 30 ans la Clinique s\u2019est implant\u00e9e \u00e0 Figueres et depuis, la combinaison de l\u2019attention et de la proximit\u00e9, d\u00e9finit le service offert par CISE \u00e0 la capitale de l\u2019Alt Empord\u00e0, une clinique traditionnelle et familiale avec les technologies de pointe du 21<sup>\u00e8me<\/sup> si\u00e8cle.<\/p>\n<h4 style=\"text-align: justify;\">De barcelona \u00e0 l&rsquo;Alt Empord\u00e0<\/h4>\n<p style=\"text-align: justify;\">C\u2019est en 1989 que le <strong>Centre dental CISE<\/strong> ouvre \u00e0 <strong>Figueres<\/strong>, quand l\u2019envie de se d\u00e9velopper et de s\u2019am\u00e9liorer a conduit ses fondateurs \u00e0 ouvrir une deuxi\u00e8me clinique dentaire, rue\u00a0<strong>Villalonga<\/strong>.<\/p>\n<p style=\"text-align: justify;\">Amoureux de l\u2019Alt Empord\u00e0, c\u2019est en 1992 qu\u2019ils d\u00e9cident de transf\u00e9rer la clinique de Barcelona \u00e0 Figueres, rue Villalonga, en y concentrant toutes leurs illusions et leur \u00e9nergie. \u00c0 l\u2019heure actuelle, la deuxi\u00e8me g\u00e9n\u00e9ration a rejoint le projet familial pour soutenir un groupe de professionnels qui font partie de l\u2019\u00e9quipe depuis le d\u00e9but de la clinique.<\/p>\n<p><img fetchpriority=\"high\" decoding=\"async\" class=\"aligncenter wp-image-2918 size-full\" src=\"https:\/\/www.centredentalcise.com\/info\/wp-content\/uploads\/2019\/01\/Cise-45\u00e8-aniversari-01.jpg\" alt=\"Centre Dental Cise | 45\u00e8 aniversari\" width=\"1400\" height=\"925\" srcset=\"https:\/\/centredentalcise.com\/wp-content\/uploads\/2019\/01\/Cise-45\u00e8-aniversari-01.jpg 1400w, https:\/\/centredentalcise.com\/wp-content\/uploads\/2019\/01\/Cise-45\u00e8-aniversari-01-150x99.jpg 150w, https:\/\/centredentalcise.com\/wp-content\/uploads\/2019\/01\/Cise-45\u00e8-aniversari-01-300x198.jpg 300w, https:\/\/centredentalcise.com\/wp-content\/uploads\/2019\/01\/Cise-45\u00e8-aniversari-01-768x507.jpg 768w, https:\/\/centredentalcise.com\/wp-content\/uploads\/2019\/01\/Cise-45\u00e8-aniversari-01-1024x677.jpg 1024w\" sizes=\"(max-width: 1400px) 100vw, 1400px\" \/><\/p>\n<h4 style=\"text-align: justify;\">Et cise est n\u00e9e!<\/h4>\n<p style=\"text-align: justify;\">Il y a d\u00e9j\u00e0 plus de 5 ans que Cise se trouve dans un nouvel emplacement privil\u00e9gi\u00e9 : Le troisi\u00e8me \u00e9tage de l\u2019immeuble Cise \u2013Centre Internacional de Salut de l\u00b4Empord\u00e0- donnant aux patients un meilleur prix, du confort, sans probl\u00e8mes pour se garer et \u00e0 seulement 100 m\u00e8tres du transport publique et \u00e0 5 minutes de la gare du TGV<\/p>\n<p style=\"text-align: justify;\">Le changement a signifi\u00e9 une grande am\u00e9lioration des installations \u00e0 fin d\u2019offrir un meilleur service, gr\u00e2ce \u00e0 une infrastructure qui en fait l\u2019un des centres dentaires les plus avanc\u00e9s en implantologie et proth\u00e8ses dentaires de l\u2019Alt Empord\u00e0.<\/p>\n<p><img decoding=\"async\" class=\"aligncenter size-full wp-image-2920\" src=\"https:\/\/www.centredentalcise.com\/info\/wp-content\/uploads\/2019\/01\/Cise-45\u00e8-aniversari-04.jpg\" alt=\"Centre Dental Cise | 45\u00e8 aniversari\" width=\"1400\" height=\"942\" srcset=\"https:\/\/centredentalcise.com\/wp-content\/uploads\/2019\/01\/Cise-45\u00e8-aniversari-04.jpg 1400w, https:\/\/centredentalcise.com\/wp-content\/uploads\/2019\/01\/Cise-45\u00e8-aniversari-04-150x101.jpg 150w, https:\/\/centredentalcise.com\/wp-content\/uploads\/2019\/01\/Cise-45\u00e8-aniversari-04-300x202.jpg 300w, https:\/\/centredentalcise.com\/wp-content\/uploads\/2019\/01\/Cise-45\u00e8-aniversari-04-768x517.jpg 768w, https:\/\/centredentalcise.com\/wp-content\/uploads\/2019\/01\/Cise-45\u00e8-aniversari-04-1024x689.jpg 1024w, https:\/\/centredentalcise.com\/wp-content\/uploads\/2019\/01\/Cise-45\u00e8-aniversari-04-400x270.jpg 400w\" sizes=\"(max-width: 1400px) 100vw, 1400px\" \/><\/p>\n<h4 style=\"text-align: justify;\">45 ans plus tard&#8230;<\/h4>\n<p style=\"text-align: justify;\">La qualit\u00e9 et le traitement personnalis\u00e9 sont toujours la base de notre travail.<\/p>\n<p style=\"text-align: justify;\">La confiance, l\u2019int\u00e9grit\u00e9, l\u2019honn\u00eatet\u00e9, le professionnalisme, ainsi que la proximit\u00e9 envers le patient, d\u00e9finissent l\u2019engagement de Centre Dental Cise pour que vous vous sentiez bien soign\u00e9.<\/p>\n<p><img decoding=\"async\" class=\"aligncenter size-full wp-image-2922\" src=\"https:\/\/www.centredentalcise.com\/info\/wp-content\/uploads\/2019\/01\/Cise-45\u00e8-aniversari-02.jpg\" alt=\"Centre Dental Cise | 45\u00e8 aniversari\" width=\"1400\" height=\"525\" srcset=\"https:\/\/centredentalcise.com\/wp-content\/uploads\/2019\/01\/Cise-45\u00e8-aniversari-02.jpg 1400w, https:\/\/centredentalcise.com\/wp-content\/uploads\/2019\/01\/Cise-45\u00e8-aniversari-02-150x56.jpg 150w, https:\/\/centredentalcise.com\/wp-content\/uploads\/2019\/01\/Cise-45\u00e8-aniversari-02-300x113.jpg 300w, https:\/\/centredentalcise.com\/wp-content\/uploads\/2019\/01\/Cise-45\u00e8-aniversari-02-768x288.jpg 768w, https:\/\/centredentalcise.com\/wp-content\/uploads\/2019\/01\/Cise-45\u00e8-aniversari-02-1024x384.jpg 1024w\" sizes=\"(max-width: 1400px) 100vw, 1400px\" \/><\/p>\n<h4 style=\"text-align: justify;\">Et c&rsquo;est grace \u00e0 vous tous!<\/h4>\n<p style=\"text-align: justify;\">Parce que vous faites partie de notre anniversaire. C\u2019est la confiance de nos patients et amis qui nous a fait grandir. Pour vous tous, donc, notre grande et plus sinc\u00e8re gratitude. Continuons \u00e0 marcher ensemble, nous continuons \u00e0 distribuer des sourires et, bien s\u00fbr, nous continuerons \u00e0 souffler des bougies.\u00a0<strong>Heureux anniversaire Centre Dental Cise!<\/strong><\/p>\n<p><img loading=\"lazy\" decoding=\"async\" class=\"aligncenter wp-image-2973 size-full\" title=\"Centre Dental Cise | 45 ans desinant vos sourires\" src=\"https:\/\/www.centredentalcise.com\/info\/wp-content\/uploads\/2019\/01\/45\u00e8-Aniversari-CISE-Fran\u00e7aise.jpg\" alt=\"Centre Dental Cise | 45 ans dessinant vos sourires\" width=\"1400\" height=\"985\" srcset=\"https:\/\/centredentalcise.com\/wp-content\/uploads\/2019\/01\/45\u00e8-Aniversari-CISE-Fran\u00e7aise.jpg 1400w, https:\/\/centredentalcise.com\/wp-content\/uploads\/2019\/01\/45\u00e8-Aniversari-CISE-Fran\u00e7aise-150x106.jpg 150w, https:\/\/centredentalcise.com\/wp-content\/uploads\/2019\/01\/45\u00e8-Aniversari-CISE-Fran\u00e7aise-300x211.jpg 300w, https:\/\/centredentalcise.com\/wp-content\/uploads\/2019\/01\/45\u00e8-Aniversari-CISE-Fran\u00e7aise-768x540.jpg 768w, https:\/\/centredentalcise.com\/wp-content\/uploads\/2019\/01\/45\u00e8-Aniversari-CISE-Fran\u00e7aise-1024x720.jpg 1024w\" sizes=\"(max-width: 1400px) 100vw, 1400px\" \/><\/p>","protected":false},"excerpt":{"rendered":"<p>2019\u00a0est une ann\u00e9e importante pour notre centre. Encore une ann\u00e9e \u00e0 votre service, pour vous offrir le meilleur de chez nous\u2026\u00a0encore une ann\u00e9e et c\u2019est d\u00e9j\u00e0 la 45\u00e8me ! Soufflons les bougies! 45\u00e8me anniversaire de Centre Dental Cise Le debut, \u00e0 l&rsquo;eixample de barcelona Le Centre Dental Cise\u00a0c\u00e9l\u00e8bre\u00a0ses 45 ans\u00a0avec un parcours qui d\u00e9bute en<br \/><a class=\"moretag\" href=\"https:\/\/centredentalcise.com\/fr\/45-anys-repartint-somriures\/\">+ Read More<\/a><\/p>\n","protected":false},"author":1,"featured_media":3030,"parent":0,"menu_order":0,"comment_status":"closed","ping_status":"closed","template":"","meta":{"footnotes":""},"class_list":["post-2909","page","type-page","status-publish","has-post-thumbnail","hentry"],"_links":{"self":[{"href":"https:\/\/centredentalcise.com\/fr\/wp-json\/wp\/v2\/pages\/2909","targetHints":{"allow":["GET"]}}],"collection":[{"href":"https:\/\/centredentalcise.com\/fr\/wp-json\/wp\/v2\/pages"}],"about":[{"href":"https:\/\/centredentalcise.com\/fr\/wp-json\/wp\/v2\/types\/page"}],"author":[{"embeddable":true,"href":"https:\/\/centredentalcise.com\/fr\/wp-json\/wp\/v2\/users\/1"}],"replies":[{"embeddable":true,"href":"https:\/\/centredentalcise.com\/fr\/wp-json\/wp\/v2\/comments?post=2909"}],"version-history":[{"count":0,"href":"https:\/\/centredentalcise.com\/fr\/wp-json\/wp\/v2\/pages\/2909\/revisions"}],"wp:featuredmedia":[{"embeddable":true,"href":"https:\/\/centredentalcise.com\/fr\/wp-json\/wp\/v2\/media\/3030"}],"wp:attachment":[{"href":"https:\/\/centredentalcise.com\/fr\/wp-json\/wp\/v2\/media?parent=2909"}],"curies":[{"name":"wp","href":"https:\/\/api.w.org\/{rel}","templated":true}]}}