{"id":28,"date":"2016-03-09T10:13:33","date_gmt":"2016-03-09T09:13:33","guid":{"rendered":"http:\/\/www.centredentalcise.com\/info\/?page_id=28"},"modified":"2020-12-23T16:54:59","modified_gmt":"2020-12-23T15:54:59","slug":"periodoncia","status":"publish","type":"page","link":"https:\/\/centredentalcise.com\/fr\/tractaments\/periodoncia\/","title":{"rendered":"Parodontie"},"content":{"rendered":"<p><\/p>\n<p style=\"text-align: justify;\">La <strong>Parodontie<\/strong> est la sp\u00e9cialit\u00e9 s&rsquo;occupant de la sant\u00e9 des gencives pour \u00e9viter la <strong>gingivites<\/strong> et d\u00b4autres maladies. Le mot <em><strong>parodontale<\/strong><\/em> signifie <em><strong>autour de la dent<\/strong><\/em>.<\/p>\n<p style=\"text-align: justify;\">Si la gencive est saine, les dents sont fortes, et avons la garantie qu&rsquo;elles vont remplir correctement leur fonction masticatoire.<\/p>\n<p style=\"text-align: justify;\">En plus une gencive rose et bien profil\u00e9e autour de la dent affecte directement l&rsquo;esth\u00e9tique buccale.<\/p>\n<p style=\"text-align: justify;\">Beaucoup de monde souffre de maladies parodontales, surtout la gingivite, et l&rsquo;ignorent parce qu&rsquo;elles sont indolores \u00e0 ses d\u00e9buts.<\/p>\n<p style=\"text-align: justify;\">Les gencives sans gingivite ont une couleur rose clair, pas rouge, et ne saignent jamais. Le saignement est le premier signe de gingivite.<\/p>\n<p style=\"text-align: justify;\">Si vous remarquez ces sympt\u00f4mes rendez vous chez le dentiste, pour commencer le traitement aussit\u00f4t que possible, \u00e9tant donn\u00e9 que dans un stade tr\u00e8s avanc\u00e9 il n&rsquo;y a pas d&rsquo;autre solution que d&rsquo;extraire les dents pour arr\u00eater l\u00b4infection.<\/p>\n<p style=\"text-align: justify;\">Dans notre clinique nous offrons le diagnostic personnalis\u00e9 dans chaque cas, avec le traitement convenant pour freiner la situation, et ensuite l&rsquo;entretien pour \u00e9viter que les probl\u00e8mes recommencent.<\/p>\n<p style=\"text-align: justify;\"><img fetchpriority=\"high\" decoding=\"async\" class=\"aligncenter wp-image-375 size-full\" src=\"https:\/\/www.centredentalcise.com\/wp-content\/uploads\/2016\/03\/Periodoncia.jpg\" alt=\"Periodoncia | Centre Dental Cise\" width=\"1024\" height=\"567\" srcset=\"https:\/\/centredentalcise.com\/wp-content\/uploads\/2016\/03\/Periodoncia.jpg 1024w, https:\/\/centredentalcise.com\/wp-content\/uploads\/2016\/03\/Periodoncia-300x166.jpg 300w, https:\/\/centredentalcise.com\/wp-content\/uploads\/2016\/03\/Periodoncia-768x425.jpg 768w\" sizes=\"(max-width: 1024px) 100vw, 1024px\" \/><\/p>\n<p><\/p>","protected":false},"excerpt":{"rendered":"<p>La Parodontie est la sp\u00e9cialit\u00e9 s&rsquo;occupant de la sant\u00e9 des gencives pour \u00e9viter la gingivites et d\u00b4autres maladies. Le mot parodontale signifie autour de la dent. Si la gencive est saine, les dents sont fortes, et avons la garantie qu&rsquo;elles vont remplir correctement leur fonction masticatoire. En plus une gencive rose et bien profil\u00e9e autour<br \/><a class=\"moretag\" href=\"https:\/\/centredentalcise.com\/fr\/tractaments\/periodoncia\/\">+ Read More<\/a><\/p>\n","protected":false},"author":1,"featured_media":1497,"parent":1166,"menu_order":0,"comment_status":"closed","ping_status":"closed","template":"","meta":{"footnotes":""},"class_list":["post-28","page","type-page","status-publish","has-post-thumbnail","hentry"],"_links":{"self":[{"href":"https:\/\/centredentalcise.com\/fr\/wp-json\/wp\/v2\/pages\/28","targetHints":{"allow":["GET"]}}],"collection":[{"href":"https:\/\/centredentalcise.com\/fr\/wp-json\/wp\/v2\/pages"}],"about":[{"href":"https:\/\/centredentalcise.com\/fr\/wp-json\/wp\/v2\/types\/page"}],"author":[{"embeddable":true,"href":"https:\/\/centredentalcise.com\/fr\/wp-json\/wp\/v2\/users\/1"}],"replies":[{"embeddable":true,"href":"https:\/\/centredentalcise.com\/fr\/wp-json\/wp\/v2\/comments?post=28"}],"version-history":[{"count":0,"href":"https:\/\/centredentalcise.com\/fr\/wp-json\/wp\/v2\/pages\/28\/revisions"}],"up":[{"embeddable":true,"href":"https:\/\/centredentalcise.com\/fr\/wp-json\/wp\/v2\/pages\/1166"}],"wp:featuredmedia":[{"embeddable":true,"href":"https:\/\/centredentalcise.com\/fr\/wp-json\/wp\/v2\/media\/1497"}],"wp:attachment":[{"href":"https:\/\/centredentalcise.com\/fr\/wp-json\/wp\/v2\/media?parent=28"}],"curies":[{"name":"wp","href":"https:\/\/api.w.org\/{rel}","templated":true}]}}