{"id":26,"date":"2016-03-09T10:13:11","date_gmt":"2016-03-09T09:13:11","guid":{"rendered":"http:\/\/www.centredentalcise.com\/info\/?page_id=26"},"modified":"2020-12-23T16:47:10","modified_gmt":"2020-12-23T15:47:10","slug":"estetica-dental","status":"publish","type":"page","link":"https:\/\/centredentalcise.com\/fr\/tractaments\/estetica-dental\/","title":{"rendered":"Esth\u00e9tique dentaire"},"content":{"rendered":"<p><\/p>\n<p style=\"text-align: justify;\">Montrer un beau et lumineux sourire apporte de la lumi\u00e8re \u00e0 notre apparence et nous fait sentir mieux.<\/p>\n<p style=\"text-align: justify;\">Grace aux progr\u00e8s de la dentisterie esth\u00e9tique nous pouvons am\u00e9liorer votre sourire avec des traitements rapides, tout \u00e0 fait indolores et incroyablement abordables.<\/p>\n<p style=\"text-align: justify;\">De nos jours l&rsquo;esth\u00e9tique dentaire permet de faire blanchir les dents, en changer la grandeur, la forme ou la position, r\u00e9parer les pi\u00e8ces cass\u00e9es, remplacer les vieux plombages si peu esth\u00e9tiques, mettre des dents manquantes\u2026<\/p>\n<p style=\"text-align: justify;\">Dans notre centre nous b\u00e9n\u00e9ficions d&rsquo;une grande exp\u00e9rience pour ce qui est de l&rsquo;esth\u00e9tique dentaire et pouvons nous vanter des clients satisfaits presque autant que eux ils se vantent, aujourd&rsquo;hui, de leurs beaux sourires.<\/p>\n<p style=\"text-align: justify;\"><img fetchpriority=\"high\" decoding=\"async\" class=\"aligncenter wp-image-366 size-full\" src=\"https:\/\/www.centredentalcise.com\/wp-content\/uploads\/2016\/03\/Estetica-dental.jpg\" alt=\"Est\u00e8tica dental | Centre Dental Cise\" width=\"1150\" height=\"766\" srcset=\"https:\/\/centredentalcise.com\/wp-content\/uploads\/2016\/03\/Estetica-dental.jpg 1150w, https:\/\/centredentalcise.com\/wp-content\/uploads\/2016\/03\/Estetica-dental-300x200.jpg 300w, https:\/\/centredentalcise.com\/wp-content\/uploads\/2016\/03\/Estetica-dental-768x512.jpg 768w, https:\/\/centredentalcise.com\/wp-content\/uploads\/2016\/03\/Estetica-dental-1024x682.jpg 1024w\" sizes=\"(max-width: 1150px) 100vw, 1150px\" \/><\/p>\n<p><\/p>","protected":false},"excerpt":{"rendered":"<p>Montrer un beau et lumineux sourire apporte de la lumi\u00e8re \u00e0 notre apparence et nous fait sentir mieux. Grace aux progr\u00e8s de la dentisterie esth\u00e9tique nous pouvons am\u00e9liorer votre sourire avec des traitements rapides, tout \u00e0 fait indolores et incroyablement abordables. De nos jours l&rsquo;esth\u00e9tique dentaire permet de faire blanchir les dents, en changer la<br \/><a class=\"moretag\" href=\"https:\/\/centredentalcise.com\/fr\/tractaments\/estetica-dental\/\">+ Read More<\/a><\/p>\n","protected":false},"author":1,"featured_media":1493,"parent":1166,"menu_order":0,"comment_status":"closed","ping_status":"closed","template":"","meta":{"footnotes":""},"class_list":["post-26","page","type-page","status-publish","has-post-thumbnail","hentry"],"_links":{"self":[{"href":"https:\/\/centredentalcise.com\/fr\/wp-json\/wp\/v2\/pages\/26","targetHints":{"allow":["GET"]}}],"collection":[{"href":"https:\/\/centredentalcise.com\/fr\/wp-json\/wp\/v2\/pages"}],"about":[{"href":"https:\/\/centredentalcise.com\/fr\/wp-json\/wp\/v2\/types\/page"}],"author":[{"embeddable":true,"href":"https:\/\/centredentalcise.com\/fr\/wp-json\/wp\/v2\/users\/1"}],"replies":[{"embeddable":true,"href":"https:\/\/centredentalcise.com\/fr\/wp-json\/wp\/v2\/comments?post=26"}],"version-history":[{"count":0,"href":"https:\/\/centredentalcise.com\/fr\/wp-json\/wp\/v2\/pages\/26\/revisions"}],"up":[{"embeddable":true,"href":"https:\/\/centredentalcise.com\/fr\/wp-json\/wp\/v2\/pages\/1166"}],"wp:featuredmedia":[{"embeddable":true,"href":"https:\/\/centredentalcise.com\/fr\/wp-json\/wp\/v2\/media\/1493"}],"wp:attachment":[{"href":"https:\/\/centredentalcise.com\/fr\/wp-json\/wp\/v2\/media?parent=26"}],"curies":[{"name":"wp","href":"https:\/\/api.w.org\/{rel}","templated":true}]}}