{"id":24,"date":"2016-03-09T10:10:44","date_gmt":"2016-03-09T09:10:44","guid":{"rendered":"http:\/\/www.centredentalcise.com\/info\/?page_id=24"},"modified":"2023-09-22T17:43:01","modified_gmt":"2023-09-22T15:43:01","slug":"ortodoncia","status":"publish","type":"page","link":"https:\/\/centredentalcise.com\/fr\/tractaments\/ortodoncia\/","title":{"rendered":"Orthodontie et Orthodontie invisible"},"content":{"rendered":"\t\t<div data-elementor-type=\"wp-page\" data-elementor-id=\"24\" class=\"elementor elementor-24\" data-elementor-post-type=\"page\">\n\t\t\t\t\t\t<section class=\"elementor-section elementor-top-section elementor-element elementor-element-42dead0 elementor-section-full_width elementor-section-height-default elementor-section-height-default\" data-id=\"42dead0\" data-element_type=\"section\" data-e-type=\"section\">\n\t\t\t\t\t\t<div class=\"elementor-container elementor-column-gap-no\">\n\t\t\t\t\t<div class=\"elementor-column elementor-col-100 elementor-top-column elementor-element elementor-element-607089b9\" data-id=\"607089b9\" data-element_type=\"column\" data-e-type=\"column\">\n\t\t\t<div class=\"elementor-widget-wrap elementor-element-populated\">\n\t\t\t\t\t\t<div class=\"elementor-element elementor-element-36d842a7 elementor-widget elementor-widget-text-editor\" data-id=\"36d842a7\" data-element_type=\"widget\" data-e-type=\"widget\" data-widget_type=\"text-editor.default\">\n\t\t\t\t<div class=\"elementor-widget-container\">\n\t\t\t\t\t\t\t\t\t<p>Orthodontics is a branch of odontology that deals with diagnosis, prevention and treatment of any kind of dentofacial irregularity or dental malocclusion. Its aim is to get the perfect position for the teeth, with its benefits both for aesthetics and health, as well as the normal maxillary coordination, getting facial harmony. Healthy teeth that work correctly and a balanced face which enhances the patient\u2019s self-steam and his\/her social acceptance.<\/p><p style=\"text-align: justify;\">It is used in children and teenagers because their bones are growing up and their teeth replacing, so it acts over both structures. Once the growth is finished, it can only act over teeth. Craniofacial growth is over at the age of 15 for women and 19 for men.<\/p><p style=\"text-align: justify;\">Anyway, orthodontics can be applied at any age and can correct bad teeth position to get a healthy mouth. A beautiful smile lights up your face and makes it more attractive.<\/p><h3 style=\"text-align: center;\">Nowadays there are three kinds of Orthodontics:<br \/>Conventional, Aesthetics and Invisible Orthodontics<\/h3><p style=\"text-align: justify;\">Dental aesthetics is associated to the correct position of the teeth. We use <strong>corrective orthodontic treatments<\/strong>, such as <strong>aesthetic brackets<\/strong>, almost invisible. In this way the treatment is faster and easier to apply at an elder age.<\/p><p style=\"text-align: justify;\">Invisible Orthodontics is a qualitative leap forward to improve the quality of live for the patient. Its advantages are unquestionable:<\/p><ol><li style=\"text-align: justify;\"><strong>Transparent material<\/strong>, almost invisible<\/li><li style=\"text-align: justify;\"><strong>Really comfortable<\/strong>, without mouth sores or scratches.<\/li><li style=\"text-align: justify;\"><strong>Removable<\/strong>: a compact design, easy to take out at a meeting, for a meal o when brushing teeth.<\/li><\/ol><p style=\"text-align: justify;\"><strong>Invisible Orthodontics<\/strong>: a revolutionary treatment that solves the typical disadvantages of the classical metal ones.<\/p><p style=\"text-align: justify;\">We will study your case with no commitment. The advantages of this new system will convince you.<\/p>\t\t\t\t\t\t\t\t<\/div>\n\t\t\t\t<\/div>\n\t\t\t\t<div class=\"elementor-element elementor-element-97837a8 elementor-widget elementor-widget-image\" data-id=\"97837a8\" data-element_type=\"widget\" data-e-type=\"widget\" data-widget_type=\"image.default\">\n\t\t\t\t<div class=\"elementor-widget-container\">\n\t\t\t\t\t\t\t\t\t\t\t\t\t\t\t<img fetchpriority=\"high\" decoding=\"async\" width=\"800\" height=\"489\" src=\"https:\/\/centredentalcise.com\/wp-content\/uploads\/2023\/09\/Ortodoncia-invisble-Invisalign.jpg\" class=\"attachment-full size-full wp-image-83794\" alt=\"Centre Dental Cise - Figueres | Invisible orthodontics\" srcset=\"https:\/\/centredentalcise.com\/wp-content\/uploads\/2023\/09\/Ortodoncia-invisble-Invisalign.jpg 800w, https:\/\/centredentalcise.com\/wp-content\/uploads\/2023\/09\/Ortodoncia-invisble-Invisalign-300x183.jpg 300w, https:\/\/centredentalcise.com\/wp-content\/uploads\/2023\/09\/Ortodoncia-invisble-Invisalign-150x92.jpg 150w, https:\/\/centredentalcise.com\/wp-content\/uploads\/2023\/09\/Ortodoncia-invisble-Invisalign-768x469.jpg 768w\" sizes=\"(max-width: 800px) 100vw, 800px\" \/>\t\t\t\t\t\t\t\t\t\t\t\t\t\t\t<\/div>\n\t\t\t\t<\/div>\n\t\t\t\t\t<\/div>\n\t\t<\/div>\n\t\t\t\t\t<\/div>\n\t\t<\/section>\n\t\t\t\t<\/div>\n\t\t","protected":false},"excerpt":{"rendered":"<p>L\u2019Orthodontie est une branche de l\u2019Art dentaire,\u00a0sp\u00e9cialis\u00e9e dans le diagnostic, la pr\u00e9vention et le traitement des irr\u00e9gularit\u00e9s dentaires et faciales ou mauvaise occlusion (du mal pour mordre correctement). Elle cherche le positionnement parfait des dents, avec les bienfaits esth\u00e9tiques et pour la sant\u00e9 que cela comporte. Ainsi que la\u00a0coordination normale des maxillaires, pour atteindre l\u2019harmonie<br \/><a class=\"moretag\" href=\"https:\/\/centredentalcise.com\/fr\/tractaments\/ortodoncia\/\">+ Read More<\/a><\/p>\n","protected":false},"author":1,"featured_media":83792,"parent":1166,"menu_order":0,"comment_status":"closed","ping_status":"closed","template":"","meta":{"footnotes":""},"class_list":["post-24","page","type-page","status-publish","has-post-thumbnail","hentry"],"_links":{"self":[{"href":"https:\/\/centredentalcise.com\/fr\/wp-json\/wp\/v2\/pages\/24","targetHints":{"allow":["GET"]}}],"collection":[{"href":"https:\/\/centredentalcise.com\/fr\/wp-json\/wp\/v2\/pages"}],"about":[{"href":"https:\/\/centredentalcise.com\/fr\/wp-json\/wp\/v2\/types\/page"}],"author":[{"embeddable":true,"href":"https:\/\/centredentalcise.com\/fr\/wp-json\/wp\/v2\/users\/1"}],"replies":[{"embeddable":true,"href":"https:\/\/centredentalcise.com\/fr\/wp-json\/wp\/v2\/comments?post=24"}],"version-history":[{"count":0,"href":"https:\/\/centredentalcise.com\/fr\/wp-json\/wp\/v2\/pages\/24\/revisions"}],"up":[{"embeddable":true,"href":"https:\/\/centredentalcise.com\/fr\/wp-json\/wp\/v2\/pages\/1166"}],"wp:featuredmedia":[{"embeddable":true,"href":"https:\/\/centredentalcise.com\/fr\/wp-json\/wp\/v2\/media\/83792"}],"wp:attachment":[{"href":"https:\/\/centredentalcise.com\/fr\/wp-json\/wp\/v2\/media?parent=24"}],"curies":[{"name":"wp","href":"https:\/\/api.w.org\/{rel}","templated":true}]}}