{"id":22,"date":"2016-03-09T10:10:16","date_gmt":"2016-03-09T09:10:16","guid":{"rendered":"http:\/\/www.centredentalcise.com\/info\/?page_id=22"},"modified":"2021-11-19T10:13:37","modified_gmt":"2021-11-19T09:13:37","slug":"rehabilitacio-oral","status":"publish","type":"page","link":"https:\/\/centredentalcise.com\/fr\/tractaments\/rehabilitacio-oral\/","title":{"rendered":"R\u00e9habilitation bucco-dentaire"},"content":{"rendered":"<p><\/p>\n<p style=\"text-align: justify;\">On peut perdre les dents pour des causes diff\u00e9rentes: Caries ou maladie parodontale.<\/p>\n<p style=\"text-align: justify;\">La perte d\u2019une ou deux pi\u00e8ces conduit les autres \u00e0 travailler plus que de normal, et g\u00e9n\u00e8re des surcharges et des mouvements.<\/p>\n<p style=\"text-align: justify;\">La <strong>R\u00e9habilitation bucco-dentaire<\/strong> est la partie de la dentisterie qui se charge de restaurer et de rendre l&rsquo;esth\u00e9tique et la fonction.<\/p>\n<p style=\"text-align: justify;\">Dans notre centre nous cherchons un plan sp\u00e9cifique \u00e0 chaque patient pour r\u00e9cup\u00e9rer sa sant\u00e9 bucco-dentaire moyennant les techniques de r\u00e9habilitation les plus modernes. Nous relions ce traitement \u00e0 d\u2019autres, comme la parodontologie, le traitement endodontique et l\u2019orthodontie.<\/p>\n<p style=\"text-align: justify;\">Avec les nouvelles techniques de dentisterie on arrive \u00e0 faire ces r\u00e9habilitations avec des proth\u00e8ses fix\u00e9es sur les dents ou sur les implants dentaires, sur plus du 95% des patients, tout en \u00e9vitant les proth\u00e8ses amovibles, beaucoup plus embarrassantes.<\/p>\n<p style=\"text-align: justify;\"><img fetchpriority=\"high\" decoding=\"async\" class=\"aligncenter wp-image-379 size-full\" src=\"https:\/\/www.centredentalcise.com\/wp-content\/uploads\/2016\/03\/rehabilitacion-oral.jpg\" alt=\"Rehabilitaci\u00f3 Oral | Centre Dental Cise | Dentistes de confian\u00e7a a Figueres\" width=\"960\" height=\"500\" srcset=\"https:\/\/centredentalcise.com\/wp-content\/uploads\/2016\/03\/rehabilitacion-oral.jpg 960w, https:\/\/centredentalcise.com\/wp-content\/uploads\/2016\/03\/rehabilitacion-oral-300x156.jpg 300w, https:\/\/centredentalcise.com\/wp-content\/uploads\/2016\/03\/rehabilitacion-oral-768x400.jpg 768w\" sizes=\"(max-width: 960px) 100vw, 960px\" \/><\/p>\n<p><\/p>","protected":false},"excerpt":{"rendered":"<p>On peut perdre les dents pour des causes diff\u00e9rentes: Caries ou maladie parodontale. La perte d\u2019une ou deux pi\u00e8ces conduit les autres \u00e0 travailler plus que de normal, et g\u00e9n\u00e8re des surcharges et des mouvements. La R\u00e9habilitation bucco-dentaire est la partie de la dentisterie qui se charge de restaurer et de rendre l&rsquo;esth\u00e9tique et la<br \/><a class=\"moretag\" href=\"https:\/\/centredentalcise.com\/fr\/tractaments\/rehabilitacio-oral\/\">+ Read More<\/a><\/p>\n","protected":false},"author":1,"featured_media":1489,"parent":1166,"menu_order":0,"comment_status":"closed","ping_status":"closed","template":"","meta":{"footnotes":""},"class_list":["post-22","page","type-page","status-publish","has-post-thumbnail","hentry"],"_links":{"self":[{"href":"https:\/\/centredentalcise.com\/fr\/wp-json\/wp\/v2\/pages\/22","targetHints":{"allow":["GET"]}}],"collection":[{"href":"https:\/\/centredentalcise.com\/fr\/wp-json\/wp\/v2\/pages"}],"about":[{"href":"https:\/\/centredentalcise.com\/fr\/wp-json\/wp\/v2\/types\/page"}],"author":[{"embeddable":true,"href":"https:\/\/centredentalcise.com\/fr\/wp-json\/wp\/v2\/users\/1"}],"replies":[{"embeddable":true,"href":"https:\/\/centredentalcise.com\/fr\/wp-json\/wp\/v2\/comments?post=22"}],"version-history":[{"count":0,"href":"https:\/\/centredentalcise.com\/fr\/wp-json\/wp\/v2\/pages\/22\/revisions"}],"up":[{"embeddable":true,"href":"https:\/\/centredentalcise.com\/fr\/wp-json\/wp\/v2\/pages\/1166"}],"wp:featuredmedia":[{"embeddable":true,"href":"https:\/\/centredentalcise.com\/fr\/wp-json\/wp\/v2\/media\/1489"}],"wp:attachment":[{"href":"https:\/\/centredentalcise.com\/fr\/wp-json\/wp\/v2\/media?parent=22"}],"curies":[{"name":"wp","href":"https:\/\/api.w.org\/{rel}","templated":true}]}}