{"id":20,"date":"2016-03-09T10:09:52","date_gmt":"2016-03-09T09:09:52","guid":{"rendered":"http:\/\/www.centredentalcise.com\/info\/?page_id=20"},"modified":"2021-11-19T10:15:59","modified_gmt":"2021-11-19T09:15:59","slug":"implants-dentals","status":"publish","type":"page","link":"https:\/\/centredentalcise.com\/fr\/tractaments\/implants-dentals\/","title":{"rendered":"Implants dentaires"},"content":{"rendered":"<p><\/p>\n<p style=\"text-align: justify;\">Les implants dentaires sont une tr\u00e8s bonne option pour remplacer une ou plusieurs pi\u00e8ces manquantes.<\/p>\n<p style=\"text-align: justify;\">Quand on perd une dent, on perd aussi bien la couronne que la racine. Pour remplacer cette racine nous utiliserons un genre de vis en titane que sera plac\u00e9e dans l\u2019os du maxillaire \u201csur un lit osseux\u201d, que nous reconstruirons, avec une anesth\u00e9sie locale.<\/p>\n<h3><strong>Pourquoi remplacer les dents perdues?<\/strong><\/h3>\n<ul>\n<li style=\"text-align: justify;\">En perdant des pi\u00e8ces le fait de m\u00e2cher\u00a0devient compliqu\u00e9.<\/li>\n<li style=\"text-align: justify;\">Aussi les dents et molaires qui restent prennent plus de charge, ce qui \u00e9courte leur vie.<\/li>\n<li style=\"text-align: justify;\">Les pi\u00e8ces voisines sont priv\u00e9es de leur axe en devenant instables ce qui engage l\u2019articulation mandibulaire.<\/li>\n<li style=\"text-align: justify;\">Il y a aussi l\u2019impact esth\u00e9tique.<\/li>\n<\/ul>\n<h3 style=\"text-align: justify;\"><strong>De combien d&rsquo;implants dentaires a-t-on besoin?<\/strong><\/h3>\n<p style=\"text-align: justify;\">Le nombre d\u2019implants dentaires est d\u00e9cid\u00e9 selon chaque cas. Pour cette raison on fera des mod\u00e8les en pl\u00e2tre, on prendra des radios et d\u2019autres examens compl\u00e9mentaires, tout ce dont on a besoin pour une \u00e9tude d\u00b4implantologie.<\/p>\n<h3 style=\"text-align: justify;\"><strong>Combien de temps les implants dentaires vont-ils tenir?<\/strong><\/h3>\n<p style=\"text-align: justify;\">La dur\u00e9e des implants d\u00e9pendra\u00a0surtout des r\u00e9visions que le patient passera \u00e0 la clinique dentaire, de la possible pr\u00e9sence d\u2019habitudes nocives, comme le tabagisme, ainsi que du soin personnel quotidien.<\/p>\n<p style=\"text-align: justify;\">Les implants dentaires dont nous nous servons dans notre centre sont de toute qualit\u00e9. N\u00e9anmoins, nous demandons un entretien r\u00e9gulier chez le dentiste pour en assurer une durabilit\u00e9 maximale.<\/p>\n<p style=\"text-align: justify;\"><img fetchpriority=\"high\" decoding=\"async\" class=\"aligncenter wp-image-606 size-full\" src=\"https:\/\/www.centredentalcise.com\/wp-content\/uploads\/2016\/03\/Implants.jpg\" alt=\"Implants dentals\" width=\"1200\" height=\"633\" srcset=\"https:\/\/centredentalcise.com\/wp-content\/uploads\/2016\/03\/Implants.jpg 1200w, https:\/\/centredentalcise.com\/wp-content\/uploads\/2016\/03\/Implants-300x158.jpg 300w, https:\/\/centredentalcise.com\/wp-content\/uploads\/2016\/03\/Implants-768x405.jpg 768w, https:\/\/centredentalcise.com\/wp-content\/uploads\/2016\/03\/Implants-1024x540.jpg 1024w\" sizes=\"(max-width: 1200px) 100vw, 1200px\" \/><\/p>\n<p><\/p>","protected":false},"excerpt":{"rendered":"<p>Les implants dentaires sont une tr\u00e8s bonne option pour remplacer une ou plusieurs pi\u00e8ces manquantes. Quand on perd une dent, on perd aussi bien la couronne que la racine. Pour remplacer cette racine nous utiliserons un genre de vis en titane que sera plac\u00e9e dans l\u2019os du maxillaire \u201csur un lit osseux\u201d, que nous reconstruirons,<br \/><a class=\"moretag\" href=\"https:\/\/centredentalcise.com\/fr\/tractaments\/implants-dentals\/\">+ Read More<\/a><\/p>\n","protected":false},"author":1,"featured_media":1483,"parent":1166,"menu_order":0,"comment_status":"closed","ping_status":"closed","template":"","meta":{"footnotes":""},"class_list":["post-20","page","type-page","status-publish","has-post-thumbnail","hentry"],"_links":{"self":[{"href":"https:\/\/centredentalcise.com\/fr\/wp-json\/wp\/v2\/pages\/20","targetHints":{"allow":["GET"]}}],"collection":[{"href":"https:\/\/centredentalcise.com\/fr\/wp-json\/wp\/v2\/pages"}],"about":[{"href":"https:\/\/centredentalcise.com\/fr\/wp-json\/wp\/v2\/types\/page"}],"author":[{"embeddable":true,"href":"https:\/\/centredentalcise.com\/fr\/wp-json\/wp\/v2\/users\/1"}],"replies":[{"embeddable":true,"href":"https:\/\/centredentalcise.com\/fr\/wp-json\/wp\/v2\/comments?post=20"}],"version-history":[{"count":0,"href":"https:\/\/centredentalcise.com\/fr\/wp-json\/wp\/v2\/pages\/20\/revisions"}],"up":[{"embeddable":true,"href":"https:\/\/centredentalcise.com\/fr\/wp-json\/wp\/v2\/pages\/1166"}],"wp:featuredmedia":[{"embeddable":true,"href":"https:\/\/centredentalcise.com\/fr\/wp-json\/wp\/v2\/media\/1483"}],"wp:attachment":[{"href":"https:\/\/centredentalcise.com\/fr\/wp-json\/wp\/v2\/media?parent=20"}],"curies":[{"name":"wp","href":"https:\/\/api.w.org\/{rel}","templated":true}]}}