{"id":1810,"date":"2017-04-18T10:11:41","date_gmt":"2017-04-18T10:11:41","guid":{"rendered":"http:\/\/www.centredentalcise.com\/info\/?page_id=1810"},"modified":"2021-11-19T10:00:44","modified_gmt":"2021-11-19T09:00:44","slug":"cataleg-corporatiu","status":"publish","type":"page","link":"https:\/\/centredentalcise.com\/fr\/cataleg-corporatiu\/","title":{"rendered":"Catalogue corporatif"},"content":{"rendered":"<p><\/p>\n<p style=\"text-align: justify;\">Dans cette section nous laissons \u00e0 votre disposition notre\u00a0<strong>catalogue corporatif<\/strong>, que vous pourrez consulter et m\u00eame t\u00e9l\u00e9charger pour recevoir toutes les informations sur notre centre.<\/p>\n<p style=\"text-align: justify;\">Notre histoire, les traitements et services que nous faisons, notre philosophie et mission sociale, entre autres, ainsi que les \u00e9l\u00e9ments diff\u00e9rentiels de\u00a0<strong>Centre Dental Cise<\/strong>. Tout en\u00a0un seul clic.<\/p>\n<p style=\"text-align: justify;\">En fait, nous sommes depuis +\u00a0<strong>de 40 ans au service de la sant\u00e9 buccale<\/strong>, en gardant toujours comme marque d\u2019identit\u00e9 la Confiance et l\u2019Int\u00e9grit\u00e9, une grande Exp\u00e9rience, Professionnalit\u00e9, Honn\u00eatet\u00e9 et Proximit\u00e9. Nous nous soucions de ce dont vous avez vraiment besoin\u2026 Votre Sant\u00e9, le plus important pour vous et pour nous\u00a0!<\/p>\n<p style=\"text-align: justify;\">De plus, nous apportons une\u00a0<strong>parfaite symbiose entre le dentiste et le proth\u00e9tique<\/strong>,\u00a0<strong>service de dents en quelques heures<\/strong>,\u00a0<strong>v\u00e9hicule de courtoisie gratuit<\/strong>, service de<strong>\u00a0s\u00e9dation consciente<\/strong>, surtout pour les patients \u00e0 qui la visite chez le dentiste impose une pression suppl\u00e9mentaire, ce qui nous rend diff\u00e9rents au reste de cliniques dentaires de la r\u00e9gion. Nous sommes presque les seuls \u00e0 disposer du <strong>TAC-3D<\/strong>, la\u00a0<strong>technologie la plus avanc\u00e9e<\/strong>.<\/p>\n<h3 style=\"text-align: justify;\">Nous souhaitons attirer votre attention!<\/h3>\n<p><div class=\"_df_book df-lite\" id=\"df_3347\"  _slug=\"cataleg-corporatiu-cat\" data-title=\"cataleg-corporatiu-cat\" wpoptions=\"true\" thumbtype=\"\" ><\/div><script class=\"df-shortcode-script\" nowprocket type=\"application\/javascript\">window.option_df_3347 = {\"webgl\":\"false\",\"outline\":[],\"backgroundColor\":\"#f1f2f3\",\"height\":\"auto\",\"autoEnableOutline\":\"false\",\"autoEnableThumbnail\":\"false\",\"overwritePDFOutline\":\"false\",\"direction\":\"1\",\"pageSize\":\"0\",\"pageMode\":\"1\",\"controlsPosition\":\"top\",\"source\":\"https:\\\/\\\/www.centredentalcise.com\\\/wp-content\\\/uploads\\\/2017\\\/04\\\/Centre-Dental-Cise-Cat\\u00e0leg-corporatiu.pdf\",\"wpOptions\":\"true\"}; if(window.DFLIP && window.DFLIP.parseBooks){window.DFLIP.parseBooks();}<\/script><\/p>","protected":false},"excerpt":{"rendered":"<p>Dans cette section nous laissons \u00e0 votre disposition notre\u00a0catalogue corporatif, que vous pourrez consulter et m\u00eame t\u00e9l\u00e9charger pour recevoir toutes les informations sur notre centre. Notre histoire, les traitements et services que nous faisons, notre philosophie et mission sociale, entre autres, ainsi que les \u00e9l\u00e9ments diff\u00e9rentiels de\u00a0Centre Dental Cise. Tout en\u00a0un seul clic. En fait,<br \/><a class=\"moretag\" href=\"https:\/\/centredentalcise.com\/fr\/cataleg-corporatiu\/\">+ Read More<\/a><\/p>\n","protected":false},"author":1,"featured_media":1965,"parent":0,"menu_order":0,"comment_status":"closed","ping_status":"closed","template":"","meta":{"footnotes":""},"class_list":["post-1810","page","type-page","status-publish","has-post-thumbnail","hentry"],"_links":{"self":[{"href":"https:\/\/centredentalcise.com\/fr\/wp-json\/wp\/v2\/pages\/1810","targetHints":{"allow":["GET"]}}],"collection":[{"href":"https:\/\/centredentalcise.com\/fr\/wp-json\/wp\/v2\/pages"}],"about":[{"href":"https:\/\/centredentalcise.com\/fr\/wp-json\/wp\/v2\/types\/page"}],"author":[{"embeddable":true,"href":"https:\/\/centredentalcise.com\/fr\/wp-json\/wp\/v2\/users\/1"}],"replies":[{"embeddable":true,"href":"https:\/\/centredentalcise.com\/fr\/wp-json\/wp\/v2\/comments?post=1810"}],"version-history":[{"count":0,"href":"https:\/\/centredentalcise.com\/fr\/wp-json\/wp\/v2\/pages\/1810\/revisions"}],"wp:featuredmedia":[{"embeddable":true,"href":"https:\/\/centredentalcise.com\/fr\/wp-json\/wp\/v2\/media\/1965"}],"wp:attachment":[{"href":"https:\/\/centredentalcise.com\/fr\/wp-json\/wp\/v2\/media?parent=1810"}],"curies":[{"name":"wp","href":"https:\/\/api.w.org\/{rel}","templated":true}]}}