{"id":18,"date":"2016-03-09T10:09:31","date_gmt":"2016-03-09T09:09:31","guid":{"rendered":"http:\/\/www.centredentalcise.com\/info\/?page_id=18"},"modified":"2020-12-08T21:43:51","modified_gmt":"2020-12-08T20:43:51","slug":"odontologia-general","status":"publish","type":"page","link":"https:\/\/centredentalcise.com\/fr\/tractaments\/odontologia-general\/","title":{"rendered":"Dentisterie generale"},"content":{"rendered":"<p><\/p>\n<p style=\"text-align: justify;\">Le dentiste g\u00e9n\u00e9ral est le professionnel en charge de la phase de diagnostic, c\u00b4est \u00e0 dire des premi\u00e8res visites.<\/p>\n<p style=\"text-align: justify;\">Il d\u00e9tecte chacun des probl\u00e8mes dans la bouche (dents, gencives, muscles\u2026)<\/p>\n<p style=\"text-align: justify;\">Il est aussi en charge de la pr\u00e9vention et de rendre la fonction et l\u00b4esth\u00e9tique \u00e0 la bouche moyennant l\u00b4endodontie, en reconstruisant et\/ou en rempla\u00e7ant les dents.<\/p>\n<p style=\"text-align: justify;\">Notre clinique dentaire met \u00e1 votre disposition toutes les solutions dont vous ayez besoin, car elle est compos\u00e9 par une \u00e9quipe de professionnels multidisciplinaire qui inclut toutes les sp\u00e9cialit\u00e9s: parodontie, endodontie, chirurgie, odontop\u00e9diatrie, esth\u00e9tique et orthodontie.<\/p>\n<p style=\"text-align: justify;\">Toute sorte de traitements : obturations, reconstructions, endodonties, traitement de l\u00b4ATM comme l\u00b4\u00e9tude de l\u00b4articulation, f\u00e9rulas, soins de l\u00b4usure d\u00fb au bruxisme, au ronflement et aussi des apn\u00e9es du sommeil.<\/p>\n<p style=\"text-align: justify;\"><img fetchpriority=\"high\" decoding=\"async\" class=\"aligncenter wp-image-604 size-full\" src=\"http:\/\/www.centredentalcise.com\/info\/wp-content\/uploads\/2016\/03\/Odontologia.jpg\" alt=\"Odontologia\" width=\"1200\" height=\"725\" srcset=\"https:\/\/centredentalcise.com\/wp-content\/uploads\/2016\/03\/Odontologia.jpg 1200w, https:\/\/centredentalcise.com\/wp-content\/uploads\/2016\/03\/Odontologia-300x181.jpg 300w, https:\/\/centredentalcise.com\/wp-content\/uploads\/2016\/03\/Odontologia-768x464.jpg 768w, https:\/\/centredentalcise.com\/wp-content\/uploads\/2016\/03\/Odontologia-1024x619.jpg 1024w\" sizes=\"(max-width: 1200px) 100vw, 1200px\" \/><\/p>\n<p><\/p>","protected":false},"excerpt":{"rendered":"<p>Le dentiste g\u00e9n\u00e9ral est le professionnel en charge de la phase de diagnostic, c\u00b4est \u00e0 dire des premi\u00e8res visites. Il d\u00e9tecte chacun des probl\u00e8mes dans la bouche (dents, gencives, muscles\u2026) Il est aussi en charge de la pr\u00e9vention et de rendre la fonction et l\u00b4esth\u00e9tique \u00e0 la bouche moyennant l\u00b4endodontie, en reconstruisant et\/ou en rempla\u00e7ant<br \/><a class=\"moretag\" href=\"https:\/\/centredentalcise.com\/fr\/tractaments\/odontologia-general\/\">+ Read More<\/a><\/p>\n","protected":false},"author":1,"featured_media":1481,"parent":1166,"menu_order":0,"comment_status":"closed","ping_status":"closed","template":"","meta":{"footnotes":""},"class_list":["post-18","page","type-page","status-publish","has-post-thumbnail","hentry"],"_links":{"self":[{"href":"https:\/\/centredentalcise.com\/fr\/wp-json\/wp\/v2\/pages\/18","targetHints":{"allow":["GET"]}}],"collection":[{"href":"https:\/\/centredentalcise.com\/fr\/wp-json\/wp\/v2\/pages"}],"about":[{"href":"https:\/\/centredentalcise.com\/fr\/wp-json\/wp\/v2\/types\/page"}],"author":[{"embeddable":true,"href":"https:\/\/centredentalcise.com\/fr\/wp-json\/wp\/v2\/users\/1"}],"replies":[{"embeddable":true,"href":"https:\/\/centredentalcise.com\/fr\/wp-json\/wp\/v2\/comments?post=18"}],"version-history":[{"count":0,"href":"https:\/\/centredentalcise.com\/fr\/wp-json\/wp\/v2\/pages\/18\/revisions"}],"up":[{"embeddable":true,"href":"https:\/\/centredentalcise.com\/fr\/wp-json\/wp\/v2\/pages\/1166"}],"wp:featuredmedia":[{"embeddable":true,"href":"https:\/\/centredentalcise.com\/fr\/wp-json\/wp\/v2\/media\/1481"}],"wp:attachment":[{"href":"https:\/\/centredentalcise.com\/fr\/wp-json\/wp\/v2\/media?parent=18"}],"curies":[{"name":"wp","href":"https:\/\/api.w.org\/{rel}","templated":true}]}}