{"id":1664,"date":"2017-03-23T11:02:34","date_gmt":"2017-03-23T11:02:34","guid":{"rendered":"http:\/\/www.centredentalcise.com\/info\/?page_id=1664"},"modified":"2021-11-19T11:01:24","modified_gmt":"2021-11-19T10:01:24","slug":"dents-en-unes-hores","status":"publish","type":"page","link":"https:\/\/centredentalcise.com\/fr\/dents-en-unes-hores\/","title":{"rendered":"Des dents en quelques heures!"},"content":{"rendered":"<p><\/p>\n<p style=\"text-align: justify;\">Depuis quelque temps et gr\u00e2ce au progr\u00e8s de la m\u00e9decine dentaire, toute personne avec une proth\u00e8se amovible ou avec des dents tr\u00e8s endommag\u00e9s peut disposer de dents fixes en une seule journ\u00e9e.<\/p>\n<p style=\"text-align: justify;\">En une session les implants dentaires sont plac\u00e9s, ce seront les nouvelles racines des dents. Ensuite les dents seront fix\u00e9es sur les implants pos\u00e9s quelques heures plus t\u00f4t.<\/p>\n<p style=\"text-align: justify;\">\u00c0 l\u2019aide de la chirurgie guid\u00e9e et non traumatique, pas besoin de bistouri, la g\u00eane pour le patient sera tr\u00e8s l\u00e9g\u00e8re et la r\u00e9cup\u00e9ration se fera en un temps record. Le patient va r\u00e9cup\u00e9rer la fonction de m\u00e2cher imm\u00e9diatement, les dents sont fix\u00e9es et on obtient une esth\u00e9tique parfaite.<\/p>\n<p style=\"text-align: justify;\">Ils sont ce qu\u2019on appelle les implants de charge imm\u00e9diate, que sont plac\u00e9s en seulement 4 pas:<\/p>\n<ul style=\"text-align: justify;\">\n<li>Nous prenons les mesures.<\/li>\n<li>Nous faisons une attelle chirurgicale.<\/li>\n<li>Nous\u00a0pla\u00e7ons les implants dentaires.<\/li>\n<li>Et finalement nous posons les dents fixes.<\/li>\n<\/ul>\n<p style=\"text-align: justify;\">Ce genre de technique d\u2019implantologie si avanc\u00e9e demande des dentistes chirurgiens vraiment exp\u00e9riment\u00e9s avec un grand bagage en connaissances sp\u00e9cifiques, ainsi qu\u2019une parfaite symbiose entre le Dentiste et le Proth\u00e9siste.<\/p>\n<p style=\"text-align: justify;\">Faites confiance au\u00a0<strong>Centre Dental Cise<\/strong>, nos professionnels ont une grande exp\u00e9rience dans le placement d\u2019implants de charge imm\u00e9diate, ainsi qu\u2019une tr\u00e8s \u00e9troite relation avec le professionnel proth\u00e9siste, le laboratoire qui se trouve dans le m\u00eame immeuble. Vos dents en seulement quelques heures, sans douleur et sans p\u00e9riode postop\u00e9ratoire!<\/p>\n<p style=\"text-align: justify;\">Service d\u2019implants de charge imm\u00e9diate en seulement quelques heures, parce que la bouche ne peut pas attendre!<\/p>\n<p><img fetchpriority=\"high\" decoding=\"async\" class=\"aligncenter wp-image-1777 size-full\" src=\"https:\/\/www.centredentalcise.com\/wp-content\/uploads\/2017\/03\/Dents-en-unes-hores.jpg\" alt=\"Dents en unes hores | Centre Dental Cise\" width=\"1200\" height=\"800\" srcset=\"https:\/\/centredentalcise.com\/wp-content\/uploads\/2017\/03\/Dents-en-unes-hores.jpg 1200w, https:\/\/centredentalcise.com\/wp-content\/uploads\/2017\/03\/Dents-en-unes-hores-150x100.jpg 150w, https:\/\/centredentalcise.com\/wp-content\/uploads\/2017\/03\/Dents-en-unes-hores-300x200.jpg 300w, https:\/\/centredentalcise.com\/wp-content\/uploads\/2017\/03\/Dents-en-unes-hores-768x512.jpg 768w, https:\/\/centredentalcise.com\/wp-content\/uploads\/2017\/03\/Dents-en-unes-hores-1024x683.jpg 1024w\" sizes=\"(max-width: 1200px) 100vw, 1200px\" \/><\/p>","protected":false},"excerpt":{"rendered":"<p>Depuis quelque temps et gr\u00e2ce au progr\u00e8s de la m\u00e9decine dentaire, toute personne avec une proth\u00e8se amovible ou avec des dents tr\u00e8s endommag\u00e9s peut disposer de dents fixes en une seule journ\u00e9e. En une session les implants dentaires sont plac\u00e9s, ce seront les nouvelles racines des dents. Ensuite les dents seront fix\u00e9es sur les implants<br \/><a class=\"moretag\" href=\"https:\/\/centredentalcise.com\/fr\/dents-en-unes-hores\/\">+ Read More<\/a><\/p>\n","protected":false},"author":1,"featured_media":1734,"parent":0,"menu_order":0,"comment_status":"closed","ping_status":"closed","template":"","meta":{"footnotes":""},"class_list":["post-1664","page","type-page","status-publish","has-post-thumbnail","hentry"],"_links":{"self":[{"href":"https:\/\/centredentalcise.com\/fr\/wp-json\/wp\/v2\/pages\/1664","targetHints":{"allow":["GET"]}}],"collection":[{"href":"https:\/\/centredentalcise.com\/fr\/wp-json\/wp\/v2\/pages"}],"about":[{"href":"https:\/\/centredentalcise.com\/fr\/wp-json\/wp\/v2\/types\/page"}],"author":[{"embeddable":true,"href":"https:\/\/centredentalcise.com\/fr\/wp-json\/wp\/v2\/users\/1"}],"replies":[{"embeddable":true,"href":"https:\/\/centredentalcise.com\/fr\/wp-json\/wp\/v2\/comments?post=1664"}],"version-history":[{"count":0,"href":"https:\/\/centredentalcise.com\/fr\/wp-json\/wp\/v2\/pages\/1664\/revisions"}],"wp:featuredmedia":[{"embeddable":true,"href":"https:\/\/centredentalcise.com\/fr\/wp-json\/wp\/v2\/media\/1734"}],"wp:attachment":[{"href":"https:\/\/centredentalcise.com\/fr\/wp-json\/wp\/v2\/media?parent=1664"}],"curies":[{"name":"wp","href":"https:\/\/api.w.org\/{rel}","templated":true}]}}