{"id":1103,"date":"2017-02-09T22:01:27","date_gmt":"2017-02-09T22:01:27","guid":{"rendered":"http:\/\/www.centredentalcise.com\/info\/?page_id=1103"},"modified":"2023-05-19T16:48:46","modified_gmt":"2023-05-19T14:48:46","slug":"laboratori","status":"publish","type":"page","link":"https:\/\/centredentalcise.com\/fr\/laboratori\/","title":{"rendered":"Laboratoire dentaire"},"content":{"rendered":"\t\t<div data-elementor-type=\"wp-page\" data-elementor-id=\"1103\" class=\"elementor elementor-1103\" data-elementor-post-type=\"page\">\n\t\t\t\t\t\t<section class=\"elementor-section elementor-top-section elementor-element elementor-element-f80e57 elementor-section-full_width elementor-section-height-default elementor-section-height-default\" data-id=\"f80e57\" data-element_type=\"section\" data-e-type=\"section\">\n\t\t\t\t\t\t<div class=\"elementor-container elementor-column-gap-no\">\n\t\t\t\t\t<div class=\"elementor-column elementor-col-100 elementor-top-column elementor-element elementor-element-7ea525c3\" data-id=\"7ea525c3\" data-element_type=\"column\" data-e-type=\"column\">\n\t\t\t<div class=\"elementor-widget-wrap elementor-element-populated\">\n\t\t\t\t\t\t<div class=\"elementor-element elementor-element-37421e8 elementor-widget elementor-widget-heading\" data-id=\"37421e8\" data-element_type=\"widget\" data-e-type=\"widget\" data-widget_type=\"heading.default\">\n\t\t\t\t<div class=\"elementor-widget-container\">\n\t\t\t\t\t<h2 class=\"elementor-heading-title elementor-size-default\">De la mano del prot\u00e9sico dental\u2026 Joan Losilla Laboratori Dental<\/h2>\t\t\t\t<\/div>\n\t\t\t\t<\/div>\n\t\t\t\t<div class=\"elementor-element elementor-element-18e4013e elementor-widget elementor-widget-text-editor\" data-id=\"18e4013e\" data-element_type=\"widget\" data-e-type=\"widget\" data-widget_type=\"text-editor.default\">\n\t\t\t\t<div class=\"elementor-widget-container\">\n\t\t\t\t\t\t\t\t\t<p>El encargado de dise\u00f1ar, elaborar, fabricar y adaptar las diferentes pr\u00f3tesis dentales, es el prot\u00e9sico dental, quien realiza su trabajo en un laboratorio dental recibiendo las indicaciones del odont\u00f3logo, que trabaja en cl\u00ednica.<\/p>\t\t\t\t\t\t\t\t<\/div>\n\t\t\t\t<\/div>\n\t\t\t\t<section class=\"elementor-section elementor-inner-section elementor-element elementor-element-2908e4a elementor-section-full_width elementor-reverse-mobile elementor-section-height-default elementor-section-height-default\" data-id=\"2908e4a\" data-element_type=\"section\" data-e-type=\"section\">\n\t\t\t\t\t\t<div class=\"elementor-container elementor-column-gap-no\">\n\t\t\t\t\t<div class=\"elementor-column elementor-col-50 elementor-inner-column elementor-element elementor-element-35efa00\" data-id=\"35efa00\" data-element_type=\"column\" data-e-type=\"column\">\n\t\t\t<div class=\"elementor-widget-wrap elementor-element-populated\">\n\t\t\t\t\t\t<div class=\"elementor-element elementor-element-7121faa elementor-widget elementor-widget-image\" data-id=\"7121faa\" data-element_type=\"widget\" data-e-type=\"widget\" data-widget_type=\"image.default\">\n\t\t\t\t<div class=\"elementor-widget-container\">\n\t\t\t\t\t\t\t\t\t\t\t\t\t\t\t<img fetchpriority=\"high\" decoding=\"async\" width=\"600\" height=\"372\" src=\"https:\/\/centredentalcise.com\/wp-content\/uploads\/2017\/02\/Joan-Losilla-Laboratori-dental.jpg\" class=\"attachment-large size-large wp-image-1976\" alt=\"Joan Losilla - Laboratori dental\" srcset=\"https:\/\/centredentalcise.com\/wp-content\/uploads\/2017\/02\/Joan-Losilla-Laboratori-dental.jpg 600w, https:\/\/centredentalcise.com\/wp-content\/uploads\/2017\/02\/Joan-Losilla-Laboratori-dental-150x93.jpg 150w, https:\/\/centredentalcise.com\/wp-content\/uploads\/2017\/02\/Joan-Losilla-Laboratori-dental-300x186.jpg 300w\" sizes=\"(max-width: 600px) 100vw, 600px\" \/>\t\t\t\t\t\t\t\t\t\t\t\t\t\t\t<\/div>\n\t\t\t\t<\/div>\n\t\t\t\t\t<\/div>\n\t\t<\/div>\n\t\t\t\t<div class=\"elementor-column elementor-col-50 elementor-inner-column elementor-element elementor-element-a2e38a1\" data-id=\"a2e38a1\" data-element_type=\"column\" data-e-type=\"column\">\n\t\t\t<div class=\"elementor-widget-wrap elementor-element-populated\">\n\t\t\t\t\t\t<div class=\"elementor-element elementor-element-96ec2ae elementor-widget elementor-widget-text-editor\" data-id=\"96ec2ae\" data-element_type=\"widget\" data-e-type=\"widget\" data-widget_type=\"text-editor.default\">\n\t\t\t\t<div class=\"elementor-widget-container\">\n\t\t\t\t\t\t\t\t\t<p>Fundado a principios de los a\u00f1os 70 por <strong>Juan Losilla<\/strong>, colegiado n\u00fam.2 del Colegio de Prot\u00e9sicos Dentales de Catalunya, el cu\u00e1l fue <strong>Presidente de la Federaci\u00f3n Espa\u00f1ola de Prot\u00e9sicos Dentales durante cerca de 30 a\u00f1os<\/strong>, <strong>JOAN LOSILLA Laboratori Dental<\/strong> es un laboratorio prot\u00e9sico con <strong>m\u00e1s de 40 a\u00f1os de experiencia<\/strong> en el sector dental, permitiendo as\u00ed ofrecer a nuestros pacientes la m\u00e1xima calidad en todos sus trabajos.<\/p>\t\t\t\t\t\t\t\t<\/div>\n\t\t\t\t<\/div>\n\t\t\t\t\t<\/div>\n\t\t<\/div>\n\t\t\t\t\t<\/div>\n\t\t<\/section>\n\t\t\t\t<div class=\"elementor-element elementor-element-350df0a elementor-widget elementor-widget-heading\" data-id=\"350df0a\" data-element_type=\"widget\" data-e-type=\"widget\" data-widget_type=\"heading.default\">\n\t\t\t\t<div class=\"elementor-widget-container\">\n\t\t\t\t\t<h3 class=\"elementor-heading-title elementor-size-default\">Pr\u00f3tesis dental: una pieza artesanal a su medida<\/h3>\t\t\t\t<\/div>\n\t\t\t\t<\/div>\n\t\t\t\t<div class=\"elementor-element elementor-element-bffd66f elementor-widget elementor-widget-text-editor\" data-id=\"bffd66f\" data-element_type=\"widget\" data-e-type=\"widget\" data-widget_type=\"text-editor.default\">\n\t\t\t\t<div class=\"elementor-widget-container\">\n\t\t\t\t\t\t\t\t\t<p>El prot\u00e9sico no busca solamente fabricar una pr\u00f3tesis, sino que uno de sus m\u00faltiples objetivos es devolver a la boca del paciente la funcionalidad perdida. La masticaci\u00f3n, la degluci\u00f3n, el habla, la fon\u00e9tica, la mec\u00e1nica, la higiene, y la est\u00e9tica bucal y facial deben restaurarse.<\/p><p style=\"text-align: justify;\">Su trabajo requiere de una gran precisi\u00f3n, as\u00ed como de una correcta coordinaci\u00f3n con la parte cl\u00ednica, es decir, con el odont\u00f3logo. Unas pocas micras pueden influir seriamente en la oclusi\u00f3n y por lo tanto en la funcionalidad.<\/p><p style=\"text-align: justify;\">Una pr\u00f3tesis dental es una obra de arte totalmente personalizada y ajustada a una boca concreta, confeccionada \u00edntegramente a medida para cada paciente, como si de un orfebre de alta joyer\u00eda fabricando una joya se tratara.<\/p><p style=\"text-align: justify;\">Un prot\u00e9sico dental es un sanitario, un artesano y un artista.<\/p>\t\t\t\t\t\t\t\t<\/div>\n\t\t\t\t<\/div>\n\t\t\t\t<div class=\"elementor-element elementor-element-483f548 elementor-widget elementor-widget-heading\" data-id=\"483f548\" data-element_type=\"widget\" data-e-type=\"widget\" data-widget_type=\"heading.default\">\n\t\t\t\t<div class=\"elementor-widget-container\">\n\t\t\t\t\t<h3 class=\"elementor-heading-title elementor-size-default\">Centre Dental Cise y Joan Losilla Laboratori dental: un buen equipo<\/h3>\t\t\t\t<\/div>\n\t\t\t\t<\/div>\n\t\t\t\t<section class=\"elementor-section elementor-inner-section elementor-element elementor-element-037b8f3 elementor-section-full_width elementor-section-height-default elementor-section-height-default\" data-id=\"037b8f3\" data-element_type=\"section\" data-e-type=\"section\">\n\t\t\t\t\t\t<div class=\"elementor-container elementor-column-gap-no\">\n\t\t\t\t\t<div class=\"elementor-column elementor-col-50 elementor-inner-column elementor-element elementor-element-4be4723\" data-id=\"4be4723\" data-element_type=\"column\" data-e-type=\"column\">\n\t\t\t<div class=\"elementor-widget-wrap elementor-element-populated\">\n\t\t\t\t\t\t<div class=\"elementor-element elementor-element-e6fbdb2 elementor-widget elementor-widget-text-editor\" data-id=\"e6fbdb2\" data-element_type=\"widget\" data-e-type=\"widget\" data-widget_type=\"text-editor.default\">\n\t\t\t\t<div class=\"elementor-widget-container\">\n\t\t\t\t\t\t\t\t\t<p>Detr\u00e1s de una buena cl\u00ednica dental siempre ha de haber un buen equipo de t\u00e9cnicos prot\u00e9sicos y ceramistas. Centre Dental Cise colabora estrechamente con dicho laboratorio, ya que se encuentran en el mismo edificio, formando as\u00ed un equipo inseparable. En efecto, la comunicaci\u00f3n paciente-m\u00e9dico-prot\u00e9sico es clave para obtener resultados completamente satisfactorios para el paciente.<\/p><p style=\"text-align: justify;\">Dicho laboratorio colabora con nuestra cl\u00ednica codo con codo, conoce nuestros m\u00e9todos y protocolos de trabajo, planificando conjuntamente las intervenciones de cada paciente.<\/p>\t\t\t\t\t\t\t\t<\/div>\n\t\t\t\t<\/div>\n\t\t\t\t\t<\/div>\n\t\t<\/div>\n\t\t\t\t<div class=\"elementor-column elementor-col-50 elementor-inner-column elementor-element elementor-element-2410bf4\" data-id=\"2410bf4\" data-element_type=\"column\" data-e-type=\"column\">\n\t\t\t<div class=\"elementor-widget-wrap elementor-element-populated\">\n\t\t\t\t\t\t<div class=\"elementor-element elementor-element-800ac6a elementor-widget elementor-widget-image\" data-id=\"800ac6a\" data-element_type=\"widget\" data-e-type=\"widget\" data-widget_type=\"image.default\">\n\t\t\t\t<div class=\"elementor-widget-container\">\n\t\t\t\t\t\t\t\t\t\t\t\t<figure class=\"wp-caption\">\n\t\t\t\t\t\t\t\t\t\t<img decoding=\"async\" width=\"1100\" height=\"1429\" src=\"https:\/\/centredentalcise.com\/wp-content\/uploads\/2017\/02\/Joan-Losilla.jpg\" class=\"attachment-full size-full wp-image-995\" alt=\"Joan Losilla | Centre Dental Cise\" srcset=\"https:\/\/centredentalcise.com\/wp-content\/uploads\/2017\/02\/Joan-Losilla.jpg 1100w, https:\/\/centredentalcise.com\/wp-content\/uploads\/2017\/02\/Joan-Losilla-115x150.jpg 115w, https:\/\/centredentalcise.com\/wp-content\/uploads\/2017\/02\/Joan-Losilla-231x300.jpg 231w, https:\/\/centredentalcise.com\/wp-content\/uploads\/2017\/02\/Joan-Losilla-768x998.jpg 768w, https:\/\/centredentalcise.com\/wp-content\/uploads\/2017\/02\/Joan-Losilla-788x1024.jpg 788w\" sizes=\"(max-width: 1100px) 100vw, 1100px\" \/>\t\t\t\t\t\t\t\t\t\t\t<figcaption class=\"widget-image-caption wp-caption-text\">Joan Losilla<\/figcaption>\n\t\t\t\t\t\t\t\t\t\t<\/figure>\n\t\t\t\t\t\t\t\t\t<\/div>\n\t\t\t\t<\/div>\n\t\t\t\t\t<\/div>\n\t\t<\/div>\n\t\t\t\t\t<\/div>\n\t\t<\/section>\n\t\t\t\t<div class=\"elementor-element elementor-element-7c01e49 elementor-widget elementor-widget-text-editor\" data-id=\"7c01e49\" data-element_type=\"widget\" data-e-type=\"widget\" data-widget_type=\"text-editor.default\">\n\t\t\t\t<div class=\"elementor-widget-container\">\n\t\t\t\t\t\t\t\t\t<p style=\"text-align: justify;\">Al tratarse de un laboratorio prot\u00e9sico ubicado en el mismo edificio que nosotros, permite los mejores resultados y la m\u00e1xima inmediatez. Est\u00e1 a la vanguardia de la tecnolog\u00eda en el mercado, permitiendo resolver de manera brillante cualquier problema prot\u00e9sico y dental. Cuenta con los mejores profesionales t\u00e9cnicos, quienes interact\u00faan de forma personal y directa con los dentistas y facultativos de Centre Dental Cise.<\/p><p style=\"text-align: justify;\">Todo ello, permite aumentar las prestaciones de nuestros servicios y garantizar una \u00f3ptima calidad en nuestros materiales, algo que muy pocas cl\u00ednicas dentales pueden decir. Ofreciendo as\u00ed unos tiempos de entrega extremadamente r\u00e1pidos, reparaciones en 1 hora, precios muy competitivos, y todo siempre con un servicio y una calidad impecables.<\/p>\t\t\t\t\t\t\t\t<\/div>\n\t\t\t\t<\/div>\n\t\t\t\t<div class=\"elementor-element elementor-element-a3a3d4c elementor-arrows-position-inside elementor-widget elementor-widget-image-carousel\" data-id=\"a3a3d4c\" data-element_type=\"widget\" data-e-type=\"widget\" data-settings=\"{&quot;slides_to_show&quot;:&quot;1&quot;,&quot;navigation&quot;:&quot;arrows&quot;,&quot;pause_on_hover&quot;:&quot;no&quot;,&quot;pause_on_interaction&quot;:&quot;no&quot;,&quot;effect&quot;:&quot;fade&quot;,&quot;autoplay&quot;:&quot;yes&quot;,&quot;autoplay_speed&quot;:5000,&quot;infinite&quot;:&quot;yes&quot;,&quot;speed&quot;:500}\" data-widget_type=\"image-carousel.default\">\n\t\t\t\t<div class=\"elementor-widget-container\">\n\t\t\t\t\t\t\t<div class=\"elementor-image-carousel-wrapper swiper\" role=\"region\" aria-roledescription=\"carousel\" aria-label=\"Carrusel de im\u00e1genes\" dir=\"ltr\">\n\t\t\t<div class=\"elementor-image-carousel swiper-wrapper\" aria-live=\"off\">\n\t\t\t\t\t\t\t\t<div class=\"swiper-slide\" role=\"group\" aria-roledescription=\"slide\" aria-label=\"1 de 5\"><figure class=\"swiper-slide-inner\"><img decoding=\"async\" class=\"swiper-slide-image\" src=\"https:\/\/centredentalcise.com\/wp-content\/uploads\/2020\/12\/Centre-Dental-Cise-Laboratori-dental-1.jpg\" alt=\"Centre Dental Cise - Laboratori dental\" \/><\/figure><\/div><div class=\"swiper-slide\" role=\"group\" aria-roledescription=\"slide\" aria-label=\"2 de 5\"><figure class=\"swiper-slide-inner\"><img decoding=\"async\" class=\"swiper-slide-image\" src=\"https:\/\/centredentalcise.com\/wp-content\/uploads\/2020\/12\/Centre-Dental-Cise-Laboratori-dental-2.jpg\" alt=\"Centre Dental Cise - Laboratori dental\" \/><\/figure><\/div><div class=\"swiper-slide\" role=\"group\" aria-roledescription=\"slide\" aria-label=\"3 de 5\"><figure class=\"swiper-slide-inner\"><img decoding=\"async\" class=\"swiper-slide-image\" src=\"https:\/\/centredentalcise.com\/wp-content\/uploads\/2020\/12\/Centre-Dental-Cise-Laboratori-dental-3.jpg\" alt=\"Centre Dental Cise - Laboratori dental\" \/><\/figure><\/div><div class=\"swiper-slide\" role=\"group\" aria-roledescription=\"slide\" aria-label=\"4 de 5\"><figure class=\"swiper-slide-inner\"><img decoding=\"async\" class=\"swiper-slide-image\" src=\"https:\/\/centredentalcise.com\/wp-content\/uploads\/2020\/12\/Centre-Dental-Cise-Laboratori-dental-4.jpg\" alt=\"Centre Dental Cise - Laboratori dental\" \/><\/figure><\/div><div class=\"swiper-slide\" role=\"group\" aria-roledescription=\"slide\" aria-label=\"5 de 5\"><figure class=\"swiper-slide-inner\"><img decoding=\"async\" class=\"swiper-slide-image\" src=\"https:\/\/centredentalcise.com\/wp-content\/uploads\/2020\/12\/Centre-Dental-Cise-Laboratori-dental-5.jpg\" alt=\"Centre Dental Cise - Laboratori dental\" \/><\/figure><\/div>\t\t\t<\/div>\n\t\t\t\t\t\t\t\t\t\t\t\t<div class=\"elementor-swiper-button elementor-swiper-button-prev\" role=\"button\" tabindex=\"0\">\n\t\t\t\t\t\t<i aria-hidden=\"true\" class=\"eicon-chevron-left\"><\/i>\t\t\t\t\t<\/div>\n\t\t\t\t\t<div class=\"elementor-swiper-button elementor-swiper-button-next\" role=\"button\" tabindex=\"0\">\n\t\t\t\t\t\t<i aria-hidden=\"true\" class=\"eicon-chevron-right\"><\/i>\t\t\t\t\t<\/div>\n\t\t\t\t\n\t\t\t\t\t\t\t\t\t<\/div>\n\t\t\t\t\t\t<\/div>\n\t\t\t\t<\/div>\n\t\t\t\t\t<\/div>\n\t\t<\/div>\n\t\t\t\t\t<\/div>\n\t\t<\/section>\n\t\t\t\t<\/div>\n\t\t","protected":false},"excerpt":{"rendered":"<p>De la main du proth\u00e9tique dentaire\u2026 Joan Losilla Laboratori Dental Il est charg\u00e9 de concevoir, d\u00e9velopper, fabriquer et adapter les proth\u00e8ses dentaires, c\u2019est le proth\u00e9siste dentaire qui fait son travail dans un laboratoire dentaire en recevant les indications du dentiste qui travaille dans la clinique. Fond\u00e9 en d\u00e9but des ann\u00e9es 70 par\u00a0Juan Losilla, num\u00e9ro 2<br \/><a class=\"moretag\" href=\"https:\/\/centredentalcise.com\/fr\/laboratori\/\">+ Read More<\/a><\/p>\n","protected":false},"author":1,"featured_media":1952,"parent":0,"menu_order":0,"comment_status":"closed","ping_status":"closed","template":"","meta":{"footnotes":""},"class_list":["post-1103","page","type-page","status-publish","has-post-thumbnail","hentry"],"_links":{"self":[{"href":"https:\/\/centredentalcise.com\/fr\/wp-json\/wp\/v2\/pages\/1103","targetHints":{"allow":["GET"]}}],"collection":[{"href":"https:\/\/centredentalcise.com\/fr\/wp-json\/wp\/v2\/pages"}],"about":[{"href":"https:\/\/centredentalcise.com\/fr\/wp-json\/wp\/v2\/types\/page"}],"author":[{"embeddable":true,"href":"https:\/\/centredentalcise.com\/fr\/wp-json\/wp\/v2\/users\/1"}],"replies":[{"embeddable":true,"href":"https:\/\/centredentalcise.com\/fr\/wp-json\/wp\/v2\/comments?post=1103"}],"version-history":[{"count":0,"href":"https:\/\/centredentalcise.com\/fr\/wp-json\/wp\/v2\/pages\/1103\/revisions"}],"wp:featuredmedia":[{"embeddable":true,"href":"https:\/\/centredentalcise.com\/fr\/wp-json\/wp\/v2\/media\/1952"}],"wp:attachment":[{"href":"https:\/\/centredentalcise.com\/fr\/wp-json\/wp\/v2\/media?parent=1103"}],"curies":[{"name":"wp","href":"https:\/\/api.w.org\/{rel}","templated":true}]}}