{"id":1067,"date":"2017-02-09T16:20:22","date_gmt":"2017-02-09T16:20:22","guid":{"rendered":"http:\/\/www.centredentalcise.com\/info\/?page_id=1067"},"modified":"2023-05-18T17:33:09","modified_gmt":"2023-05-18T15:33:09","slug":"convenis-col%c2%b7lectius","status":"publish","type":"page","link":"https:\/\/centredentalcise.com\/fr\/convenis-col%c2%b7lectius\/","title":{"rendered":"Conventions collectives"},"content":{"rendered":"\t\t<div data-elementor-type=\"wp-page\" data-elementor-id=\"1067\" class=\"elementor elementor-1067\" data-elementor-post-type=\"page\">\n\t\t\t\t\t\t<section class=\"elementor-section elementor-top-section elementor-element elementor-element-3f232d80 elementor-section-full_width elementor-section-height-default elementor-section-height-default\" data-id=\"3f232d80\" data-element_type=\"section\" data-e-type=\"section\">\n\t\t\t\t\t\t<div class=\"elementor-container elementor-column-gap-no\">\n\t\t\t\t\t<div class=\"elementor-column elementor-col-100 elementor-top-column elementor-element elementor-element-4acd395a\" data-id=\"4acd395a\" data-element_type=\"column\" data-e-type=\"column\">\n\t\t\t<div class=\"elementor-widget-wrap elementor-element-populated\">\n\t\t\t\t\t\t<div class=\"elementor-element elementor-element-9f2ebe5 elementor-widget elementor-widget-text-editor\" data-id=\"9f2ebe5\" data-element_type=\"widget\" data-e-type=\"widget\" data-widget_type=\"text-editor.default\">\n\t\t\t\t<div class=\"elementor-widget-container\">\n\t\t\t\t\t\t\t\t\t<p>En <strong>Centre Dental Cise<\/strong> somos conscientes de la importancia de mantener una buena salud bucodental. As\u00ed, queremos llegar al m\u00e1ximo de poblaci\u00f3n para conseguir mejorar su salud dental.<\/p><p style=\"text-align: justify;\">Por eso nuestro centro subscribe acuerdos de colaboraci\u00f3n con colectivos de Catalunya, Nacionales as\u00ed como Internacionales, <strong>facilitando el acceso a una asistencia dental continuada, en condiciones exclusivas<\/strong>.<\/p><h3>Pueden optar al Plan<\/h3><ul><li style=\"text-align: justify;\"><strong>PYMES<\/strong> (Peque\u00f1as y Medianas Empresas) de entre 5 y 100 trabajadores, <strong>en beneficio de sus trabajadores<\/strong> y familias (hijos, padres y hermanos).<\/li><li style=\"text-align: justify;\"><strong>Colectivos legalmente constituidos<\/strong>: asociaciones, ONG\u2019s, Clubes, Federaciones y Confederaciones, Fundaciones, Cooperativas, Sindicados\u2026 <strong>en beneficio de sus socios, trabajadores y usuarios<\/strong> y sus familias (hijos, padres y hermanos).<\/li><li style=\"text-align: justify;\"><strong>Tercer sector<\/strong>: entidades privadas sin \u00e1nimo de lucro que trabajan por la inclusi\u00f3n y la cohesi\u00f3n social, <strong>en beneficio de sus socios, trabajadores y usuarios<\/strong> y sus familias (hijos, padres y hermanos).<\/li><\/ul><p>La aprobaci\u00f3n de la solicitud de adhesi\u00f3n al Plan ser\u00e1, en exclusiva, decisi\u00f3n de Centre Dental Cise.<\/p><h3>Coste cero<\/h3><p>La <strong>adhesi\u00f3n<\/strong> al Plan de Convenios Colectivos es <strong>completamente gratuita<\/strong>.<\/p><h3>Prestaciones<\/h3><p style=\"text-align: justify;\">Una vez aprobada la solicitud, Centre Dental Cise facilitar\u00e1 al colectivo el <strong>listado de prestaciones otorgadas<\/strong> que van desde <strong>prestaciones completamente gratuitas<\/strong>, a <strong>bonificaciones en la lista de precios y\/o servicios y financiaciones exclusivas<\/strong>. La adhesi\u00f3n al Plan da acceso tambi\u00e9n a promociones y colaboraciones puntuales.<\/p><p>Por su parte, <strong>el colectivo se compromete a difundir las prestaciones<\/strong> otorgadas <strong>y las comunicaciones<\/strong> de Centre Dental Cise entre sus socios, trabajadores y usuarios.<\/p>\t\t\t\t\t\t\t\t<\/div>\n\t\t\t\t<\/div>\n\t\t\t\t\t<\/div>\n\t\t<\/div>\n\t\t\t\t\t<\/div>\n\t\t<\/section>\n\t\t\t\t<section class=\"elementor-section elementor-top-section elementor-element elementor-element-7dc028e elementor-section-full_width elementor-section-height-default elementor-section-height-default\" data-id=\"7dc028e\" data-element_type=\"section\" data-e-type=\"section\">\n\t\t\t\t\t\t<div class=\"elementor-container elementor-column-gap-no\">\n\t\t\t\t\t<div class=\"elementor-column elementor-col-100 elementor-top-column elementor-element elementor-element-a032856\" data-id=\"a032856\" data-element_type=\"column\" data-e-type=\"column\">\n\t\t\t<div class=\"elementor-widget-wrap elementor-element-populated\">\n\t\t\t\t\t\t<div class=\"elementor-element elementor-element-1e75754 elementor-widget elementor-widget-heading\" data-id=\"1e75754\" data-element_type=\"widget\" data-e-type=\"widget\" data-widget_type=\"heading.default\">\n\t\t\t\t<div class=\"elementor-widget-container\">\n\t\t\t\t\t<h2 class=\"elementor-heading-title elementor-size-default\">Convenios colectivos firmados<\/h2>\t\t\t\t<\/div>\n\t\t\t\t<\/div>\n\t\t\t\t<section class=\"elementor-section elementor-inner-section elementor-element elementor-element-c85a92b elementor-section-boxed elementor-section-height-default elementor-section-height-default\" data-id=\"c85a92b\" data-element_type=\"section\" data-e-type=\"section\">\n\t\t\t\t\t\t<div class=\"elementor-container elementor-column-gap-default\">\n\t\t\t\t\t<div class=\"elementor-column elementor-col-50 elementor-inner-column elementor-element elementor-element-1676efb\" data-id=\"1676efb\" data-element_type=\"column\" data-e-type=\"column\">\n\t\t\t<div class=\"elementor-widget-wrap elementor-element-populated\">\n\t\t\t\t\t\t<div class=\"elementor-element elementor-element-1ac1e73 elementor-widget elementor-widget-heading\" data-id=\"1ac1e73\" data-element_type=\"widget\" data-e-type=\"widget\" data-widget_type=\"heading.default\">\n\t\t\t\t<div class=\"elementor-widget-container\">\n\t\t\t\t\t<h3 class=\"elementor-heading-title elementor-size-default\">Acuerdo con la IPA<\/h3>\t\t\t\t<\/div>\n\t\t\t\t<\/div>\n\t\t\t\t<div class=\"elementor-element elementor-element-0e6b282 elementor-widget elementor-widget-text-editor\" data-id=\"0e6b282\" data-element_type=\"widget\" data-e-type=\"widget\" data-widget_type=\"text-editor.default\">\n\t\t\t\t<div class=\"elementor-widget-container\">\n\t\t\t\t\t\t\t\t\t<p><strong>Centre Dental Cise tiene en vigor<\/strong> un Convenio de Colaboraci\u00f3n con la IPA \u2013<strong>International Police Association<\/strong>-, para ofrecer a sus miembros asociados unas condiciones ventajosas, tanto para ellos c\u00f3mo para sus familiares m\u00e1s cercanos.<\/p>\t\t\t\t\t\t\t\t<\/div>\n\t\t\t\t<\/div>\n\t\t\t\t\t<\/div>\n\t\t<\/div>\n\t\t\t\t<div class=\"elementor-column elementor-col-50 elementor-inner-column elementor-element elementor-element-b8304d9\" data-id=\"b8304d9\" data-element_type=\"column\" data-e-type=\"column\">\n\t\t\t<div class=\"elementor-widget-wrap elementor-element-populated\">\n\t\t\t\t\t\t<div class=\"elementor-element elementor-element-2caa1b3 elementor-widget elementor-widget-image\" data-id=\"2caa1b3\" data-element_type=\"widget\" data-e-type=\"widget\" data-widget_type=\"image.default\">\n\t\t\t\t<div class=\"elementor-widget-container\">\n\t\t\t\t\t\t\t\t\t\t\t\t\t\t\t<img fetchpriority=\"high\" decoding=\"async\" width=\"800\" height=\"500\" src=\"https:\/\/centredentalcise.com\/wp-content\/uploads\/2023\/05\/Centre-Dental-Cise-Figueres-Convenis-collectius-Conveni-amb-lIPA.jpg\" class=\"attachment-full size-full wp-image-83443\" alt=\"\" srcset=\"https:\/\/centredentalcise.com\/wp-content\/uploads\/2023\/05\/Centre-Dental-Cise-Figueres-Convenis-collectius-Conveni-amb-lIPA.jpg 800w, https:\/\/centredentalcise.com\/wp-content\/uploads\/2023\/05\/Centre-Dental-Cise-Figueres-Convenis-collectius-Conveni-amb-lIPA-300x188.jpg 300w, https:\/\/centredentalcise.com\/wp-content\/uploads\/2023\/05\/Centre-Dental-Cise-Figueres-Convenis-collectius-Conveni-amb-lIPA-150x94.jpg 150w, https:\/\/centredentalcise.com\/wp-content\/uploads\/2023\/05\/Centre-Dental-Cise-Figueres-Convenis-collectius-Conveni-amb-lIPA-768x480.jpg 768w\" sizes=\"(max-width: 800px) 100vw, 800px\" \/>\t\t\t\t\t\t\t\t\t\t\t\t\t\t\t<\/div>\n\t\t\t\t<\/div>\n\t\t\t\t\t<\/div>\n\t\t<\/div>\n\t\t\t\t\t<\/div>\n\t\t<\/section>\n\t\t\t\t<section class=\"elementor-section elementor-inner-section elementor-element elementor-element-1aefa72 elementor-section-boxed elementor-section-height-default elementor-section-height-default\" data-id=\"1aefa72\" data-element_type=\"section\" data-e-type=\"section\">\n\t\t\t\t\t\t<div class=\"elementor-container elementor-column-gap-default\">\n\t\t\t\t\t<div class=\"elementor-column elementor-col-50 elementor-inner-column elementor-element elementor-element-fe69bc4\" data-id=\"fe69bc4\" data-element_type=\"column\" data-e-type=\"column\">\n\t\t\t<div class=\"elementor-widget-wrap elementor-element-populated\">\n\t\t\t\t\t\t<div class=\"elementor-element elementor-element-4d668ec elementor-widget elementor-widget-heading\" data-id=\"4d668ec\" data-element_type=\"widget\" data-e-type=\"widget\" data-widget_type=\"heading.default\">\n\t\t\t\t<div class=\"elementor-widget-container\">\n\t\t\t\t\t<h3 class=\"elementor-heading-title elementor-size-default\">Acuerdo con Torremirona Golf Club<\/h3>\t\t\t\t<\/div>\n\t\t\t\t<\/div>\n\t\t\t\t<div class=\"elementor-element elementor-element-125f2f4 elementor-widget elementor-widget-text-editor\" data-id=\"125f2f4\" data-element_type=\"widget\" data-e-type=\"widget\" data-widget_type=\"text-editor.default\">\n\t\t\t\t<div class=\"elementor-widget-container\">\n\t\t\t\t\t\t\t\t\t<p><strong>Centre Dental Cise tiene en vigor<\/strong> un Convenio de Colaboraci\u00f3n con <strong>Torremirona Golf Club<\/strong> para ofrecer a sus miembros asociados unas condiciones ventajosas, tanto para ellos c\u00f3mo para sus familiares m\u00e1s cercanos.<\/p>\t\t\t\t\t\t\t\t<\/div>\n\t\t\t\t<\/div>\n\t\t\t\t\t<\/div>\n\t\t<\/div>\n\t\t\t\t<div class=\"elementor-column elementor-col-50 elementor-inner-column elementor-element elementor-element-3c838e4\" data-id=\"3c838e4\" data-element_type=\"column\" data-e-type=\"column\">\n\t\t\t<div class=\"elementor-widget-wrap elementor-element-populated\">\n\t\t\t\t\t\t<div class=\"elementor-element elementor-element-8e67b29 elementor-widget elementor-widget-image\" data-id=\"8e67b29\" data-element_type=\"widget\" data-e-type=\"widget\" data-widget_type=\"image.default\">\n\t\t\t\t<div class=\"elementor-widget-container\">\n\t\t\t\t\t\t\t\t\t\t\t\t\t\t\t<img decoding=\"async\" width=\"800\" height=\"500\" src=\"https:\/\/centredentalcise.com\/wp-content\/uploads\/2023\/05\/Centre-Dental-Cise-Figueres-Convenis-collectius-Conveni-amb-Torremirona-Golf-Club.jpg\" class=\"attachment-full size-full wp-image-83444\" alt=\"\" srcset=\"https:\/\/centredentalcise.com\/wp-content\/uploads\/2023\/05\/Centre-Dental-Cise-Figueres-Convenis-collectius-Conveni-amb-Torremirona-Golf-Club.jpg 800w, https:\/\/centredentalcise.com\/wp-content\/uploads\/2023\/05\/Centre-Dental-Cise-Figueres-Convenis-collectius-Conveni-amb-Torremirona-Golf-Club-300x188.jpg 300w, https:\/\/centredentalcise.com\/wp-content\/uploads\/2023\/05\/Centre-Dental-Cise-Figueres-Convenis-collectius-Conveni-amb-Torremirona-Golf-Club-150x94.jpg 150w, https:\/\/centredentalcise.com\/wp-content\/uploads\/2023\/05\/Centre-Dental-Cise-Figueres-Convenis-collectius-Conveni-amb-Torremirona-Golf-Club-768x480.jpg 768w\" sizes=\"(max-width: 800px) 100vw, 800px\" \/>\t\t\t\t\t\t\t\t\t\t\t\t\t\t\t<\/div>\n\t\t\t\t<\/div>\n\t\t\t\t\t<\/div>\n\t\t<\/div>\n\t\t\t\t\t<\/div>\n\t\t<\/section>\n\t\t\t\t\t<\/div>\n\t\t<\/div>\n\t\t\t\t\t<\/div>\n\t\t<\/section>\n\t\t\t\t<\/div>\n\t\t","protected":false},"excerpt":{"rendered":"<p>Centre Dental Cise sommes conscients de l\u00b4importance de garder une bonne sant\u00e9 buco\u2013dentaire. C&rsquo;est pourquoi nous voulons atteindre un maximum de population pour arriver \u00e0 am\u00e9liorer sa sant\u00e9 dentaire. Voila le motif pour lequel notre centre signe des accords de collaboration avec des collectifs de la Catalogne, aussi bien nationaux qu&rsquo;internationaux, pour leur faciliter l&rsquo;acc\u00e8s<br \/><a class=\"moretag\" href=\"https:\/\/centredentalcise.com\/fr\/convenis-col%c2%b7lectius\/\">+ Read More<\/a><\/p>\n","protected":false},"author":1,"featured_media":1702,"parent":0,"menu_order":0,"comment_status":"closed","ping_status":"closed","template":"","meta":{"footnotes":""},"class_list":["post-1067","page","type-page","status-publish","has-post-thumbnail","hentry"],"_links":{"self":[{"href":"https:\/\/centredentalcise.com\/fr\/wp-json\/wp\/v2\/pages\/1067","targetHints":{"allow":["GET"]}}],"collection":[{"href":"https:\/\/centredentalcise.com\/fr\/wp-json\/wp\/v2\/pages"}],"about":[{"href":"https:\/\/centredentalcise.com\/fr\/wp-json\/wp\/v2\/types\/page"}],"author":[{"embeddable":true,"href":"https:\/\/centredentalcise.com\/fr\/wp-json\/wp\/v2\/users\/1"}],"replies":[{"embeddable":true,"href":"https:\/\/centredentalcise.com\/fr\/wp-json\/wp\/v2\/comments?post=1067"}],"version-history":[{"count":0,"href":"https:\/\/centredentalcise.com\/fr\/wp-json\/wp\/v2\/pages\/1067\/revisions"}],"wp:featuredmedia":[{"embeddable":true,"href":"https:\/\/centredentalcise.com\/fr\/wp-json\/wp\/v2\/media\/1702"}],"wp:attachment":[{"href":"https:\/\/centredentalcise.com\/fr\/wp-json\/wp\/v2\/media?parent=1067"}],"curies":[{"name":"wp","href":"https:\/\/api.w.org\/{rel}","templated":true}]}}