{"id":82804,"date":"2022-03-22T17:23:49","date_gmt":"2022-03-22T16:23:49","guid":{"rendered":"https:\/\/www.centredentalcise.com\/?page_id=82804"},"modified":"2023-05-19T17:06:37","modified_gmt":"2023-05-19T15:06:37","slug":"acid-hialuronic","status":"publish","type":"page","link":"https:\/\/centredentalcise.com\/es\/tractaments\/acid-hialuronic\/","title":{"rendered":"\u00c1cido Hialur\u00f3nico"},"content":{"rendered":"<p><\/p>\n<p style=\"text-align: justify;\">El \u00e1cido hialur\u00f3nico es una sustancia <strong>producida de manera natural<\/strong>\u00a0por nuestro cuerpo y que, debido a su capacidad para atraer y retener el agua, est\u00e1 considerado como una sustancia perfecta para mantener los tejidos firmes y en buenas condiciones. As\u00ed, el \u00e1cido hialur\u00f3nico<strong>\u00a0se encuentra en tejidos y \u00f3rganos<\/strong>\u00a0de nuestro cuerpo, como, por ejemplo, la piel, los cart\u00edlagos o los ojos.<\/p>\n<p style=\"text-align: justify;\">Con la edad la producci\u00f3n de \u00e1cido hialur\u00f3nico de nuestro organismo desciende y con esto aparece la deshidrataci\u00f3n de la piel y los s\u00edntomas de la edad. Esta p\u00e9rdida de agua de la piel provoca un descenso del volumen en nuestros p\u00f3mulos, labios o alrededores de los ojos por la reabsorci\u00f3n de los tejidos. Este efecto hace que nuestra cara se vea cansada, como descolgada, vieja y demacrada.<\/p>\n<h3>Excelente para la est\u00e9tica facial<strong><br \/>\n<\/strong><\/h3>\n<p style=\"text-align: justify;\">Con los rellenos faciales de \u00e1cido hialur\u00f3nico que nos ofrece la mesoterapia, conseguimos devolver el volumen y la hidrataci\u00f3n a las zonas de nuestra cara que lo han perdido, una caracter\u00edstica muy importante, adem\u00e1s de su efecto de relleno, es la capacidad de retener la hidrataci\u00f3n de la piel.<\/p>\n<p style=\"text-align: justify;\">El \u00e1cido hialur\u00f3nico es puro y est\u00e9ril y \u00a0<strong>su uso no implica riesgos de transmisi\u00f3n de enfermedades o alergias<\/strong>. Al estar compuesto principalmente por agua y az\u00facares, desaparece progresivamente ya que <strong>es reabsorbido por el organismo<\/strong>.<\/p>\n<p style=\"text-align: justify;\">La t\u00e9cnica de mesoterapia de rellenos faciales con \u00e1cido hialur\u00f3nico como <strong>m\u00e9todo de rejuvenecimiento facial<\/strong>, siempre <strong>realizada por profesionales sanitarios<\/strong>, es considerada una de las t\u00e9cnicas m\u00e1s efectivas en el tratamiento de las arrugas del borde del labio superior, de las l\u00ednea de expresi\u00f3n que aparecen desde la nariz hasta dos lados de la boca, para eliminar arrugas del escote, etc.<\/p>\n<h3>Beneficios del \u00e1cido hialur\u00f3nico<\/h3>\n<p style=\"text-align: justify;\">El \u00e1cido hialur\u00f3nico es cada vez m\u00e1s popular en el mundo de la est\u00e9tica. Sus resultados y su relativamente sencilla aplicaci\u00f3n lo han hecho un excelente complemento a las <strong>rehabilitaciones odontol\u00f3gicas<\/strong>.<\/p>\n<p style=\"text-align: justify;\">Debido a los beneficios que ofrecen a la est\u00e9tica facial y a la armonizaci\u00f3n del rostro, los odont\u00f3logos pueden complementar una rehabilitaci\u00f3n dental con tratamientos de \u00e1cido hialur\u00f3nico en el tercio inferior del rostro, es decir, en<strong>\u00a0labios, ment\u00f3n y mand\u00edbula<\/strong>. La intenci\u00f3n es mejorar la est\u00e9tica para que la <strong>restauraci\u00f3n dental sea m\u00e1s beneficiosa para el paciente<\/strong>.<\/p>\n<p style=\"text-align: justify;\">Puesto que se produce de forma natural en nuestro cuerpo, el \u00e1cido hialur\u00f3nico <strong>es biocompatible<\/strong>, se reabsorbe y no causa ning\u00fan problema ni efecto secundario relevante.<\/p>\n<p><img fetchpriority=\"high\" decoding=\"async\" class=\"aligncenter wp-image-83686 size-full\" src=\"https:\/\/www.centredentalcise.com\/wp-content\/uploads\/2023\/05\/Acid-Hialuronic.jpg\" alt=\"Centre Dental Cise - Figueres | Tractaments - \u00c0cid Hialur\u00f2nic\" width=\"900\" height=\"600\" srcset=\"https:\/\/centredentalcise.com\/wp-content\/uploads\/2023\/05\/Acid-Hialuronic.jpg 900w, https:\/\/centredentalcise.com\/wp-content\/uploads\/2023\/05\/Acid-Hialuronic-300x200.jpg 300w, https:\/\/centredentalcise.com\/wp-content\/uploads\/2023\/05\/Acid-Hialuronic-150x100.jpg 150w, https:\/\/centredentalcise.com\/wp-content\/uploads\/2023\/05\/Acid-Hialuronic-768x512.jpg 768w\" sizes=\"(max-width: 900px) 100vw, 900px\" \/><\/p>","protected":false},"excerpt":{"rendered":"<p>El \u00e1cido hialur\u00f3nico es una sustancia producida de manera natural\u00a0por nuestro cuerpo y que, debido a su capacidad para atraer y retener el agua, est\u00e1 considerado como una sustancia perfecta para mantener los tejidos firmes y en buenas condiciones. As\u00ed, el \u00e1cido hialur\u00f3nico\u00a0se encuentra en tejidos y \u00f3rganos\u00a0de nuestro cuerpo, como, por ejemplo, la piel,<br \/><a class=\"moretag\" href=\"https:\/\/centredentalcise.com\/es\/tractaments\/acid-hialuronic\/\">+ Read More<\/a><\/p>\n","protected":false},"author":1,"featured_media":83684,"parent":1166,"menu_order":0,"comment_status":"closed","ping_status":"closed","template":"","meta":{"footnotes":""},"class_list":["post-82804","page","type-page","status-publish","has-post-thumbnail","hentry"],"_links":{"self":[{"href":"https:\/\/centredentalcise.com\/es\/wp-json\/wp\/v2\/pages\/82804","targetHints":{"allow":["GET"]}}],"collection":[{"href":"https:\/\/centredentalcise.com\/es\/wp-json\/wp\/v2\/pages"}],"about":[{"href":"https:\/\/centredentalcise.com\/es\/wp-json\/wp\/v2\/types\/page"}],"author":[{"embeddable":true,"href":"https:\/\/centredentalcise.com\/es\/wp-json\/wp\/v2\/users\/1"}],"replies":[{"embeddable":true,"href":"https:\/\/centredentalcise.com\/es\/wp-json\/wp\/v2\/comments?post=82804"}],"version-history":[{"count":0,"href":"https:\/\/centredentalcise.com\/es\/wp-json\/wp\/v2\/pages\/82804\/revisions"}],"up":[{"embeddable":true,"href":"https:\/\/centredentalcise.com\/es\/wp-json\/wp\/v2\/pages\/1166"}],"wp:featuredmedia":[{"embeddable":true,"href":"https:\/\/centredentalcise.com\/es\/wp-json\/wp\/v2\/media\/83684"}],"wp:attachment":[{"href":"https:\/\/centredentalcise.com\/es\/wp-json\/wp\/v2\/media?parent=82804"}],"curies":[{"name":"wp","href":"https:\/\/api.w.org\/{rel}","templated":true}]}}