{"id":572,"date":"2016-09-02T08:24:37","date_gmt":"2016-09-02T06:24:37","guid":{"rendered":"http:\/\/www.centredentalcise.com\/info\/?page_id=572"},"modified":"2021-11-19T10:36:26","modified_gmt":"2021-11-19T09:36:26","slug":"diagnostic-tecnologia-3d","status":"publish","type":"page","link":"https:\/\/centredentalcise.com\/es\/tractaments\/diagnostic-tecnologia-3d\/","title":{"rendered":"Diagn\u00f3stico tecnolog\u00eda 3D"},"content":{"rendered":"<p><\/p>\n<p style=\"text-align: justify;\"><strong>Centre Dental Cise<\/strong> cuenta con tecnolog\u00eda de <strong>diagn\u00f3stico en 3D<\/strong>.<\/p>\n<p style=\"text-align: justify;\">El\u00a0<strong>diagnostico tridimensional<\/strong>\u00a0sirve para tener una imagen perfecta de los huesos, las enc\u00edas y los dientes de nuestro paciente.<\/p>\n<p style=\"text-align: justify;\">Antes de incorporar la tecnolog\u00eda de Diagn\u00f3stico en 3D a nuestras instalaciones, nuestros pacientes deb\u00edan acudir a un centro radiol\u00f3gico externo para poder realizar estas pruebas.<\/p>\n<p style=\"text-align: justify;\">Esto alargaba el proceso de diagn\u00f3stico. <strong>Con la incorporaci\u00f3n de esta tecnolog\u00eda, en el mismo d\u00eda el paciente es diagnosticado<\/strong>, lo que acorta sensiblemente los plazos y agiliza el tratamiento.<\/p>\n<p style=\"text-align: justify;\">Nuestros pacientes reciben as\u00ed un\u00a0<strong>mejor servicio, m\u00e1s c\u00f3modo y r\u00e1pido<\/strong>.<\/p>\n<p style=\"text-align: justify;\">Las im\u00e1genes 3D otorgan una herramienta eficaz para diagnosticar casos de odontolog\u00eda de una forma m\u00e1s r\u00e1pida y precisa, garantizando as\u00ed que las recomendaciones del tratamiento se ajustan a las necesidades de los pacientes.<\/p>\n<p style=\"text-align: justify;\">Gracias al diagn\u00f3stico en 3D, el dentista puede conocer detalladamente el estado de cada pieza dental, valorar la cantidad y calidad de hueso necesaria para intervenir\u2026 La mayor ventaja del diagn\u00f3stico 3D es que no da lugar a sorpresas ya que permite planificar de forma m\u00e1s efectiva la intervenci\u00f3n.<\/p>\n<p><img decoding=\"async\" class=\"aligncenter wp-image-2656 size-full\" title=\"Odontologia 3D | Centre Dental Cise\" src=\"https:\/\/www.centredentalcise.com\/wp-content\/uploads\/2018\/04\/Odontologia-3D-3.jpg\" alt=\"Odontologia 3D | Centre Dental Cise\" width=\"1200\" height=\"1260\" srcset=\"https:\/\/centredentalcise.com\/wp-content\/uploads\/2018\/04\/Odontologia-3D-3.jpg 1200w, https:\/\/centredentalcise.com\/wp-content\/uploads\/2018\/04\/Odontologia-3D-3-143x150.jpg 143w, https:\/\/centredentalcise.com\/wp-content\/uploads\/2018\/04\/Odontologia-3D-3-286x300.jpg 286w, https:\/\/centredentalcise.com\/wp-content\/uploads\/2018\/04\/Odontologia-3D-3-768x806.jpg 768w, https:\/\/centredentalcise.com\/wp-content\/uploads\/2018\/04\/Odontologia-3D-3-975x1024.jpg 975w\" sizes=\"(max-width: 1200px) 100vw, 1200px\" \/><\/p>","protected":false},"excerpt":{"rendered":"<p>Centre Dental Cise cuenta con tecnolog\u00eda de diagn\u00f3stico en 3D. El\u00a0diagnostico tridimensional\u00a0sirve para tener una imagen perfecta de los huesos, las enc\u00edas y los dientes de nuestro paciente. Antes de incorporar la tecnolog\u00eda de Diagn\u00f3stico en 3D a nuestras instalaciones, nuestros pacientes deb\u00edan acudir a un centro radiol\u00f3gico externo para poder realizar estas pruebas. Esto<br \/><a class=\"moretag\" href=\"https:\/\/centredentalcise.com\/es\/tractaments\/diagnostic-tecnologia-3d\/\">+ Read More<\/a><\/p>\n","protected":false},"author":1,"featured_media":1503,"parent":1166,"menu_order":0,"comment_status":"closed","ping_status":"closed","template":"","meta":{"footnotes":""},"class_list":["post-572","page","type-page","status-publish","has-post-thumbnail","hentry"],"_links":{"self":[{"href":"https:\/\/centredentalcise.com\/es\/wp-json\/wp\/v2\/pages\/572","targetHints":{"allow":["GET"]}}],"collection":[{"href":"https:\/\/centredentalcise.com\/es\/wp-json\/wp\/v2\/pages"}],"about":[{"href":"https:\/\/centredentalcise.com\/es\/wp-json\/wp\/v2\/types\/page"}],"author":[{"embeddable":true,"href":"https:\/\/centredentalcise.com\/es\/wp-json\/wp\/v2\/users\/1"}],"replies":[{"embeddable":true,"href":"https:\/\/centredentalcise.com\/es\/wp-json\/wp\/v2\/comments?post=572"}],"version-history":[{"count":0,"href":"https:\/\/centredentalcise.com\/es\/wp-json\/wp\/v2\/pages\/572\/revisions"}],"up":[{"embeddable":true,"href":"https:\/\/centredentalcise.com\/es\/wp-json\/wp\/v2\/pages\/1166"}],"wp:featuredmedia":[{"embeddable":true,"href":"https:\/\/centredentalcise.com\/es\/wp-json\/wp\/v2\/media\/1503"}],"wp:attachment":[{"href":"https:\/\/centredentalcise.com\/es\/wp-json\/wp\/v2\/media?parent=572"}],"curies":[{"name":"wp","href":"https:\/\/api.w.org\/{rel}","templated":true}]}}