{"id":570,"date":"2016-09-02T08:24:09","date_gmt":"2016-09-02T06:24:09","guid":{"rendered":"http:\/\/www.centredentalcise.com\/info\/?page_id=570"},"modified":"2021-11-19T10:29:38","modified_gmt":"2021-11-19T09:29:38","slug":"odontopediatria","status":"publish","type":"page","link":"https:\/\/centredentalcise.com\/es\/tractaments\/odontopediatria\/","title":{"rendered":"Odontopediatr\u00eda"},"content":{"rendered":"<p><\/p>\n<p style=\"text-align: justify;\">La <strong>odontopediatr\u00eda<\/strong> es la especialidad de la odontolog\u00eda que trata el cuidado oral preventivo y terap\u00e9utico de ni\u00f1os y adolescentes.<\/p>\n<p style=\"text-align: justify;\">Es fundamental que el ni\u00f1o conf\u00ede en su dentista, que la experiencia sea desde una temprana edad positiva, nada traum\u00e1tica, casi como un juego\u2026 s\u00f3lo as\u00ed se conseguir\u00e1 perder todo miedo al dentista.<\/p>\n<p style=\"text-align: justify;\">La <strong>Sociedad Espa\u00f1ola de Odontopediatr\u00eda<\/strong> recomienda una <strong>primera visita al odontopediatra<\/strong> cuando se haya completado la erupci\u00f3n de las 20 piezas que componen la primera dentici\u00f3n, aproximadamente <strong>a los 3 a\u00f1os de edad<\/strong>.<\/p>\n<p style=\"text-align: justify;\">Al ir creciendo, aparecen los problemas m\u00e1s prevalentes con respecto a la salud bucal en los ni\u00f1os: caries, afectaciones dentales por traumatismos y alteraciones en el crecimiento y desarrollo bucodental.<\/p>\n<p style=\"text-align: justify;\">Ni\u00f1os, preadolescentes y adolescentes necesitan diferentes enfoques en el trato, guiando su crecimiento y desarrollo dental y ayudando a evitar futuros problemas dentales.<\/p>\n<p style=\"text-align: justify;\">En <strong>Centre Dental Cise<\/strong> contamos con personal con formaci\u00f3n especializada y con experiencia en el trato de nuestros peque\u00f1os pacientes.<\/p>\n<p style=\"text-align: justify;\"><img fetchpriority=\"high\" decoding=\"async\" class=\"aligncenter wp-image-595 size-full\" src=\"https:\/\/www.centredentalcise.com\/wp-content\/uploads\/2016\/09\/Odontopediatria.jpg\" alt=\"Odontopediatria | Centre Dental Cise\" width=\"1024\" height=\"604\" srcset=\"https:\/\/centredentalcise.com\/wp-content\/uploads\/2016\/09\/Odontopediatria.jpg 1024w, https:\/\/centredentalcise.com\/wp-content\/uploads\/2016\/09\/Odontopediatria-300x177.jpg 300w, https:\/\/centredentalcise.com\/wp-content\/uploads\/2016\/09\/Odontopediatria-768x453.jpg 768w\" sizes=\"(max-width: 1024px) 100vw, 1024px\" \/><\/p>\n<p><\/p>","protected":false},"excerpt":{"rendered":"<p>La odontopediatr\u00eda es la especialidad de la odontolog\u00eda que trata el cuidado oral preventivo y terap\u00e9utico de ni\u00f1os y adolescentes. Es fundamental que el ni\u00f1o conf\u00ede en su dentista, que la experiencia sea desde una temprana edad positiva, nada traum\u00e1tica, casi como un juego\u2026 s\u00f3lo as\u00ed se conseguir\u00e1 perder todo miedo al dentista. La Sociedad<br \/><a class=\"moretag\" href=\"https:\/\/centredentalcise.com\/es\/tractaments\/odontopediatria\/\">+ Read More<\/a><\/p>\n","protected":false},"author":1,"featured_media":1479,"parent":1166,"menu_order":0,"comment_status":"closed","ping_status":"closed","template":"","meta":{"footnotes":""},"class_list":["post-570","page","type-page","status-publish","has-post-thumbnail","hentry"],"_links":{"self":[{"href":"https:\/\/centredentalcise.com\/es\/wp-json\/wp\/v2\/pages\/570","targetHints":{"allow":["GET"]}}],"collection":[{"href":"https:\/\/centredentalcise.com\/es\/wp-json\/wp\/v2\/pages"}],"about":[{"href":"https:\/\/centredentalcise.com\/es\/wp-json\/wp\/v2\/types\/page"}],"author":[{"embeddable":true,"href":"https:\/\/centredentalcise.com\/es\/wp-json\/wp\/v2\/users\/1"}],"replies":[{"embeddable":true,"href":"https:\/\/centredentalcise.com\/es\/wp-json\/wp\/v2\/comments?post=570"}],"version-history":[{"count":0,"href":"https:\/\/centredentalcise.com\/es\/wp-json\/wp\/v2\/pages\/570\/revisions"}],"up":[{"embeddable":true,"href":"https:\/\/centredentalcise.com\/es\/wp-json\/wp\/v2\/pages\/1166"}],"wp:featuredmedia":[{"embeddable":true,"href":"https:\/\/centredentalcise.com\/es\/wp-json\/wp\/v2\/media\/1479"}],"wp:attachment":[{"href":"https:\/\/centredentalcise.com\/es\/wp-json\/wp\/v2\/media?parent=570"}],"curies":[{"name":"wp","href":"https:\/\/api.w.org\/{rel}","templated":true}]}}