{"id":46,"date":"2016-03-09T15:16:23","date_gmt":"2016-03-09T15:16:23","guid":{"rendered":"http:\/\/www.centredentalcise.com\/info\/?page_id=46"},"modified":"2021-11-19T11:20:54","modified_gmt":"2021-11-19T10:20:54","slug":"cura-infantil","status":"publish","type":"page","link":"https:\/\/centredentalcise.com\/es\/cura-infantil\/","title":{"rendered":"Cuidado infantil"},"content":{"rendered":"<p><\/p>\n<p style=\"text-align: justify;\">Los m\u00e1s peque\u00f1os deben visitar al dentista con la misma frecuencia que los adultos. La mayor\u00eda de odontopediatras est\u00e1 de acuerdo en que el cuidado dental peri\u00f3dico debe comenzar al a\u00f1o de edad, con una revisi\u00f3n dental dos veces al a\u00f1o para la mayor\u00eda de los ni\u00f1os, aunque algunos ni\u00f1os podr\u00edan necesitar evaluaciones y cuidado m\u00e1s frecuentes.<\/p>\n<p style=\"text-align: justify;\">Es importante cuidar la salud bucal de los ni\u00f1os desde la primera infancia. Algunos cuidados sencillos incluyen:<\/p>\n<ul>\n<li style=\"text-align: justify;\">L\u00edmpiarles los dientes de leche cada d\u00eda. Al principio, cuando son m\u00e1s peque\u00f1os frot\u00e1ndolos suavemente con una toallita de ba\u00f1o limpia y h\u00fameda, y luego, cuando los dientes de leche ya est\u00e9n m\u00e1s grandes, usando un cepillo de dientes para ni\u00f1os.<\/li>\n<li style=\"text-align: justify;\">No usar pasta dent\u00edfrica para ni\u00f1os menores de dos a\u00f1os, s\u00f3lo agua.<\/li>\n<li style=\"text-align: justify;\">No dejar que los ni\u00f1os se queden dormidos con el biber\u00f3n en la boca, ya que puede provocar lo que se conoce como \u201ccaries de biber\u00f3n\u201d.<\/li>\n<li style=\"text-align: justify;\">Animar a los ni\u00f1os mayores a una alimentaci\u00f3n con poco az\u00facar y evitar darles dulces pegajosos.<\/li>\n<li style=\"text-align: justify;\">Ense\u00f1arles c\u00f3mo cepillarse los dientes y la importancia de mantenerlos limpios.<\/li>\n<\/ul>\n<p><img fetchpriority=\"high\" decoding=\"async\" class=\"aligncenter wp-image-438 size-full\" src=\"https:\/\/www.centredentalcise.com\/wp-content\/uploads\/2016\/03\/Cura-infantil.jpg\" alt=\"Cura infantil | Centre Dental Cise\" width=\"1000\" height=\"667\" srcset=\"https:\/\/centredentalcise.com\/wp-content\/uploads\/2016\/03\/Cura-infantil.jpg 1000w, https:\/\/centredentalcise.com\/wp-content\/uploads\/2016\/03\/Cura-infantil-300x200.jpg 300w, https:\/\/centredentalcise.com\/wp-content\/uploads\/2016\/03\/Cura-infantil-768x512.jpg 768w\" sizes=\"(max-width: 1000px) 100vw, 1000px\" \/><\/p>","protected":false},"excerpt":{"rendered":"<p>Los m\u00e1s peque\u00f1os deben visitar al dentista con la misma frecuencia que los adultos. La mayor\u00eda de odontopediatras est\u00e1 de acuerdo en que el cuidado dental peri\u00f3dico debe comenzar al a\u00f1o de edad, con una revisi\u00f3n dental dos veces al a\u00f1o para la mayor\u00eda de los ni\u00f1os, aunque algunos ni\u00f1os podr\u00edan necesitar evaluaciones y cuidado<br \/><a class=\"moretag\" href=\"https:\/\/centredentalcise.com\/es\/cura-infantil\/\">+ Read More<\/a><\/p>\n","protected":false},"author":1,"featured_media":1946,"parent":0,"menu_order":0,"comment_status":"closed","ping_status":"closed","template":"","meta":{"footnotes":""},"class_list":["post-46","page","type-page","status-publish","has-post-thumbnail","hentry"],"_links":{"self":[{"href":"https:\/\/centredentalcise.com\/es\/wp-json\/wp\/v2\/pages\/46","targetHints":{"allow":["GET"]}}],"collection":[{"href":"https:\/\/centredentalcise.com\/es\/wp-json\/wp\/v2\/pages"}],"about":[{"href":"https:\/\/centredentalcise.com\/es\/wp-json\/wp\/v2\/types\/page"}],"author":[{"embeddable":true,"href":"https:\/\/centredentalcise.com\/es\/wp-json\/wp\/v2\/users\/1"}],"replies":[{"embeddable":true,"href":"https:\/\/centredentalcise.com\/es\/wp-json\/wp\/v2\/comments?post=46"}],"version-history":[{"count":0,"href":"https:\/\/centredentalcise.com\/es\/wp-json\/wp\/v2\/pages\/46\/revisions"}],"wp:featuredmedia":[{"embeddable":true,"href":"https:\/\/centredentalcise.com\/es\/wp-json\/wp\/v2\/media\/1946"}],"wp:attachment":[{"href":"https:\/\/centredentalcise.com\/es\/wp-json\/wp\/v2\/media?parent=46"}],"curies":[{"name":"wp","href":"https:\/\/api.w.org\/{rel}","templated":true}]}}