{"id":44,"date":"2016-03-09T15:16:03","date_gmt":"2016-03-09T15:16:03","guid":{"rendered":"http:\/\/www.centredentalcise.com\/info\/?page_id=44"},"modified":"2023-05-17T17:14:23","modified_gmt":"2023-05-17T15:14:23","slug":"recomanacions","status":"publish","type":"page","link":"https:\/\/centredentalcise.com\/es\/recomanacions\/","title":{"rendered":"Recomendaciones"},"content":{"rendered":"\t\t<div data-elementor-type=\"wp-page\" data-elementor-id=\"44\" class=\"elementor elementor-44\" data-elementor-post-type=\"page\">\n\t\t\t\t\t\t<section class=\"elementor-section elementor-top-section elementor-element elementor-element-62d1067d elementor-section-full_width elementor-section-height-default elementor-section-height-default\" data-id=\"62d1067d\" data-element_type=\"section\" data-e-type=\"section\">\n\t\t\t\t\t\t<div class=\"elementor-container elementor-column-gap-no\">\n\t\t\t\t\t<div class=\"elementor-column elementor-col-100 elementor-top-column elementor-element elementor-element-7e47d7a4\" data-id=\"7e47d7a4\" data-element_type=\"column\" data-e-type=\"column\">\n\t\t\t<div class=\"elementor-widget-wrap elementor-element-populated\">\n\t\t\t\t\t\t<div class=\"elementor-element elementor-element-41adcd86 elementor-widget elementor-widget-text-editor\" data-id=\"41adcd86\" data-element_type=\"widget\" data-e-type=\"widget\" data-widget_type=\"text-editor.default\">\n\t\t\t\t<div class=\"elementor-widget-container\">\n\t\t\t\t\t\t\t\t\t<p><\/p><h3>\u00bfC\u00f3mo podemos asegurar la salud dental?<\/h3><p>Una buena higiene bucal y el uso de fl\u00faor se consideran ahora los principales factores responsables de la prevenci\u00f3n de caries y el fomento de una buena salud bucal. Los siguientes consejos son tambi\u00e9n importantes para mantener los dientes sin caries:<\/p><ul><li style=\"text-align: justify;\">Iniciar pronto el cuidado de los dientes, cepillar los dientes de los ni\u00f1os con una pasta de dientes con fl\u00faor en cuanto aparezcan. No permitir que los ni\u00f1os se duerman mientras beben de un biber\u00f3n de leche, leche de f\u00f3rmula, zumo o bebidas azucaradas. Estos l\u00edquidos dulces se mantienen alrededor de los dientes del beb\u00e9 durante largos per\u00edodos de tiempo y pueden producir la \u201ccaries del biber\u00f3n\u201d.<\/li><li style=\"text-align: justify;\">Cepillarse los dientes dos veces al d\u00eda con pasta de dientes fluorada. Y si fuera posible, limpiar entre los dientes con hilo dental una vez al d\u00eda. No comer despu\u00e9s de limpiarse los dientes al acostarse, pues el flujo de saliva disminuye mientras dormimos.<\/li><li>Visitar al dentista cada 6 meses para hacer una revisi\u00f3n.<\/li><li>No comer ni beber continuamente. Dejar pasar tiempo entre comidas para que la saliva neutralice los \u00e1cidos y repare los dientes.<\/li><li style=\"text-align: justify;\">La gente con alto riesgo de desgaste dental y erosi\u00f3n deber\u00eda tomar precauciones especiales, como:<br \/>&#8211; Disminuir la frecuencia y el contacto con comidas y bebidas ac\u00eddicas.<br \/>&#8211; Evitar cepillarse los dientes inmediatamente despu\u00e9s de consumir alimentos ac\u00eddicos, bebidas, c\u00edtricos y zumos. Esto da tiempo para que se produzca la remineralizaci\u00f3n.<br \/>&#8211; Los elixires bucales fluorados y los chicles sin az\u00facar pueden ser \u00fatiles despu\u00e9s de tomar comidas y bebidas ac\u00eddicas ya que fomentan la remineralizaci\u00f3n.<\/li><li>Los chicles sin az\u00facar son \u201camigos\u201d de los dientes ya que ayudan a aumentar el flujo de saliva y limpian la boca de restos de comida.<\/li><\/ul><p style=\"text-align: justify;\">Si detecta algo irregular en sus dientes o enc\u00edas (irritaci\u00f3n o inflamaci\u00f3n de enc\u00edas, alguna mancha o cavidad en las piezas dentales) no espere a tener dolor o molestias mayores y visite a su dentista.<\/p><p style=\"text-align: justify;\">Si tiene pr\u00f3tesis fija cu\u00eddela como si fuesen piezas dentales naturales.<\/p><p style=\"text-align: justify;\">Si tiene pr\u00f3tesis removible, ret\u00edrela de la boca y cep\u00edllela en\u00e9rgicamente por lo menos dos veces al d\u00eda usando pasta dental o productos especiales para su limpieza.<\/p>\t\t\t\t\t\t\t\t<\/div>\n\t\t\t\t<\/div>\n\t\t\t\t\t<\/div>\n\t\t<\/div>\n\t\t\t\t\t<\/div>\n\t\t<\/section>\n\t\t\t\t<section class=\"elementor-section elementor-top-section elementor-element elementor-element-1925273 elementor-section-full_width elementor-section-height-default elementor-section-height-default\" data-id=\"1925273\" data-element_type=\"section\" data-e-type=\"section\">\n\t\t\t\t\t\t<div class=\"elementor-container elementor-column-gap-no\">\n\t\t\t\t\t<div class=\"elementor-column elementor-col-100 elementor-top-column elementor-element elementor-element-a2ec99d\" data-id=\"a2ec99d\" data-element_type=\"column\" data-e-type=\"column\">\n\t\t\t<div class=\"elementor-widget-wrap elementor-element-populated\">\n\t\t\t\t\t\t<div class=\"elementor-element elementor-element-f0d64e0 elementor-arrows-position-inside elementor-widget elementor-widget-image-carousel\" data-id=\"f0d64e0\" data-element_type=\"widget\" data-e-type=\"widget\" data-settings=\"{&quot;slides_to_show&quot;:&quot;1&quot;,&quot;navigation&quot;:&quot;arrows&quot;,&quot;pause_on_hover&quot;:&quot;no&quot;,&quot;pause_on_interaction&quot;:&quot;no&quot;,&quot;effect&quot;:&quot;fade&quot;,&quot;autoplay&quot;:&quot;yes&quot;,&quot;autoplay_speed&quot;:5000,&quot;infinite&quot;:&quot;yes&quot;,&quot;speed&quot;:500}\" data-widget_type=\"image-carousel.default\">\n\t\t\t\t<div class=\"elementor-widget-container\">\n\t\t\t\t\t\t\t<div class=\"elementor-image-carousel-wrapper swiper\" role=\"region\" aria-roledescription=\"carousel\" aria-label=\"Carrusel de im\u00e1genes\" dir=\"ltr\">\n\t\t\t<div class=\"elementor-image-carousel swiper-wrapper\" aria-live=\"off\">\n\t\t\t\t\t\t\t\t<div class=\"swiper-slide\" role=\"group\" aria-roledescription=\"slide\" aria-label=\"1 de 5\"><figure class=\"swiper-slide-inner\"><img decoding=\"async\" class=\"swiper-slide-image\" src=\"https:\/\/centredentalcise.com\/wp-content\/uploads\/2020\/12\/Centre-Dental-Cise-Figueres-1.jpg\" alt=\"Centre Dental Cise - Figueres | Recomanacions\" \/><\/figure><\/div><div class=\"swiper-slide\" role=\"group\" aria-roledescription=\"slide\" aria-label=\"2 de 5\"><figure class=\"swiper-slide-inner\"><img decoding=\"async\" class=\"swiper-slide-image\" src=\"https:\/\/centredentalcise.com\/wp-content\/uploads\/2020\/12\/Centre-Dental-Cise-Figueres-2.jpg\" alt=\"Centre Dental Cise - Figueres | Recomanacions\" \/><\/figure><\/div><div class=\"swiper-slide\" role=\"group\" aria-roledescription=\"slide\" aria-label=\"3 de 5\"><figure class=\"swiper-slide-inner\"><img decoding=\"async\" class=\"swiper-slide-image\" src=\"https:\/\/centredentalcise.com\/wp-content\/uploads\/2020\/12\/Centre-Dental-Cise-Figueres-3.jpg\" alt=\"Centre Dental Cise - Figueres | Recomanacions\" \/><\/figure><\/div><div class=\"swiper-slide\" role=\"group\" aria-roledescription=\"slide\" aria-label=\"4 de 5\"><figure class=\"swiper-slide-inner\"><img decoding=\"async\" class=\"swiper-slide-image\" src=\"https:\/\/centredentalcise.com\/wp-content\/uploads\/2020\/12\/Centre-Dental-Cise-Figueres-4.jpg\" alt=\"Centre Dental Cise - Figueres | Recomanacions\" \/><\/figure><\/div><div class=\"swiper-slide\" role=\"group\" aria-roledescription=\"slide\" aria-label=\"5 de 5\"><figure class=\"swiper-slide-inner\"><img decoding=\"async\" class=\"swiper-slide-image\" src=\"https:\/\/centredentalcise.com\/wp-content\/uploads\/2020\/12\/Centre-Dental-Cise-Figueres-5.jpg\" alt=\"Centre Dental Cise - Figueres | Recomanacions\" \/><\/figure><\/div>\t\t\t<\/div>\n\t\t\t\t\t\t\t\t\t\t\t\t<div class=\"elementor-swiper-button elementor-swiper-button-prev\" role=\"button\" tabindex=\"0\">\n\t\t\t\t\t\t<i aria-hidden=\"true\" class=\"eicon-chevron-left\"><\/i>\t\t\t\t\t<\/div>\n\t\t\t\t\t<div class=\"elementor-swiper-button elementor-swiper-button-next\" role=\"button\" tabindex=\"0\">\n\t\t\t\t\t\t<i aria-hidden=\"true\" class=\"eicon-chevron-right\"><\/i>\t\t\t\t\t<\/div>\n\t\t\t\t\n\t\t\t\t\t\t\t\t\t<\/div>\n\t\t\t\t\t\t<\/div>\n\t\t\t\t<\/div>\n\t\t\t\t\t<\/div>\n\t\t<\/div>\n\t\t\t\t\t<\/div>\n\t\t<\/section>\n\t\t\t\t<\/div>\n\t\t","protected":false},"excerpt":{"rendered":"<p>\u00bfC\u00f3mo podemos asegurar la salud dental? Una buena higiene bucal y el uso de fl\u00faor se consideran ahora los principales factores responsables de la prevenci\u00f3n de caries y el fomento de una buena salud bucal. Los siguientes consejos son tambi\u00e9n importantes para mantener los dientes sin caries: Iniciar pronto el cuidado de los dientes, cepillar<br \/><a class=\"moretag\" href=\"https:\/\/centredentalcise.com\/es\/recomanacions\/\">+ Read More<\/a><\/p>\n","protected":false},"author":1,"featured_media":1949,"parent":0,"menu_order":0,"comment_status":"closed","ping_status":"closed","template":"","meta":{"footnotes":""},"class_list":["post-44","page","type-page","status-publish","has-post-thumbnail","hentry"],"_links":{"self":[{"href":"https:\/\/centredentalcise.com\/es\/wp-json\/wp\/v2\/pages\/44","targetHints":{"allow":["GET"]}}],"collection":[{"href":"https:\/\/centredentalcise.com\/es\/wp-json\/wp\/v2\/pages"}],"about":[{"href":"https:\/\/centredentalcise.com\/es\/wp-json\/wp\/v2\/types\/page"}],"author":[{"embeddable":true,"href":"https:\/\/centredentalcise.com\/es\/wp-json\/wp\/v2\/users\/1"}],"replies":[{"embeddable":true,"href":"https:\/\/centredentalcise.com\/es\/wp-json\/wp\/v2\/comments?post=44"}],"version-history":[{"count":0,"href":"https:\/\/centredentalcise.com\/es\/wp-json\/wp\/v2\/pages\/44\/revisions"}],"wp:featuredmedia":[{"embeddable":true,"href":"https:\/\/centredentalcise.com\/es\/wp-json\/wp\/v2\/media\/1949"}],"wp:attachment":[{"href":"https:\/\/centredentalcise.com\/es\/wp-json\/wp\/v2\/media?parent=44"}],"curies":[{"name":"wp","href":"https:\/\/api.w.org\/{rel}","templated":true}]}}