{"id":36,"date":"2016-03-09T10:15:21","date_gmt":"2016-03-09T09:15:21","guid":{"rendered":"http:\/\/www.centredentalcise.com\/info\/?page_id=36"},"modified":"2021-11-19T10:31:10","modified_gmt":"2021-11-19T09:31:10","slug":"sedacio-conscient","status":"publish","type":"page","link":"https:\/\/centredentalcise.com\/es\/tractaments\/sedacio-conscient\/","title":{"rendered":"Sedaci\u00f3n consciente"},"content":{"rendered":"<p><\/p>\n<p style=\"text-align: justify;\">La <strong>unidad de sedaci\u00f3n consciente<\/strong> es una herramienta especialmente indicada para aquellos pacientes, mayores de 18 a\u00f1os, a quienes la visita al dentista presupone una presi\u00f3n a\u00f1adida.<\/p>\n<p style=\"text-align: justify;\">A tener en cuenta que el <strong>Centre Dental CISE<\/strong> es una de las pocas cl\u00ednicas dentales que dispone de este dispositivo que requiere del servicio m\u00e9dico de un especialista.<\/p>\n<p style=\"text-align: justify;\">Se administra mediante la inhalaci\u00f3n conjunta, v\u00eda nasal, de \u00f3xido nitroso y ox\u00edgeno. A los pocos minutos, el paciente queda completamente relajado, sin ning\u00fan contenido residual ni de estr\u00e9s, ni de ansiedad, hecho que le proporciona tranquilidad para poder aceptar cualquier tratamiento de una manera del todo confortable.<\/p>\n<p style=\"text-align: justify;\">Es un sistema <strong>completamente seguro y sin efectos secundarios<\/strong>, y reversible desde el momento que se deja de inhalar. Un minuto despu\u00e9s, el paciente puede marchar a casa, ya sea andando o conduciendo.<\/p>\n<p><img decoding=\"async\" class=\"aligncenter wp-image-2702 size-full\" title=\"Sedaci\u00f3n Consciente | Centre Dental Cise | Figueres\" src=\"https:\/\/www.centredentalcise.com\/wp-content\/uploads\/2018\/05\/Equip-Sedaci\u00f3-conscient.jpg\" alt=\"Equip Sedaci\u00f3 conscient | Centre Dental Cise | Figueres\" width=\"1400\" height=\"968\" srcset=\"https:\/\/centredentalcise.com\/wp-content\/uploads\/2018\/05\/Equip-Sedaci\u00f3-conscient.jpg 1400w, https:\/\/centredentalcise.com\/wp-content\/uploads\/2018\/05\/Equip-Sedaci\u00f3-conscient-150x104.jpg 150w, https:\/\/centredentalcise.com\/wp-content\/uploads\/2018\/05\/Equip-Sedaci\u00f3-conscient-300x207.jpg 300w, https:\/\/centredentalcise.com\/wp-content\/uploads\/2018\/05\/Equip-Sedaci\u00f3-conscient-768x531.jpg 768w, https:\/\/centredentalcise.com\/wp-content\/uploads\/2018\/05\/Equip-Sedaci\u00f3-conscient-1024x708.jpg 1024w\" sizes=\"(max-width: 1400px) 100vw, 1400px\" \/><\/p>","protected":false},"excerpt":{"rendered":"<p>La unidad de sedaci\u00f3n consciente es una herramienta especialmente indicada para aquellos pacientes, mayores de 18 a\u00f1os, a quienes la visita al dentista presupone una presi\u00f3n a\u00f1adida. A tener en cuenta que el Centre Dental CISE es una de las pocas cl\u00ednicas dentales que dispone de este dispositivo que requiere del servicio m\u00e9dico de un<br \/><a class=\"moretag\" href=\"https:\/\/centredentalcise.com\/es\/tractaments\/sedacio-conscient\/\">+ Read More<\/a><\/p>\n","protected":false},"author":1,"featured_media":1502,"parent":1166,"menu_order":0,"comment_status":"closed","ping_status":"closed","template":"","meta":{"footnotes":""},"class_list":["post-36","page","type-page","status-publish","has-post-thumbnail","hentry"],"_links":{"self":[{"href":"https:\/\/centredentalcise.com\/es\/wp-json\/wp\/v2\/pages\/36","targetHints":{"allow":["GET"]}}],"collection":[{"href":"https:\/\/centredentalcise.com\/es\/wp-json\/wp\/v2\/pages"}],"about":[{"href":"https:\/\/centredentalcise.com\/es\/wp-json\/wp\/v2\/types\/page"}],"author":[{"embeddable":true,"href":"https:\/\/centredentalcise.com\/es\/wp-json\/wp\/v2\/users\/1"}],"replies":[{"embeddable":true,"href":"https:\/\/centredentalcise.com\/es\/wp-json\/wp\/v2\/comments?post=36"}],"version-history":[{"count":0,"href":"https:\/\/centredentalcise.com\/es\/wp-json\/wp\/v2\/pages\/36\/revisions"}],"up":[{"embeddable":true,"href":"https:\/\/centredentalcise.com\/es\/wp-json\/wp\/v2\/pages\/1166"}],"wp:featuredmedia":[{"embeddable":true,"href":"https:\/\/centredentalcise.com\/es\/wp-json\/wp\/v2\/media\/1502"}],"wp:attachment":[{"href":"https:\/\/centredentalcise.com\/es\/wp-json\/wp\/v2\/media?parent=36"}],"curies":[{"name":"wp","href":"https:\/\/api.w.org\/{rel}","templated":true}]}}