{"id":30,"date":"2016-03-09T10:14:08","date_gmt":"2016-03-09T09:14:08","guid":{"rendered":"http:\/\/www.centredentalcise.com\/info\/?page_id=30"},"modified":"2021-11-19T10:26:01","modified_gmt":"2021-11-19T09:26:01","slug":"gerodontologia","status":"publish","type":"page","link":"https:\/\/centredentalcise.com\/es\/tractaments\/gerodontologia\/","title":{"rendered":"Gerodontolog\u00eda"},"content":{"rendered":"<p><\/p>\n<p style=\"text-align: justify;\">La <strong>Odontogeriatr\u00eda<\/strong> o <strong>Gerodontolog\u00eda<\/strong> es la especialidad de la Odontolog\u00eda que se dedica a la atenci\u00f3n odontol\u00f3gica de personas de la tercera edad, quienes por lo general presentan enfermedades cr\u00f3nicas degenerativas que implican un deterioro f\u00edsico o mental, con problemas asociados a tratamientos con medicamentos.<\/p>\n<p style=\"text-align: justify;\">El objetivo de esta especialidad, no es s\u00f3lo el tratamiento, sino la prevenci\u00f3n de las enfermedades de la boca, ya que en muchas ocasiones tienen afecciones producidas por los medicamentos que toman, por las enfermedades que padecen o por mala nutrici\u00f3n.<\/p>\n<p style=\"text-align: justify;\">En nuestro centro somos conscientes de la importancia que nuestro trabajo tiene para mejorar la calidad de vida de nuestros pacientes, desde los m\u00e1s peque\u00f1os hasta nuestros mayores.<\/p>\n<p style=\"text-align: justify;\">Ofrecemos un trato personal, muy cercano y comunicativo para que los mayores de 65 a\u00f1os entiendan su diagn\u00f3stico y conf\u00eden en la soluci\u00f3n aportada.<\/p>\n<p><img fetchpriority=\"high\" decoding=\"async\" class=\"aligncenter wp-image-355\" src=\"https:\/\/www.centredentalcise.com\/wp-content\/uploads\/2016\/03\/Gerodontologia.jpg\" alt=\"Gerodontologia | Centre Dental Cise\" width=\"800\" height=\"507\" srcset=\"https:\/\/centredentalcise.com\/wp-content\/uploads\/2016\/03\/Gerodontologia.jpg 600w, https:\/\/centredentalcise.com\/wp-content\/uploads\/2016\/03\/Gerodontologia-300x190.jpg 300w\" sizes=\"(max-width: 800px) 100vw, 800px\" \/><\/p>","protected":false},"excerpt":{"rendered":"<p>La Odontogeriatr\u00eda o Gerodontolog\u00eda es la especialidad de la Odontolog\u00eda que se dedica a la atenci\u00f3n odontol\u00f3gica de personas de la tercera edad, quienes por lo general presentan enfermedades cr\u00f3nicas degenerativas que implican un deterioro f\u00edsico o mental, con problemas asociados a tratamientos con medicamentos. El objetivo de esta especialidad, no es s\u00f3lo el tratamiento,<br \/><a class=\"moretag\" href=\"https:\/\/centredentalcise.com\/es\/tractaments\/gerodontologia\/\">+ Read More<\/a><\/p>\n","protected":false},"author":1,"featured_media":1495,"parent":1166,"menu_order":0,"comment_status":"closed","ping_status":"closed","template":"","meta":{"footnotes":""},"class_list":["post-30","page","type-page","status-publish","has-post-thumbnail","hentry"],"_links":{"self":[{"href":"https:\/\/centredentalcise.com\/es\/wp-json\/wp\/v2\/pages\/30","targetHints":{"allow":["GET"]}}],"collection":[{"href":"https:\/\/centredentalcise.com\/es\/wp-json\/wp\/v2\/pages"}],"about":[{"href":"https:\/\/centredentalcise.com\/es\/wp-json\/wp\/v2\/types\/page"}],"author":[{"embeddable":true,"href":"https:\/\/centredentalcise.com\/es\/wp-json\/wp\/v2\/users\/1"}],"replies":[{"embeddable":true,"href":"https:\/\/centredentalcise.com\/es\/wp-json\/wp\/v2\/comments?post=30"}],"version-history":[{"count":0,"href":"https:\/\/centredentalcise.com\/es\/wp-json\/wp\/v2\/pages\/30\/revisions"}],"up":[{"embeddable":true,"href":"https:\/\/centredentalcise.com\/es\/wp-json\/wp\/v2\/pages\/1166"}],"wp:featuredmedia":[{"embeddable":true,"href":"https:\/\/centredentalcise.com\/es\/wp-json\/wp\/v2\/media\/1495"}],"wp:attachment":[{"href":"https:\/\/centredentalcise.com\/es\/wp-json\/wp\/v2\/media?parent=30"}],"curies":[{"name":"wp","href":"https:\/\/api.w.org\/{rel}","templated":true}]}}