{"id":2909,"date":"2019-01-19T10:38:14","date_gmt":"2019-01-19T09:38:14","guid":{"rendered":"https:\/\/www.centredentalcise.com\/info\/?page_id=2909"},"modified":"2021-11-19T10:06:19","modified_gmt":"2021-11-19T09:06:19","slug":"45-anys-repartint-somriures","status":"publish","type":"page","link":"https:\/\/centredentalcise.com\/es\/45-anys-repartint-somriures\/","title":{"rendered":"45 a\u00f1os repartiendo sonrisas"},"content":{"rendered":"<p><\/p>\n<p style=\"text-align: justify;\"><strong>2019<\/strong> es un a\u00f1o importante para nuestro centro. Un a\u00f1o m\u00e1s a tu servicio, un a\u00f1o m\u00e1s ofreciendo lo mejor de nosotros\u2026 <strong>\u00a1un a\u00f1o m\u00e1s y ya sumamos 45!<\/strong><\/p>\n<h3 style=\"text-align: justify;\">\u00a1Soplamos velas! 45\u00ba aniversario de Centre Dental Cise<\/h3>\n<h4 style=\"text-align: justify;\">Los inicios, en el Eixample de Barcelona<\/h4>\n<p style=\"text-align: justify;\"><strong>Centre Dental Cise<\/strong> cumple <strong>45 a\u00f1os de vida<\/strong> con una trayectoria que avala desde que en 1974 fue su primera sede en el Eixample de Barcelona, en la calle <strong>Provenza<\/strong>. Ya hace m\u00e1s de 30 a\u00f1os que la Cl\u00ednica se instal\u00f3 en Figueres y desde entonces la combinaci\u00f3n de la atenci\u00f3n y proximidad de una cl\u00ednica tradicional familiar con las nuevas tecnolog\u00edas del siglo XXI definen el servicio que ofrece Cise en la capital del Alt Empord\u00e0.<\/p>\n<h4 style=\"text-align: justify;\">De Barcelona al Alt Empord\u00e0<\/h4>\n<p style=\"text-align: justify;\">Los inicios de Cise en Figueres se remontan al a\u00f1o 1989, cuando las ganas de expandirse y mejorar d\u00eda tras d\u00eda llevaron a sus fundadores a abrir una segunda cl\u00ednica dental en Figueres, en la calle <strong>Villalonga<\/strong>.<\/p>\n<p style=\"text-align: justify;\">Enamorados del Alt Empord\u00e0, en 1992 decidieron traspasar la cl\u00ednica de Barcelona y concentrar todas sus ilusiones y energ\u00edas en la calle Villalonga. Actualmente se ha sumado al proyecto familiar la segunda generaci\u00f3n para apoyar a un equipo de profesionales que forman parte de la plantilla desde el inicio de la cl\u00ednica.<\/p>\n<p><img fetchpriority=\"high\" decoding=\"async\" class=\"aligncenter wp-image-2918 size-full\" src=\"https:\/\/www.centredentalcise.com\/info\/wp-content\/uploads\/2019\/01\/Cise-45\u00e8-aniversari-01.jpg\" alt=\"Centre Dental Cise | 45\u00e8 aniversari\" width=\"1400\" height=\"925\" srcset=\"https:\/\/centredentalcise.com\/wp-content\/uploads\/2019\/01\/Cise-45\u00e8-aniversari-01.jpg 1400w, https:\/\/centredentalcise.com\/wp-content\/uploads\/2019\/01\/Cise-45\u00e8-aniversari-01-150x99.jpg 150w, https:\/\/centredentalcise.com\/wp-content\/uploads\/2019\/01\/Cise-45\u00e8-aniversari-01-300x198.jpg 300w, https:\/\/centredentalcise.com\/wp-content\/uploads\/2019\/01\/Cise-45\u00e8-aniversari-01-768x507.jpg 768w, https:\/\/centredentalcise.com\/wp-content\/uploads\/2019\/01\/Cise-45\u00e8-aniversari-01-1024x677.jpg 1024w\" sizes=\"(max-width: 1400px) 100vw, 1400px\" \/><\/p>\n<h4 style=\"text-align: justify;\">\u00a1Y naci\u00f3 Cise!<\/h4>\n<p style=\"text-align: justify;\">Hace m\u00e1s de 5 a\u00f1os que Cise se encuentra en un nuevo emplazamiento privilegiado: la tercera planta del edificio Cise \u2013Centre Internacional de Salut de l\u2019Empord\u00e0- poniendo al alcance del paciente un mejor precio, comodidad, sin problemas de aparcamiento y a tan solo 100 metros del transporte p\u00fablico y a 5 minutos de la estaci\u00f3n del AVE.<\/p>\n<p style=\"text-align: justify;\">El cambio supuso una gran mejora de las instalaciones para poder dar un mejor servicio, mediante una infraestructura que lo convierte en uno de los centros dentales m\u00e1s avanzados en\u00a0implantolog\u00eda\u00a0y pr\u00f3tesis dentales de todo el Alt Empord\u00e0.<\/p>\n<p><img decoding=\"async\" class=\"aligncenter size-full wp-image-2920\" src=\"https:\/\/www.centredentalcise.com\/info\/wp-content\/uploads\/2019\/01\/Cise-45\u00e8-aniversari-04.jpg\" alt=\"Centre Dental Cise | 45\u00e8 aniversari\" width=\"1400\" height=\"942\" srcset=\"https:\/\/centredentalcise.com\/wp-content\/uploads\/2019\/01\/Cise-45\u00e8-aniversari-04.jpg 1400w, https:\/\/centredentalcise.com\/wp-content\/uploads\/2019\/01\/Cise-45\u00e8-aniversari-04-150x101.jpg 150w, https:\/\/centredentalcise.com\/wp-content\/uploads\/2019\/01\/Cise-45\u00e8-aniversari-04-300x202.jpg 300w, https:\/\/centredentalcise.com\/wp-content\/uploads\/2019\/01\/Cise-45\u00e8-aniversari-04-768x517.jpg 768w, https:\/\/centredentalcise.com\/wp-content\/uploads\/2019\/01\/Cise-45\u00e8-aniversari-04-1024x689.jpg 1024w, https:\/\/centredentalcise.com\/wp-content\/uploads\/2019\/01\/Cise-45\u00e8-aniversari-04-400x270.jpg 400w\" sizes=\"(max-width: 1400px) 100vw, 1400px\" \/><\/p>\n<h4 style=\"text-align: justify;\">45 a\u00f1os despu\u00e9s&#8230;<\/h4>\n<p style=\"text-align: justify;\">La calidad y el trato personalizado siguen siendo la base de nuestro trabajo.<\/p>\n<p style=\"text-align: justify;\">La confianza, la integridad, la honestidad y la profesionalidad as\u00ed como la proximidad hacia el paciente definen el compromiso de Centre Dental Cise para que \u00e9ste se sienta al m\u00e1ximo de atendido.<\/p>\n<p><img decoding=\"async\" class=\"aligncenter size-full wp-image-2922\" src=\"https:\/\/www.centredentalcise.com\/info\/wp-content\/uploads\/2019\/01\/Cise-45\u00e8-aniversari-02.jpg\" alt=\"Centre Dental Cise | 45\u00e8 aniversari\" width=\"1400\" height=\"525\" srcset=\"https:\/\/centredentalcise.com\/wp-content\/uploads\/2019\/01\/Cise-45\u00e8-aniversari-02.jpg 1400w, https:\/\/centredentalcise.com\/wp-content\/uploads\/2019\/01\/Cise-45\u00e8-aniversari-02-150x56.jpg 150w, https:\/\/centredentalcise.com\/wp-content\/uploads\/2019\/01\/Cise-45\u00e8-aniversari-02-300x113.jpg 300w, https:\/\/centredentalcise.com\/wp-content\/uploads\/2019\/01\/Cise-45\u00e8-aniversari-02-768x288.jpg 768w, https:\/\/centredentalcise.com\/wp-content\/uploads\/2019\/01\/Cise-45\u00e8-aniversari-02-1024x384.jpg 1024w\" sizes=\"(max-width: 1400px) 100vw, 1400px\" \/><\/p>\n<h4 style=\"text-align: justify;\">\u00a1Y todo gracias a vosotros!<\/h4>\n<p style=\"text-align: justify;\">Porque form\u00e1is parte de nuestro aniversario. Nuestros pacientes y amigos, que han confiado y conf\u00edan en nosotros, nos han hecho crecer. As\u00ed que, para todos vosotros, nuestro m\u00e1s grande y sincero agradecimiento. Seguimos caminando juntos, seguimos repartiendo sonrisas y, como no, seguiremos soplando velas. <strong>\u00a1Felicidades Centre Dental Cise!<\/strong><\/p>\n<p><img loading=\"lazy\" decoding=\"async\" class=\"aligncenter wp-image-2972 size-full\" src=\"https:\/\/www.centredentalcise.com\/info\/wp-content\/uploads\/2019\/01\/45\u00e8-Aniversari-CISE-Espa\u00f1ol.jpg\" alt=\"Centre Dental Cise | 45 a\u00f1os dibujando sonrisas\" width=\"1400\" height=\"985\" srcset=\"https:\/\/centredentalcise.com\/wp-content\/uploads\/2019\/01\/45\u00e8-Aniversari-CISE-Espa\u00f1ol.jpg 1400w, https:\/\/centredentalcise.com\/wp-content\/uploads\/2019\/01\/45\u00e8-Aniversari-CISE-Espa\u00f1ol-150x106.jpg 150w, https:\/\/centredentalcise.com\/wp-content\/uploads\/2019\/01\/45\u00e8-Aniversari-CISE-Espa\u00f1ol-300x211.jpg 300w, https:\/\/centredentalcise.com\/wp-content\/uploads\/2019\/01\/45\u00e8-Aniversari-CISE-Espa\u00f1ol-768x540.jpg 768w, https:\/\/centredentalcise.com\/wp-content\/uploads\/2019\/01\/45\u00e8-Aniversari-CISE-Espa\u00f1ol-1024x720.jpg 1024w\" sizes=\"(max-width: 1400px) 100vw, 1400px\" \/><\/p>","protected":false},"excerpt":{"rendered":"<p>2019 es un a\u00f1o importante para nuestro centro. Un a\u00f1o m\u00e1s a tu servicio, un a\u00f1o m\u00e1s ofreciendo lo mejor de nosotros\u2026 \u00a1un a\u00f1o m\u00e1s y ya sumamos 45! \u00a1Soplamos velas! 45\u00ba aniversario de Centre Dental Cise Los inicios, en el Eixample de Barcelona Centre Dental Cise cumple 45 a\u00f1os de vida con una trayectoria<br \/><a class=\"moretag\" href=\"https:\/\/centredentalcise.com\/es\/45-anys-repartint-somriures\/\">+ Read More<\/a><\/p>\n","protected":false},"author":1,"featured_media":3030,"parent":0,"menu_order":0,"comment_status":"closed","ping_status":"closed","template":"","meta":{"footnotes":""},"class_list":["post-2909","page","type-page","status-publish","has-post-thumbnail","hentry"],"_links":{"self":[{"href":"https:\/\/centredentalcise.com\/es\/wp-json\/wp\/v2\/pages\/2909","targetHints":{"allow":["GET"]}}],"collection":[{"href":"https:\/\/centredentalcise.com\/es\/wp-json\/wp\/v2\/pages"}],"about":[{"href":"https:\/\/centredentalcise.com\/es\/wp-json\/wp\/v2\/types\/page"}],"author":[{"embeddable":true,"href":"https:\/\/centredentalcise.com\/es\/wp-json\/wp\/v2\/users\/1"}],"replies":[{"embeddable":true,"href":"https:\/\/centredentalcise.com\/es\/wp-json\/wp\/v2\/comments?post=2909"}],"version-history":[{"count":0,"href":"https:\/\/centredentalcise.com\/es\/wp-json\/wp\/v2\/pages\/2909\/revisions"}],"wp:featuredmedia":[{"embeddable":true,"href":"https:\/\/centredentalcise.com\/es\/wp-json\/wp\/v2\/media\/3030"}],"wp:attachment":[{"href":"https:\/\/centredentalcise.com\/es\/wp-json\/wp\/v2\/media?parent=2909"}],"curies":[{"name":"wp","href":"https:\/\/api.w.org\/{rel}","templated":true}]}}