{"id":26,"date":"2016-03-09T10:13:11","date_gmt":"2016-03-09T09:13:11","guid":{"rendered":"http:\/\/www.centredentalcise.com\/info\/?page_id=26"},"modified":"2020-12-23T16:47:10","modified_gmt":"2020-12-23T15:47:10","slug":"estetica-dental","status":"publish","type":"page","link":"https:\/\/centredentalcise.com\/es\/tractaments\/estetica-dental\/","title":{"rendered":"Est\u00e9tica dental"},"content":{"rendered":"<p><\/p>\n<p style=\"text-align: justify;\">Lucir una sonrisa bonita y brillante aporta luz a nuestro aspecto y nos permite gozar de mayor autoestima.<\/p>\n<p style=\"text-align: justify;\">Gracias a los progresos de la odontolog\u00eda est\u00e9tica, podemos mejorar su sonrisa con tratamientos r\u00e1pidos, completamente indoloros e incre\u00edblemente asequibles.<\/p>\n<p style=\"text-align: justify;\">Hoy en d\u00eda la est\u00e9tica dental permite hacer un blanqueamiento dental , cambiar el tama\u00f1o, la forma o la posici\u00f3n de los dientes, reparar las piezas rotas, reemplazar empastes antiguos antiest\u00e9ticos, poner dientes que faltan&#8230;<\/p>\n<p style=\"text-align: justify;\">En nuestro centro gozamos de una \u00e1mplia experiencia en cuanto a est\u00e9tica dental y podemos presumir de clientes satisfechos casi tanto como ellos presumen hoy en d\u00eda de una bonita sonrisa.<\/p>\n<p style=\"text-align: justify;\"><img fetchpriority=\"high\" decoding=\"async\" class=\"aligncenter wp-image-366 size-full\" src=\"https:\/\/www.centredentalcise.com\/wp-content\/uploads\/2016\/03\/Estetica-dental.jpg\" alt=\"Est\u00e8tica dental | Centre Dental Cise\" width=\"1150\" height=\"766\" srcset=\"https:\/\/centredentalcise.com\/wp-content\/uploads\/2016\/03\/Estetica-dental.jpg 1150w, https:\/\/centredentalcise.com\/wp-content\/uploads\/2016\/03\/Estetica-dental-300x200.jpg 300w, https:\/\/centredentalcise.com\/wp-content\/uploads\/2016\/03\/Estetica-dental-768x512.jpg 768w, https:\/\/centredentalcise.com\/wp-content\/uploads\/2016\/03\/Estetica-dental-1024x682.jpg 1024w\" sizes=\"(max-width: 1150px) 100vw, 1150px\" \/><\/p>\n<p><\/p>","protected":false},"excerpt":{"rendered":"<p>Lucir una sonrisa bonita y brillante aporta luz a nuestro aspecto y nos permite gozar de mayor autoestima. Gracias a los progresos de la odontolog\u00eda est\u00e9tica, podemos mejorar su sonrisa con tratamientos r\u00e1pidos, completamente indoloros e incre\u00edblemente asequibles. Hoy en d\u00eda la est\u00e9tica dental permite hacer un blanqueamiento dental , cambiar el tama\u00f1o, la forma<br \/><a class=\"moretag\" href=\"https:\/\/centredentalcise.com\/es\/tractaments\/estetica-dental\/\">+ Read More<\/a><\/p>\n","protected":false},"author":1,"featured_media":1493,"parent":1166,"menu_order":0,"comment_status":"closed","ping_status":"closed","template":"","meta":{"footnotes":""},"class_list":["post-26","page","type-page","status-publish","has-post-thumbnail","hentry"],"_links":{"self":[{"href":"https:\/\/centredentalcise.com\/es\/wp-json\/wp\/v2\/pages\/26","targetHints":{"allow":["GET"]}}],"collection":[{"href":"https:\/\/centredentalcise.com\/es\/wp-json\/wp\/v2\/pages"}],"about":[{"href":"https:\/\/centredentalcise.com\/es\/wp-json\/wp\/v2\/types\/page"}],"author":[{"embeddable":true,"href":"https:\/\/centredentalcise.com\/es\/wp-json\/wp\/v2\/users\/1"}],"replies":[{"embeddable":true,"href":"https:\/\/centredentalcise.com\/es\/wp-json\/wp\/v2\/comments?post=26"}],"version-history":[{"count":0,"href":"https:\/\/centredentalcise.com\/es\/wp-json\/wp\/v2\/pages\/26\/revisions"}],"up":[{"embeddable":true,"href":"https:\/\/centredentalcise.com\/es\/wp-json\/wp\/v2\/pages\/1166"}],"wp:featuredmedia":[{"embeddable":true,"href":"https:\/\/centredentalcise.com\/es\/wp-json\/wp\/v2\/media\/1493"}],"wp:attachment":[{"href":"https:\/\/centredentalcise.com\/es\/wp-json\/wp\/v2\/media?parent=26"}],"curies":[{"name":"wp","href":"https:\/\/api.w.org\/{rel}","templated":true}]}}