{"id":24,"date":"2016-03-09T10:10:44","date_gmt":"2016-03-09T09:10:44","guid":{"rendered":"http:\/\/www.centredentalcise.com\/info\/?page_id=24"},"modified":"2023-09-22T17:43:01","modified_gmt":"2023-09-22T15:43:01","slug":"ortodoncia","status":"publish","type":"page","link":"https:\/\/centredentalcise.com\/es\/tractaments\/ortodoncia\/","title":{"rendered":"Ortodoncia y Ortodoncia invisible"},"content":{"rendered":"\t\t<div data-elementor-type=\"wp-page\" data-elementor-id=\"24\" class=\"elementor elementor-24\" data-elementor-post-type=\"page\">\n\t\t\t\t\t\t<section class=\"elementor-section elementor-top-section elementor-element elementor-element-42dead0 elementor-section-full_width elementor-section-height-default elementor-section-height-default\" data-id=\"42dead0\" data-element_type=\"section\" data-e-type=\"section\">\n\t\t\t\t\t\t<div class=\"elementor-container elementor-column-gap-no\">\n\t\t\t\t\t<div class=\"elementor-column elementor-col-100 elementor-top-column elementor-element elementor-element-607089b9\" data-id=\"607089b9\" data-element_type=\"column\" data-e-type=\"column\">\n\t\t\t<div class=\"elementor-widget-wrap elementor-element-populated\">\n\t\t\t\t\t\t<div class=\"elementor-element elementor-element-36d842a7 elementor-widget elementor-widget-text-editor\" data-id=\"36d842a7\" data-element_type=\"widget\" data-e-type=\"widget\" data-widget_type=\"text-editor.default\">\n\t\t\t\t<div class=\"elementor-widget-container\">\n\t\t\t\t\t\t\t\t\t<p>La Ortodoncia es una rama de la Odontolog\u00eda, que se especializa en el diagn\u00f3stico, prevenci\u00f3n y tratamiento de las irregularidades dentofaciales o mal oclusi\u00f3n (mala mordida). Persigue la perfecta colocaci\u00f3n de los dientes, con sus beneficios est\u00e9ticos y de salud, as\u00ed como la normal coordinaci\u00f3n de los maxilares, consiguiendo una armon\u00eda facial. Dientes sanos que funcionan bien, y una cara equilibrada que agrada al que la contempla, repercuten en la autoestima del paciente, y en su aceptaci\u00f3n social.<\/p><p style=\"text-align: justify;\">Se emplea en ni\u00f1os y adolescentes porque est\u00e1n en pleno crecimiento del esqueleto y con recambio dentario, pudi\u00e9ndose por ello actuar sobre ambas estructuras. Una vez terminado el crecimiento, s\u00f3lo se puede actuar sobre los dientes. En las mujeres se considera el fin del crecimiento cr\u00e1neofacial a los 15 a\u00f1os y en los varones a los 19 a\u00f1os.<\/p><p style=\"text-align: justify;\">Aunque se puede emplear a cualquier edad, la ortodoncia es capaz de corregir la mala posici\u00f3n de los dientes para conseguir una boca saludable. Una bonita sonrisa ilumina el rostro y los hace m\u00e1s atractivos.<\/p><h3 style=\"text-align: center;\">Actualmente, existen 3 tipos de Ortodoncia:<br \/>Convencional, Est\u00e9tica e Invisible<\/h3><p style=\"text-align: justify;\">La est\u00e9tica dental est\u00e1 \u00edntimamente ligada a la posici\u00f3n correcta de los dientes. Por eso, disponemos de tratamientos correctivos de ortodoncia dental, donde en muchos casos podemos recurrir al uso de <strong>br\u00e1ckets est\u00e9ticos<\/strong>, menos visibles y a arcos m\u00e1s ergon\u00f3micos, de manera que el tratamiento de <strong>ortodoncia<\/strong> es m\u00e1s r\u00e1pido y permite la <strong>correcci\u00f3n dental<\/strong> en la edad adulta de manera m\u00e1s sencilla.<\/p><p style=\"text-align: justify;\">La Ortodoncia Invisible supone un enorme salto cualitativo en lo que concierne a la calidad de vida para el paciente. Las ventajas de la ortodoncia invisible frente a la tradicional son incuestionables:<\/p><ol><li><strong>Aparatos transparentes<\/strong>, pr\u00e1cticamente invisibles.<\/li><li><strong>Muy c\u00f3modos<\/strong>, evitan las llagas y rozaduras.<\/li><li style=\"text-align: justify;\"><strong>Aparatos extra\u00edbles<\/strong>: unos aparatos de ortodoncia con un dise\u00f1o compacto que permite al paciente quit\u00e1rselos para acudir a reuniones o citas, comer, beber o cepillarse los dientes.<\/li><\/ol><p style=\"text-align: justify;\">Esto es la <strong>ortodoncia invisible<\/strong>: un tratamiento revolucionario que soluciona todos los inconvenientes de los cl\u00e1sicos aparatos de metal.<\/p><p style=\"text-align: justify;\">Vis\u00edtenos y estudiaremos su caso sin compromiso. Las ventajas de este novedoso sistema le convencer\u00e1n.<\/p>\t\t\t\t\t\t\t\t<\/div>\n\t\t\t\t<\/div>\n\t\t\t\t<div class=\"elementor-element elementor-element-97837a8 elementor-widget elementor-widget-image\" data-id=\"97837a8\" data-element_type=\"widget\" data-e-type=\"widget\" data-widget_type=\"image.default\">\n\t\t\t\t<div class=\"elementor-widget-container\">\n\t\t\t\t\t\t\t\t\t\t\t\t\t\t\t<img fetchpriority=\"high\" decoding=\"async\" width=\"800\" height=\"489\" src=\"https:\/\/centredentalcise.com\/wp-content\/uploads\/2023\/09\/Ortodoncia-invisble-Invisalign.jpg\" class=\"attachment-full size-full wp-image-83794\" alt=\"Centre Dental Cise - Figueres | Ortodoncia invisible\" srcset=\"https:\/\/centredentalcise.com\/wp-content\/uploads\/2023\/09\/Ortodoncia-invisble-Invisalign.jpg 800w, https:\/\/centredentalcise.com\/wp-content\/uploads\/2023\/09\/Ortodoncia-invisble-Invisalign-300x183.jpg 300w, https:\/\/centredentalcise.com\/wp-content\/uploads\/2023\/09\/Ortodoncia-invisble-Invisalign-150x92.jpg 150w, https:\/\/centredentalcise.com\/wp-content\/uploads\/2023\/09\/Ortodoncia-invisble-Invisalign-768x469.jpg 768w\" sizes=\"(max-width: 800px) 100vw, 800px\" \/>\t\t\t\t\t\t\t\t\t\t\t\t\t\t\t<\/div>\n\t\t\t\t<\/div>\n\t\t\t\t\t<\/div>\n\t\t<\/div>\n\t\t\t\t\t<\/div>\n\t\t<\/section>\n\t\t\t\t<\/div>\n\t\t","protected":false},"excerpt":{"rendered":"<p>La Ortodoncia es una rama de la Odontolog\u00eda, que se especializa en el diagn\u00f3stico, prevenci\u00f3n y tratamiento de las irregularidades dentofaciales o mal oclusi\u00f3n (mala mordida). Persigue la perfecta colocaci\u00f3n de los dientes, con sus beneficios est\u00e9ticos y de salud, as\u00ed como la normal coordinaci\u00f3n de los maxilares, consiguiendo una armon\u00eda facial. Dientes sanos que<br \/><a class=\"moretag\" href=\"https:\/\/centredentalcise.com\/es\/tractaments\/ortodoncia\/\">+ Read More<\/a><\/p>\n","protected":false},"author":1,"featured_media":83792,"parent":1166,"menu_order":0,"comment_status":"closed","ping_status":"closed","template":"","meta":{"footnotes":""},"class_list":["post-24","page","type-page","status-publish","has-post-thumbnail","hentry"],"_links":{"self":[{"href":"https:\/\/centredentalcise.com\/es\/wp-json\/wp\/v2\/pages\/24","targetHints":{"allow":["GET"]}}],"collection":[{"href":"https:\/\/centredentalcise.com\/es\/wp-json\/wp\/v2\/pages"}],"about":[{"href":"https:\/\/centredentalcise.com\/es\/wp-json\/wp\/v2\/types\/page"}],"author":[{"embeddable":true,"href":"https:\/\/centredentalcise.com\/es\/wp-json\/wp\/v2\/users\/1"}],"replies":[{"embeddable":true,"href":"https:\/\/centredentalcise.com\/es\/wp-json\/wp\/v2\/comments?post=24"}],"version-history":[{"count":0,"href":"https:\/\/centredentalcise.com\/es\/wp-json\/wp\/v2\/pages\/24\/revisions"}],"up":[{"embeddable":true,"href":"https:\/\/centredentalcise.com\/es\/wp-json\/wp\/v2\/pages\/1166"}],"wp:featuredmedia":[{"embeddable":true,"href":"https:\/\/centredentalcise.com\/es\/wp-json\/wp\/v2\/media\/83792"}],"wp:attachment":[{"href":"https:\/\/centredentalcise.com\/es\/wp-json\/wp\/v2\/media?parent=24"}],"curies":[{"name":"wp","href":"https:\/\/api.w.org\/{rel}","templated":true}]}}