{"id":22,"date":"2016-03-09T10:10:16","date_gmt":"2016-03-09T09:10:16","guid":{"rendered":"http:\/\/www.centredentalcise.com\/info\/?page_id=22"},"modified":"2021-11-19T10:13:37","modified_gmt":"2021-11-19T09:13:37","slug":"rehabilitacio-oral","status":"publish","type":"page","link":"https:\/\/centredentalcise.com\/es\/tractaments\/rehabilitacio-oral\/","title":{"rendered":"Rehabilitaci\u00f3n oral"},"content":{"rendered":"<p><\/p>\n<p style=\"text-align: justify;\">Los dientes se pueden perder por varias razones: caries, enfermedad periodontal&#8230;<\/p>\n<p style=\"text-align: justify;\">La perdida de uno o m\u00e1s dientes lleva a que los que quedan trabajen m\u00e1s de lo que es normal, generando sobrecargas de contactos, rotaciones, inclinaciones&#8230;<\/p>\n<p style=\"text-align: justify;\">La <strong>Rehabilitaci\u00f3n oral<\/strong> es la parte de la Odontolog\u00eda encargada de restaurar y devolver la funci\u00f3n est\u00e9tica para conseguir una oclusi\u00f3n correcta.<\/p>\n<p style=\"text-align: justify;\">En nuestro centro estudiamos un plan de tratamiento adecuado al paciente para recuperar su salud bucal a trav\u00e9s de las t\u00e9cnicas m\u00e1s modernas de rehabilitaci\u00f3n. A su vez, establecemos una estrecha relaci\u00f3n con otras disciplinas de la odontolog\u00eda, como la periodoncia, endodoncia y ortodoncia.<\/p>\n<p style=\"text-align: justify;\">Mediante las t\u00e9cnicas actuales de odontolog\u00eda se consigue hacer dichas rehabilitaciones mediante pr\u00f3tesis fijas sobre dientes o Implantes dentales en m\u00e1s del 95% los pacientes, con lo que se evita la utilizaci\u00f3n de pr\u00f3tesis removibles que resultan m\u00e1s inc\u00f3modas.<\/p>\n<p style=\"text-align: justify;\"><img fetchpriority=\"high\" decoding=\"async\" class=\"aligncenter wp-image-379 size-full\" src=\"https:\/\/www.centredentalcise.com\/wp-content\/uploads\/2016\/03\/rehabilitacion-oral.jpg\" alt=\"Rehabilitaci\u00f3 Oral | Centre Dental Cise | Dentistes de confian\u00e7a a Figueres\" width=\"960\" height=\"500\" srcset=\"https:\/\/centredentalcise.com\/wp-content\/uploads\/2016\/03\/rehabilitacion-oral.jpg 960w, https:\/\/centredentalcise.com\/wp-content\/uploads\/2016\/03\/rehabilitacion-oral-300x156.jpg 300w, https:\/\/centredentalcise.com\/wp-content\/uploads\/2016\/03\/rehabilitacion-oral-768x400.jpg 768w\" sizes=\"(max-width: 960px) 100vw, 960px\" \/><\/p>\n<p><\/p>","protected":false},"excerpt":{"rendered":"<p>Los dientes se pueden perder por varias razones: caries, enfermedad periodontal&#8230; La perdida de uno o m\u00e1s dientes lleva a que los que quedan trabajen m\u00e1s de lo que es normal, generando sobrecargas de contactos, rotaciones, inclinaciones&#8230; La Rehabilitaci\u00f3n oral es la parte de la Odontolog\u00eda encargada de restaurar y devolver la funci\u00f3n est\u00e9tica para<br \/><a class=\"moretag\" href=\"https:\/\/centredentalcise.com\/es\/tractaments\/rehabilitacio-oral\/\">+ Read More<\/a><\/p>\n","protected":false},"author":1,"featured_media":1489,"parent":1166,"menu_order":0,"comment_status":"closed","ping_status":"closed","template":"","meta":{"footnotes":""},"class_list":["post-22","page","type-page","status-publish","has-post-thumbnail","hentry"],"_links":{"self":[{"href":"https:\/\/centredentalcise.com\/es\/wp-json\/wp\/v2\/pages\/22","targetHints":{"allow":["GET"]}}],"collection":[{"href":"https:\/\/centredentalcise.com\/es\/wp-json\/wp\/v2\/pages"}],"about":[{"href":"https:\/\/centredentalcise.com\/es\/wp-json\/wp\/v2\/types\/page"}],"author":[{"embeddable":true,"href":"https:\/\/centredentalcise.com\/es\/wp-json\/wp\/v2\/users\/1"}],"replies":[{"embeddable":true,"href":"https:\/\/centredentalcise.com\/es\/wp-json\/wp\/v2\/comments?post=22"}],"version-history":[{"count":0,"href":"https:\/\/centredentalcise.com\/es\/wp-json\/wp\/v2\/pages\/22\/revisions"}],"up":[{"embeddable":true,"href":"https:\/\/centredentalcise.com\/es\/wp-json\/wp\/v2\/pages\/1166"}],"wp:featuredmedia":[{"embeddable":true,"href":"https:\/\/centredentalcise.com\/es\/wp-json\/wp\/v2\/media\/1489"}],"wp:attachment":[{"href":"https:\/\/centredentalcise.com\/es\/wp-json\/wp\/v2\/media?parent=22"}],"curies":[{"name":"wp","href":"https:\/\/api.w.org\/{rel}","templated":true}]}}