{"id":20,"date":"2016-03-09T10:09:52","date_gmt":"2016-03-09T09:09:52","guid":{"rendered":"http:\/\/www.centredentalcise.com\/info\/?page_id=20"},"modified":"2021-11-19T10:15:59","modified_gmt":"2021-11-19T09:15:59","slug":"implants-dentals","status":"publish","type":"page","link":"https:\/\/centredentalcise.com\/es\/tractaments\/implants-dentals\/","title":{"rendered":"Implantes dentales"},"content":{"rendered":"<p><\/p>\n<p style=\"text-align: justify;\">Los implantes dentales son una muy buena opci\u00f3n para reemplazar uno o varios dientes que le falten.<\/p>\n<p style=\"text-align: justify;\">Cuando se ha perdido un diente, se pierde tanto la corona como la ra\u00edz. Para reemplazar esta ra\u00edz utilizaremos una especie de tornillo, de titanio, que colocaremos dentro del hueso maxilar en un \u00ablecho \u00f3seo\u00bb que nosotros haremos, con anestesia local.<\/p>\n<h3 style=\"text-align: justify;\"><strong>\u00bfPor qu\u00e9 reponer los dientes perdidos?<\/strong><\/h3>\n<ul style=\"text-align: justify;\">\n<li>Si se pierde un diente se compromete la habilidad para masticar.<\/li>\n<li>Tambi\u00e9n se incrementa la carga a los dientes y molares que se quedan, acortando su supervivencia en la boca.<\/li>\n<li>Los dientes vecinos pierden su eje y provocan inestabilidad, hecho que compromete la articulaci\u00f3n mandibular.<\/li>\n<li>As\u00ed mismo, provoca un impacto est\u00e9tico.<\/li>\n<\/ul>\n<h3 style=\"text-align: justify;\"><strong>\u00bfCu\u00e1ntos implantes dentales se necesitan?<\/strong><\/h3>\n<p style=\"text-align: justify;\">El n\u00famero de implantes dentales se determina mediante el estudio del caso. Por esta raz\u00f3n, se tomar\u00e1n modelos de yeso, se har\u00e1n radiograf\u00edas y otras pruebas complementarias necesarias para un estudio de implantolog\u00eda.<\/p>\n<h3 style=\"text-align: justify;\"><strong>\u00bfCu\u00e1nto tiempo duran los implantes dentales?<\/strong><\/h3>\n<p style=\"text-align: justify;\">La duraci\u00f3n de los implantes dentales depender\u00e1 en gran medida del mantenimiento que hagamos con las correspondientes revisiones en la cl\u00ednica dental, de la presencia o no de h\u00e1bitos nocivos como el tabaquismo, as\u00ed como del cuidado personal diario.<\/p>\n<p style=\"text-align: justify;\">Los implantes dentales colocados en nuestro centro son de primera calidad. No obstante, recomendamos un mantenimiento y seguimiento con el dentista para poder garantizar la m\u00e1xima duraci\u00f3n.<\/p>\n<p style=\"text-align: justify;\"><img decoding=\"async\" class=\"aligncenter wp-image-606 size-full\" src=\"https:\/\/www.centredentalcise.com\/wp-content\/uploads\/2016\/03\/Implants.jpg\" alt=\"Implants Dentals | Centre Dental Cise\" width=\"1200\" height=\"633\" srcset=\"https:\/\/centredentalcise.com\/wp-content\/uploads\/2016\/03\/Implants.jpg 1200w, https:\/\/centredentalcise.com\/wp-content\/uploads\/2016\/03\/Implants-300x158.jpg 300w, https:\/\/centredentalcise.com\/wp-content\/uploads\/2016\/03\/Implants-768x405.jpg 768w, https:\/\/centredentalcise.com\/wp-content\/uploads\/2016\/03\/Implants-1024x540.jpg 1024w\" sizes=\"(max-width: 1200px) 100vw, 1200px\" \/><\/p>\n<p><\/p>","protected":false},"excerpt":{"rendered":"<p>Los implantes dentales son una muy buena opci\u00f3n para reemplazar uno o varios dientes que le falten. Cuando se ha perdido un diente, se pierde tanto la corona como la ra\u00edz. Para reemplazar esta ra\u00edz utilizaremos una especie de tornillo, de titanio, que colocaremos dentro del hueso maxilar en un \u00ablecho \u00f3seo\u00bb que nosotros haremos,<br \/><a class=\"moretag\" href=\"https:\/\/centredentalcise.com\/es\/tractaments\/implants-dentals\/\">+ Read More<\/a><\/p>\n","protected":false},"author":1,"featured_media":1483,"parent":1166,"menu_order":0,"comment_status":"closed","ping_status":"closed","template":"","meta":{"footnotes":""},"class_list":["post-20","page","type-page","status-publish","has-post-thumbnail","hentry"],"_links":{"self":[{"href":"https:\/\/centredentalcise.com\/es\/wp-json\/wp\/v2\/pages\/20","targetHints":{"allow":["GET"]}}],"collection":[{"href":"https:\/\/centredentalcise.com\/es\/wp-json\/wp\/v2\/pages"}],"about":[{"href":"https:\/\/centredentalcise.com\/es\/wp-json\/wp\/v2\/types\/page"}],"author":[{"embeddable":true,"href":"https:\/\/centredentalcise.com\/es\/wp-json\/wp\/v2\/users\/1"}],"replies":[{"embeddable":true,"href":"https:\/\/centredentalcise.com\/es\/wp-json\/wp\/v2\/comments?post=20"}],"version-history":[{"count":0,"href":"https:\/\/centredentalcise.com\/es\/wp-json\/wp\/v2\/pages\/20\/revisions"}],"up":[{"embeddable":true,"href":"https:\/\/centredentalcise.com\/es\/wp-json\/wp\/v2\/pages\/1166"}],"wp:featuredmedia":[{"embeddable":true,"href":"https:\/\/centredentalcise.com\/es\/wp-json\/wp\/v2\/media\/1483"}],"wp:attachment":[{"href":"https:\/\/centredentalcise.com\/es\/wp-json\/wp\/v2\/media?parent=20"}],"curies":[{"name":"wp","href":"https:\/\/api.w.org\/{rel}","templated":true}]}}