{"id":1810,"date":"2017-04-18T10:11:41","date_gmt":"2017-04-18T10:11:41","guid":{"rendered":"http:\/\/www.centredentalcise.com\/info\/?page_id=1810"},"modified":"2021-11-19T10:00:44","modified_gmt":"2021-11-19T09:00:44","slug":"cataleg-corporatiu","status":"publish","type":"page","link":"https:\/\/centredentalcise.com\/es\/cataleg-corporatiu\/","title":{"rendered":"Cat\u00e1logo corporativo"},"content":{"rendered":"<p><\/p>\n<p style=\"text-align: justify;\">En esta secci\u00f3n dejamos a su disposici\u00f3n nuestro <strong>cat\u00e1logo corporativo<\/strong>, que podr\u00e1 consultar e incluso descargar para estar al d\u00eda de toda la informaci\u00f3n en lo referente a nuestro centro.<\/p>\n<p>Nuestra historia, tratamientos y servicios que realizamos, nuestra filosof\u00eda y misi\u00f3n social, entre otros, as\u00ed como tambi\u00e9n los elementos diferenciales de <strong>Centre Dental Cise<\/strong>. Todo a un solo clic.<\/p>\n<p style=\"text-align: justify;\">En efecto, llevamos <strong>+ de 40 a\u00f1os al servicio de la Salud bucal<\/strong>, manteniendo como sellos de identidad la Confianza y la Integridad, vasta Experiencia, Profesionalidad y Honestidad, y Proximidad. Nos preocupamos de lo qu\u00e9 usted realmente necesita\u2026 Su Salud, \u00a1lo m\u00e1s importante para usted y para nosotros!<\/p>\n<p style=\"text-align: justify;\">Aportamos como valores a\u00f1adidos una <strong>simbiosis perfecta entre dentista y prot\u00e9sico<\/strong>, <strong>servicio de dientes en unas horas<\/strong>, <strong>veh\u00edculo de cortes\u00eda gratuito<\/strong>, servicio de <strong>sedaci\u00f3n consciente<\/strong> especialmente indicado para pacientes a quienes la visita al dentista presuponga una presi\u00f3n a\u00f1adida y, como elemento diferencial del resto de cl\u00ednicas dentales de la zona, <strong>tecnolog\u00eda de vanguardia<\/strong>, incluido el <strong>TAC-3D<\/strong> el cual casi ninguna cl\u00ednica dental de la zona dispone de \u00e9l.<\/p>\n<h3>Esperamos que sea de su inter\u00e9s!<\/h3>\n<p><div class=\"_df_book df-lite\" id=\"df_3347\"  _slug=\"cataleg-corporatiu-cat\" data-title=\"cataleg-corporatiu-cat\" wpoptions=\"true\" thumbtype=\"\" ><\/div><script class=\"df-shortcode-script\" nowprocket type=\"application\/javascript\">window.option_df_3347 = {\"webgl\":\"false\",\"outline\":[],\"backgroundColor\":\"#f1f2f3\",\"height\":\"auto\",\"autoEnableOutline\":\"false\",\"autoEnableThumbnail\":\"false\",\"overwritePDFOutline\":\"false\",\"direction\":\"1\",\"pageSize\":\"0\",\"pageMode\":\"1\",\"controlsPosition\":\"top\",\"source\":\"https:\\\/\\\/www.centredentalcise.com\\\/wp-content\\\/uploads\\\/2017\\\/04\\\/Centre-Dental-Cise-Cat\\u00e0leg-corporatiu.pdf\",\"wpOptions\":\"true\"}; if(window.DFLIP && window.DFLIP.parseBooks){window.DFLIP.parseBooks();}<\/script><\/p>","protected":false},"excerpt":{"rendered":"<p>En esta secci\u00f3n dejamos a su disposici\u00f3n nuestro cat\u00e1logo corporativo, que podr\u00e1 consultar e incluso descargar para estar al d\u00eda de toda la informaci\u00f3n en lo referente a nuestro centro. Nuestra historia, tratamientos y servicios que realizamos, nuestra filosof\u00eda y misi\u00f3n social, entre otros, as\u00ed como tambi\u00e9n los elementos diferenciales de Centre Dental Cise. Todo<br \/><a class=\"moretag\" href=\"https:\/\/centredentalcise.com\/es\/cataleg-corporatiu\/\">+ Read More<\/a><\/p>\n","protected":false},"author":1,"featured_media":1965,"parent":0,"menu_order":0,"comment_status":"closed","ping_status":"closed","template":"","meta":{"footnotes":""},"class_list":["post-1810","page","type-page","status-publish","has-post-thumbnail","hentry"],"_links":{"self":[{"href":"https:\/\/centredentalcise.com\/es\/wp-json\/wp\/v2\/pages\/1810","targetHints":{"allow":["GET"]}}],"collection":[{"href":"https:\/\/centredentalcise.com\/es\/wp-json\/wp\/v2\/pages"}],"about":[{"href":"https:\/\/centredentalcise.com\/es\/wp-json\/wp\/v2\/types\/page"}],"author":[{"embeddable":true,"href":"https:\/\/centredentalcise.com\/es\/wp-json\/wp\/v2\/users\/1"}],"replies":[{"embeddable":true,"href":"https:\/\/centredentalcise.com\/es\/wp-json\/wp\/v2\/comments?post=1810"}],"version-history":[{"count":0,"href":"https:\/\/centredentalcise.com\/es\/wp-json\/wp\/v2\/pages\/1810\/revisions"}],"wp:featuredmedia":[{"embeddable":true,"href":"https:\/\/centredentalcise.com\/es\/wp-json\/wp\/v2\/media\/1965"}],"wp:attachment":[{"href":"https:\/\/centredentalcise.com\/es\/wp-json\/wp\/v2\/media?parent=1810"}],"curies":[{"name":"wp","href":"https:\/\/api.w.org\/{rel}","templated":true}]}}