{"id":18,"date":"2016-03-09T10:09:31","date_gmt":"2016-03-09T09:09:31","guid":{"rendered":"http:\/\/www.centredentalcise.com\/info\/?page_id=18"},"modified":"2020-12-08T21:43:51","modified_gmt":"2020-12-08T20:43:51","slug":"odontologia-general","status":"publish","type":"page","link":"https:\/\/centredentalcise.com\/es\/tractaments\/odontologia-general\/","title":{"rendered":"Odontolog\u00eda general"},"content":{"rendered":"<p><\/p>\n<p style=\"text-align: justify;\">El odont\u00f3logo general es el profesional encargado de la primera fase diagn\u00f3stica, es decir, de las primeras visitas.<\/p>\n<p style=\"text-align: justify;\">Detecta cualquier problema en cada uno de los componentes de la boca (dientes, enc\u00edas, m\u00fasculos&#8230;).<\/p>\n<p style=\"text-align: justify;\">Tambi\u00e9n se encarga de la prevenci\u00f3n y de devolver la funci\u00f3n y la est\u00e9tica de la boca endodonciando, reconstruyendo y\/o reponiendo los dientes.<\/p>\n<p style=\"text-align: justify;\">As\u00ed, en nuestra cl\u00ednica dental, ponemos a su alcance todas las soluciones que requiera, pues est\u00e1 formada por un equipo de profesionales multidisciplinarios que abarca todas las especialidades: periodoncia, endodoncia, cirug\u00eda, odontopediatr\u00eda, est\u00e9tica y ortodoncia.<\/p>\n<p style=\"text-align: justify;\">Tratamientos como obturaciones, reconstrucciones, endodoncias, tratamientos de la ATM como estudios de la articulaci\u00f3n, f\u00e9rulas de descarga, tratamientos del desgaste provocado por el bruxismo, del ronqueo y de las apneas del sue\u00f1o.<\/p>\n<p style=\"text-align: justify;\"><img fetchpriority=\"high\" decoding=\"async\" class=\"aligncenter wp-image-604 size-full\" src=\"http:\/\/www.centredentalcise.com\/info\/wp-content\/uploads\/2016\/03\/Odontologia.jpg\" alt=\"Odontologia\" width=\"1200\" height=\"725\" srcset=\"https:\/\/centredentalcise.com\/wp-content\/uploads\/2016\/03\/Odontologia.jpg 1200w, https:\/\/centredentalcise.com\/wp-content\/uploads\/2016\/03\/Odontologia-300x181.jpg 300w, https:\/\/centredentalcise.com\/wp-content\/uploads\/2016\/03\/Odontologia-768x464.jpg 768w, https:\/\/centredentalcise.com\/wp-content\/uploads\/2016\/03\/Odontologia-1024x619.jpg 1024w\" sizes=\"(max-width: 1200px) 100vw, 1200px\" \/><\/p>\n<p><\/p>","protected":false},"excerpt":{"rendered":"<p>El odont\u00f3logo general es el profesional encargado de la primera fase diagn\u00f3stica, es decir, de las primeras visitas. Detecta cualquier problema en cada uno de los componentes de la boca (dientes, enc\u00edas, m\u00fasculos&#8230;). Tambi\u00e9n se encarga de la prevenci\u00f3n y de devolver la funci\u00f3n y la est\u00e9tica de la boca endodonciando, reconstruyendo y\/o reponiendo los<br \/><a class=\"moretag\" href=\"https:\/\/centredentalcise.com\/es\/tractaments\/odontologia-general\/\">+ Read More<\/a><\/p>\n","protected":false},"author":1,"featured_media":1481,"parent":1166,"menu_order":0,"comment_status":"closed","ping_status":"closed","template":"","meta":{"footnotes":""},"class_list":["post-18","page","type-page","status-publish","has-post-thumbnail","hentry"],"_links":{"self":[{"href":"https:\/\/centredentalcise.com\/es\/wp-json\/wp\/v2\/pages\/18","targetHints":{"allow":["GET"]}}],"collection":[{"href":"https:\/\/centredentalcise.com\/es\/wp-json\/wp\/v2\/pages"}],"about":[{"href":"https:\/\/centredentalcise.com\/es\/wp-json\/wp\/v2\/types\/page"}],"author":[{"embeddable":true,"href":"https:\/\/centredentalcise.com\/es\/wp-json\/wp\/v2\/users\/1"}],"replies":[{"embeddable":true,"href":"https:\/\/centredentalcise.com\/es\/wp-json\/wp\/v2\/comments?post=18"}],"version-history":[{"count":0,"href":"https:\/\/centredentalcise.com\/es\/wp-json\/wp\/v2\/pages\/18\/revisions"}],"up":[{"embeddable":true,"href":"https:\/\/centredentalcise.com\/es\/wp-json\/wp\/v2\/pages\/1166"}],"wp:featuredmedia":[{"embeddable":true,"href":"https:\/\/centredentalcise.com\/es\/wp-json\/wp\/v2\/media\/1481"}],"wp:attachment":[{"href":"https:\/\/centredentalcise.com\/es\/wp-json\/wp\/v2\/media?parent=18"}],"curies":[{"name":"wp","href":"https:\/\/api.w.org\/{rel}","templated":true}]}}