{"id":1664,"date":"2017-03-23T11:02:34","date_gmt":"2017-03-23T11:02:34","guid":{"rendered":"http:\/\/www.centredentalcise.com\/info\/?page_id=1664"},"modified":"2021-11-19T11:01:24","modified_gmt":"2021-11-19T10:01:24","slug":"dents-en-unes-hores","status":"publish","type":"page","link":"https:\/\/centredentalcise.com\/es\/dents-en-unes-hores\/","title":{"rendered":"\u00a1Dientes en unas horas!"},"content":{"rendered":"<p><\/p>\n<p style=\"text-align: justify;\">Desde hace alg\u00fan tiempo, y gracias a los avances de la odontolog\u00eda moderna, cualquier persona portadora de pr\u00f3tesis removible o con dientes muy deteriorados tiene la posibilidad de disponer de dientes fijos en un s\u00f3lo d\u00eda.<\/p>\n<p style=\"text-align: justify;\">En una sesi\u00f3n se colocan los implantes dentales, que ser\u00e1n las nuevas ra\u00edces de los dientes. A continuaci\u00f3n, se fijar\u00e1n los dientes a los implantes puestos unas horas antes.<\/p>\n<p style=\"text-align: justify;\">Ayudados por la cirug\u00eda guiada y atraum\u00e1tica, no son necesarios cortes de bistur\u00ed, por lo que las molestias ser\u00e1n muy tenues y la recuperaci\u00f3n del paciente ser\u00e1 en tiempo record. El paciente recupera la funci\u00f3n masticatoria inmediatamente, se colocan los dientes fijos, consiguiendo una est\u00e9tica superior.<\/p>\n<p style=\"text-align: justify;\">Son los denominados implantes de carga inmediata, que se colocan en tan s\u00f3lo 4 pasos:<\/p>\n<ul style=\"text-align: justify;\">\n<li>Tomamos medidas de su boca.<\/li>\n<li>Confeccionamos una f\u00e9rula quir\u00fargica.<\/li>\n<li>Colocamos los implantes dentales.<\/li>\n<li>Y por \u00faltimo colocamos los dientes fijos.<\/li>\n<\/ul>\n<p style=\"text-align: justify;\">Este tipo de t\u00e9cnica de implantologia tan avanzada requiere de odont\u00f3logos cirujanos extremadamente experimentados y con un gran bagaje en conocimientos espec\u00edficos, as\u00ed como de una simbiosis perfecta entre Odont\u00f3logo y Prot\u00e9sico.<\/p>\n<p style=\"text-align: justify;\">Conf\u00ede en <strong>Centre dental Cise<\/strong>, nuestros profesionales tienen amplia experiencia en colocaci\u00f3n de implantes de carga inmediata, adem\u00e1s de una estrecha relaci\u00f3n con el profesional prot\u00e9sico, facilitada por la proximidad del laboratorio prot\u00e9sico ubicado en el mismo edificio. \u00a1Sus dientes en s\u00f3lo unas horas, sin dolor y sin postoperatorio!<\/p>\n<p>\u00a1Servicio de carga inmediata de implantes en apenas unas horas, porqu\u00e9 la boca no espera!<\/p>\n<p><img fetchpriority=\"high\" decoding=\"async\" class=\"aligncenter wp-image-1777 size-full\" src=\"https:\/\/www.centredentalcise.com\/wp-content\/uploads\/2017\/03\/Dents-en-unes-hores.jpg\" alt=\"Dents en unes hores | Centre Dental Cise\" width=\"1200\" height=\"800\" srcset=\"https:\/\/centredentalcise.com\/wp-content\/uploads\/2017\/03\/Dents-en-unes-hores.jpg 1200w, https:\/\/centredentalcise.com\/wp-content\/uploads\/2017\/03\/Dents-en-unes-hores-150x100.jpg 150w, https:\/\/centredentalcise.com\/wp-content\/uploads\/2017\/03\/Dents-en-unes-hores-300x200.jpg 300w, https:\/\/centredentalcise.com\/wp-content\/uploads\/2017\/03\/Dents-en-unes-hores-768x512.jpg 768w, https:\/\/centredentalcise.com\/wp-content\/uploads\/2017\/03\/Dents-en-unes-hores-1024x683.jpg 1024w\" sizes=\"(max-width: 1200px) 100vw, 1200px\" \/><\/p>","protected":false},"excerpt":{"rendered":"<p>Desde hace alg\u00fan tiempo, y gracias a los avances de la odontolog\u00eda moderna, cualquier persona portadora de pr\u00f3tesis removible o con dientes muy deteriorados tiene la posibilidad de disponer de dientes fijos en un s\u00f3lo d\u00eda. En una sesi\u00f3n se colocan los implantes dentales, que ser\u00e1n las nuevas ra\u00edces de los dientes. A continuaci\u00f3n, se<br \/><a class=\"moretag\" href=\"https:\/\/centredentalcise.com\/es\/dents-en-unes-hores\/\">+ Read More<\/a><\/p>\n","protected":false},"author":1,"featured_media":1734,"parent":0,"menu_order":0,"comment_status":"closed","ping_status":"closed","template":"","meta":{"footnotes":""},"class_list":["post-1664","page","type-page","status-publish","has-post-thumbnail","hentry"],"_links":{"self":[{"href":"https:\/\/centredentalcise.com\/es\/wp-json\/wp\/v2\/pages\/1664","targetHints":{"allow":["GET"]}}],"collection":[{"href":"https:\/\/centredentalcise.com\/es\/wp-json\/wp\/v2\/pages"}],"about":[{"href":"https:\/\/centredentalcise.com\/es\/wp-json\/wp\/v2\/types\/page"}],"author":[{"embeddable":true,"href":"https:\/\/centredentalcise.com\/es\/wp-json\/wp\/v2\/users\/1"}],"replies":[{"embeddable":true,"href":"https:\/\/centredentalcise.com\/es\/wp-json\/wp\/v2\/comments?post=1664"}],"version-history":[{"count":0,"href":"https:\/\/centredentalcise.com\/es\/wp-json\/wp\/v2\/pages\/1664\/revisions"}],"wp:featuredmedia":[{"embeddable":true,"href":"https:\/\/centredentalcise.com\/es\/wp-json\/wp\/v2\/media\/1734"}],"wp:attachment":[{"href":"https:\/\/centredentalcise.com\/es\/wp-json\/wp\/v2\/media?parent=1664"}],"curies":[{"name":"wp","href":"https:\/\/api.w.org\/{rel}","templated":true}]}}