{"id":44,"date":"2016-03-09T15:16:03","date_gmt":"2016-03-09T15:16:03","guid":{"rendered":"http:\/\/www.centredentalcise.com\/info\/?page_id=44"},"modified":"2023-05-17T17:14:23","modified_gmt":"2023-05-17T15:14:23","slug":"recomanacions","status":"publish","type":"page","link":"https:\/\/centredentalcise.com\/en\/recomanacions\/","title":{"rendered":"Recommendations"},"content":{"rendered":"\t\t<div data-elementor-type=\"wp-page\" data-elementor-id=\"44\" class=\"elementor elementor-44\" data-elementor-post-type=\"page\">\n\t\t\t\t\t\t<section class=\"elementor-section elementor-top-section elementor-element elementor-element-62d1067d elementor-section-full_width elementor-section-height-default elementor-section-height-default\" data-id=\"62d1067d\" data-element_type=\"section\" data-e-type=\"section\">\n\t\t\t\t\t\t<div class=\"elementor-container elementor-column-gap-no\">\n\t\t\t\t\t<div class=\"elementor-column elementor-col-100 elementor-top-column elementor-element elementor-element-7e47d7a4\" data-id=\"7e47d7a4\" data-element_type=\"column\" data-e-type=\"column\">\n\t\t\t<div class=\"elementor-widget-wrap elementor-element-populated\">\n\t\t\t\t\t\t<div class=\"elementor-element elementor-element-41adcd86 elementor-widget elementor-widget-text-editor\" data-id=\"41adcd86\" data-element_type=\"widget\" data-e-type=\"widget\" data-widget_type=\"text-editor.default\">\n\t\t\t\t<div class=\"elementor-widget-container\">\n\t\t\t\t\t\t\t\t\t<p><\/p><h3>Com podem assegurar la salut dental?<\/h3><p style=\"text-align: justify;\">Una bona higiene bucal i l&#8217;\u00fas de fluor es consideren ara els principals factors responsables de la prevenci\u00f3 de c\u00e0ries i el foment d&#8217;una bona salut bucal. Els seg\u00fcents consells s\u00f3n tamb\u00e9 importants per mantenir les dents sense c\u00e0ries:<\/p><ul><li style=\"text-align: justify;\">Iniciar aviat la cura de les dents, raspallar les dents dels nens amb una pasta de dents amb fluor quan apareguin. No permetre que els nens s\u2019adormin mentre beuen d&#8217;un biber\u00f3 de llet, llet de f\u00f3rmula, suc o begudes ensucrades. Aquests l\u00edquids dol\u00e7os es mantenen al voltant de les dents del beb\u00e8 durant llargs per\u00edodes de temps i poden produir la \u201cc\u00e0ries del biber\u00f3\u201d.<\/li><li style=\"text-align: justify;\">Raspallar-se les dents dues vegades al dia amb pasta de dents fluorada. I si fos possible, netejar entre les dents amb fil dental una vegada al dia. No menjar despr\u00e9s de netejar-se les dents en ficar-se al llit, doncs el flux de saliva disminueix mentre dormim.<\/li><li style=\"text-align: justify;\">Visitar al dentista cada 6 mesos per fer una revisi\u00f3.<\/li><li style=\"text-align: justify;\">No menjar ni beure cont\u00ednuament. Deixar passar temps entre menjars perqu\u00e8 la saliva neutralitzi els \u00e0cids i repari les dents.<\/li><li style=\"text-align: justify;\">La gent amb alt risc de desgast dental i erosi\u00f3 hauria de prendre precaucions especials, com:<br \/>&#8211; Disminuir la freq\u00fc\u00e8ncia i el contacte amb menjars i begudes ac\u00eddiques.<br \/>&#8211; Evitar raspallar-se les dents immediatament despr\u00e9s de consumir aliments ac\u00eddics, begudes, c\u00edtrics i sucs. Aix\u00f2 d\u00f3na temps perqu\u00e8 es produeixi la remineralitzaci\u00f3.<br \/>&#8211; Els elixirs bucals fluorats i els xiclets sense sucre poden ser \u00fatils despr\u00e9s de prendre menjars i begudes ac\u00eddiques ja que fomenten la remineralitzaci\u00f3.<\/li><li style=\"text-align: justify;\">Els xiclets sense sucre s\u00f3n \u201camics\u201d de les dents ja que ajuden a augmentar el flux de saliva i netegen la boca de restes de menjar.<\/li><\/ul><p style=\"text-align: justify;\">Si detecta alguna cosa irregular en les seves dents o genives (irritaci\u00f3 o inflamaci\u00f3 de genives, alguna taca o cavitat en les peces dentals) no esperi a tenir dolor o mol\u00e8sties majors i visiti al seu dentista.<\/p><p style=\"text-align: justify;\">Si t\u00e9 pr\u00f2tesi fixa cuidi-la com si fossin peces dentals naturals.<\/p><p style=\"text-align: justify;\">Si t\u00e9 pr\u00f2tesi removible, retiri-la de la boca i raspalli-la en\u00e8rgicament almenys dues vegades al dia amb pasta dental o productes especials per a la seva neteja.<\/p>\t\t\t\t\t\t\t\t<\/div>\n\t\t\t\t<\/div>\n\t\t\t\t\t<\/div>\n\t\t<\/div>\n\t\t\t\t\t<\/div>\n\t\t<\/section>\n\t\t\t\t<section class=\"elementor-section elementor-top-section elementor-element elementor-element-1925273 elementor-section-full_width elementor-section-height-default elementor-section-height-default\" data-id=\"1925273\" data-element_type=\"section\" data-e-type=\"section\">\n\t\t\t\t\t\t<div class=\"elementor-container elementor-column-gap-no\">\n\t\t\t\t\t<div class=\"elementor-column elementor-col-100 elementor-top-column elementor-element elementor-element-a2ec99d\" data-id=\"a2ec99d\" data-element_type=\"column\" data-e-type=\"column\">\n\t\t\t<div class=\"elementor-widget-wrap elementor-element-populated\">\n\t\t\t\t\t\t<div class=\"elementor-element elementor-element-f0d64e0 elementor-arrows-position-inside elementor-widget elementor-widget-image-carousel\" data-id=\"f0d64e0\" data-element_type=\"widget\" data-e-type=\"widget\" data-settings=\"{&quot;slides_to_show&quot;:&quot;1&quot;,&quot;navigation&quot;:&quot;arrows&quot;,&quot;pause_on_hover&quot;:&quot;no&quot;,&quot;pause_on_interaction&quot;:&quot;no&quot;,&quot;effect&quot;:&quot;fade&quot;,&quot;autoplay&quot;:&quot;yes&quot;,&quot;autoplay_speed&quot;:5000,&quot;infinite&quot;:&quot;yes&quot;,&quot;speed&quot;:500}\" data-widget_type=\"image-carousel.default\">\n\t\t\t\t<div class=\"elementor-widget-container\">\n\t\t\t\t\t\t\t<div class=\"elementor-image-carousel-wrapper swiper\" role=\"region\" aria-roledescription=\"carousel\" aria-label=\"Carrusel d&#039;imatges\" dir=\"ltr\">\n\t\t\t<div class=\"elementor-image-carousel swiper-wrapper\" aria-live=\"off\">\n\t\t\t\t\t\t\t\t<div class=\"swiper-slide\" role=\"group\" aria-roledescription=\"slide\" aria-label=\"1 de 5\"><figure class=\"swiper-slide-inner\"><img decoding=\"async\" class=\"swiper-slide-image\" src=\"https:\/\/centredentalcise.com\/wp-content\/uploads\/2020\/12\/Centre-Dental-Cise-Figueres-1.jpg\" alt=\"Centre Dental Cise - Figueres | Recomanacions\" \/><\/figure><\/div><div class=\"swiper-slide\" role=\"group\" aria-roledescription=\"slide\" aria-label=\"2 de 5\"><figure class=\"swiper-slide-inner\"><img decoding=\"async\" class=\"swiper-slide-image\" src=\"https:\/\/centredentalcise.com\/wp-content\/uploads\/2020\/12\/Centre-Dental-Cise-Figueres-2.jpg\" alt=\"Centre Dental Cise - Figueres | Recomanacions\" \/><\/figure><\/div><div class=\"swiper-slide\" role=\"group\" aria-roledescription=\"slide\" aria-label=\"3 de 5\"><figure class=\"swiper-slide-inner\"><img decoding=\"async\" class=\"swiper-slide-image\" src=\"https:\/\/centredentalcise.com\/wp-content\/uploads\/2020\/12\/Centre-Dental-Cise-Figueres-3.jpg\" alt=\"Centre Dental Cise - Figueres | Recomanacions\" \/><\/figure><\/div><div class=\"swiper-slide\" role=\"group\" aria-roledescription=\"slide\" aria-label=\"4 de 5\"><figure class=\"swiper-slide-inner\"><img decoding=\"async\" class=\"swiper-slide-image\" src=\"https:\/\/centredentalcise.com\/wp-content\/uploads\/2020\/12\/Centre-Dental-Cise-Figueres-4.jpg\" alt=\"Centre Dental Cise - Figueres | Recomanacions\" \/><\/figure><\/div><div class=\"swiper-slide\" role=\"group\" aria-roledescription=\"slide\" aria-label=\"5 de 5\"><figure class=\"swiper-slide-inner\"><img decoding=\"async\" class=\"swiper-slide-image\" src=\"https:\/\/centredentalcise.com\/wp-content\/uploads\/2020\/12\/Centre-Dental-Cise-Figueres-5.jpg\" alt=\"Centre Dental Cise - Figueres | Recomanacions\" \/><\/figure><\/div>\t\t\t<\/div>\n\t\t\t\t\t\t\t\t\t\t\t\t<div class=\"elementor-swiper-button elementor-swiper-button-prev\" role=\"button\" tabindex=\"0\">\n\t\t\t\t\t\t<i aria-hidden=\"true\" class=\"eicon-chevron-left\"><\/i>\t\t\t\t\t<\/div>\n\t\t\t\t\t<div class=\"elementor-swiper-button elementor-swiper-button-next\" role=\"button\" tabindex=\"0\">\n\t\t\t\t\t\t<i aria-hidden=\"true\" class=\"eicon-chevron-right\"><\/i>\t\t\t\t\t<\/div>\n\t\t\t\t\n\t\t\t\t\t\t\t\t\t<\/div>\n\t\t\t\t\t\t<\/div>\n\t\t\t\t<\/div>\n\t\t\t\t\t<\/div>\n\t\t<\/div>\n\t\t\t\t\t<\/div>\n\t\t<\/section>\n\t\t\t\t<\/div>\n\t\t","protected":false},"excerpt":{"rendered":"<p>How can we ensure dental health? A good oral hygiene and the use of fluoride are now considered to be the main factors responsible for preventing tooth decay and promoting good oral health. The following tips are also important for keeping teeth without caries: Start soon taking care of your teeth, brush children&#8217;s teeth with<br \/><a class=\"moretag\" href=\"https:\/\/centredentalcise.com\/en\/recomanacions\/\">+ Read More<\/a><\/p>\n","protected":false},"author":1,"featured_media":1949,"parent":0,"menu_order":0,"comment_status":"closed","ping_status":"closed","template":"","meta":{"footnotes":""},"class_list":["post-44","page","type-page","status-publish","has-post-thumbnail","hentry"],"_links":{"self":[{"href":"https:\/\/centredentalcise.com\/en\/wp-json\/wp\/v2\/pages\/44","targetHints":{"allow":["GET"]}}],"collection":[{"href":"https:\/\/centredentalcise.com\/en\/wp-json\/wp\/v2\/pages"}],"about":[{"href":"https:\/\/centredentalcise.com\/en\/wp-json\/wp\/v2\/types\/page"}],"author":[{"embeddable":true,"href":"https:\/\/centredentalcise.com\/en\/wp-json\/wp\/v2\/users\/1"}],"replies":[{"embeddable":true,"href":"https:\/\/centredentalcise.com\/en\/wp-json\/wp\/v2\/comments?post=44"}],"version-history":[{"count":0,"href":"https:\/\/centredentalcise.com\/en\/wp-json\/wp\/v2\/pages\/44\/revisions"}],"wp:featuredmedia":[{"embeddable":true,"href":"https:\/\/centredentalcise.com\/en\/wp-json\/wp\/v2\/media\/1949"}],"wp:attachment":[{"href":"https:\/\/centredentalcise.com\/en\/wp-json\/wp\/v2\/media?parent=44"}],"curies":[{"name":"wp","href":"https:\/\/api.w.org\/{rel}","templated":true}]}}