{"id":40,"date":"2016-03-09T10:16:06","date_gmt":"2016-03-09T10:16:06","guid":{"rendered":"http:\/\/www.centredentalcise.com\/info\/?page_id=40"},"modified":"2023-05-19T15:25:03","modified_gmt":"2023-05-19T13:25:03","slug":"formacio","status":"publish","type":"page","link":"https:\/\/centredentalcise.com\/en\/formacio\/","title":{"rendered":"Training"},"content":{"rendered":"\t\t<div data-elementor-type=\"wp-page\" data-elementor-id=\"40\" class=\"elementor elementor-40\" data-elementor-post-type=\"page\">\n\t\t\t\t\t\t<section class=\"elementor-section elementor-top-section elementor-element elementor-element-2c10114b elementor-section-full_width elementor-section-height-default elementor-section-height-default\" data-id=\"2c10114b\" data-element_type=\"section\" data-e-type=\"section\">\n\t\t\t\t\t\t<div class=\"elementor-container elementor-column-gap-no\">\n\t\t\t\t\t<div class=\"elementor-column elementor-col-100 elementor-top-column elementor-element elementor-element-7fa5b115\" data-id=\"7fa5b115\" data-element_type=\"column\" data-e-type=\"column\">\n\t\t\t<div class=\"elementor-widget-wrap elementor-element-populated\">\n\t\t\t\t\t\t<div class=\"elementor-element elementor-element-3fe2f6e elementor-blockquote--skin-quotation elementor-blockquote--align-right elementor-widget elementor-widget-blockquote\" data-id=\"3fe2f6e\" data-element_type=\"widget\" data-e-type=\"widget\" data-widget_type=\"blockquote.default\">\n\t\t\t\t<div class=\"elementor-widget-container\">\n\t\t\t\t\t\t\t<blockquote class=\"elementor-blockquote\">\n\t\t\t<p class=\"elementor-blockquote__content\">\n\t\t\t\tNo hay riqueza como el conocimiento, no hay pobreza como la ignorancia\t\t\t<\/p>\n\t\t\t\t\t\t\t<div class=\"e-q-footer\">\n\t\t\t\t\t\t\t\t\t\t\t<cite class=\"elementor-blockquote__author\">Ali<\/cite>\n\t\t\t\t\t\t\t\t\t\t\t\t\t\t<\/div>\n\t\t\t\t\t<\/blockquote>\n\t\t\t\t\t\t<\/div>\n\t\t\t\t<\/div>\n\t\t\t\t<div class=\"elementor-element elementor-element-ab92c48 elementor-widget elementor-widget-text-editor\" data-id=\"ab92c48\" data-element_type=\"widget\" data-e-type=\"widget\" data-widget_type=\"text-editor.default\">\n\t\t\t\t<div class=\"elementor-widget-container\">\n\t\t\t\t\t\t\t\t\t<p style=\"text-align: justify;\"><strong>Centre Dental Cise<\/strong> participa activamente en la formaci\u00f3n, tanto de sus especialistas como de terceros.<\/p><p style=\"text-align: justify;\">El mayor prop\u00f3sito de nuestros cursos y jornadas no es otro que impartirlos de la manera m\u00e1s amena, cercana y did\u00e1ctica posible, \u00a1todos aprendemos de todos!<\/p><p style=\"text-align: justify;\">En el mismo centro dispone de un aula especialmente dedicada a esta actividad, en la que se imparten cursos tanto te\u00f3ricos como pr\u00e1cticos a otros profesionales sobre las diferentes especialidades y diplomaturas en que est\u00e1n titulados, as\u00ed como jornadas y charlas t\u00e9cnicas destinadas a profesionales.<\/p><p style=\"text-align: justify;\">Asimismo estamos estudiando la posibilidad de adaptar \u00e9stas a pacientes y p\u00fablico en general en un futuro inmediato.<\/p><p>A trav\u00e9s de un circuito cerrado de televisi\u00f3n, se pueden ver en el aula las im\u00e1genes de la pr\u00e1ctica de cirug\u00eda que est\u00e1 llevando a cabo el doctor en su gabinete dental en tiempo real. M\u00e1s tarde, los asistentes al curso tienen la posibilidad de comentar con el paciente las experiencias vividas durante la operaci\u00f3n.<\/p>\t\t\t\t\t\t\t\t<\/div>\n\t\t\t\t<\/div>\n\t\t\t\t<div class=\"elementor-element elementor-element-10f5e95 elementor-arrows-position-inside elementor-widget elementor-widget-image-carousel\" data-id=\"10f5e95\" data-element_type=\"widget\" data-e-type=\"widget\" data-settings=\"{&quot;slides_to_show&quot;:&quot;1&quot;,&quot;navigation&quot;:&quot;arrows&quot;,&quot;pause_on_hover&quot;:&quot;no&quot;,&quot;pause_on_interaction&quot;:&quot;no&quot;,&quot;effect&quot;:&quot;fade&quot;,&quot;autoplay&quot;:&quot;yes&quot;,&quot;autoplay_speed&quot;:5000,&quot;infinite&quot;:&quot;yes&quot;,&quot;speed&quot;:500}\" data-widget_type=\"image-carousel.default\">\n\t\t\t\t<div class=\"elementor-widget-container\">\n\t\t\t\t\t\t\t<div class=\"elementor-image-carousel-wrapper swiper\" role=\"region\" aria-roledescription=\"carousel\" aria-label=\"Carrusel de im\u00e1genes\" dir=\"ltr\">\n\t\t\t<div class=\"elementor-image-carousel swiper-wrapper\" aria-live=\"off\">\n\t\t\t\t\t\t\t\t<div class=\"swiper-slide\" role=\"group\" aria-roledescription=\"slide\" aria-label=\"1 de 22\"><figure class=\"swiper-slide-inner\"><img decoding=\"async\" class=\"swiper-slide-image\" src=\"https:\/\/centredentalcise.com\/wp-content\/uploads\/2020\/12\/Centre-Dental-Cise-Formacio-1.jpg\" alt=\"Centre Dental Cise - Formaci\u00f3\" \/><\/figure><\/div><div class=\"swiper-slide\" role=\"group\" aria-roledescription=\"slide\" aria-label=\"2 de 22\"><figure class=\"swiper-slide-inner\"><img decoding=\"async\" class=\"swiper-slide-image\" src=\"https:\/\/centredentalcise.com\/wp-content\/uploads\/2020\/12\/Centre-Dental-Cise-Formacio-2.jpg\" alt=\"Centre Dental Cise - Formaci\u00f3\" \/><\/figure><\/div><div class=\"swiper-slide\" role=\"group\" aria-roledescription=\"slide\" aria-label=\"3 de 22\"><figure class=\"swiper-slide-inner\"><img decoding=\"async\" class=\"swiper-slide-image\" src=\"https:\/\/centredentalcise.com\/wp-content\/uploads\/2020\/12\/Centre-Dental-Cise-Formacio-3.jpg\" alt=\"Centre Dental Cise - Formaci\u00f3\" \/><\/figure><\/div><div class=\"swiper-slide\" role=\"group\" aria-roledescription=\"slide\" aria-label=\"4 de 22\"><figure class=\"swiper-slide-inner\"><img decoding=\"async\" class=\"swiper-slide-image\" src=\"https:\/\/centredentalcise.com\/wp-content\/uploads\/2020\/12\/Centre-Dental-Cise-Formacio-4.jpg\" alt=\"Centre Dental Cise - Formaci\u00f3\" \/><\/figure><\/div><div class=\"swiper-slide\" role=\"group\" aria-roledescription=\"slide\" aria-label=\"5 de 22\"><figure class=\"swiper-slide-inner\"><img decoding=\"async\" class=\"swiper-slide-image\" src=\"https:\/\/centredentalcise.com\/wp-content\/uploads\/2020\/12\/Centre-Dental-Cise-Formacio-5.jpg\" alt=\"Centre Dental Cise - Formaci\u00f3\" \/><\/figure><\/div><div class=\"swiper-slide\" role=\"group\" aria-roledescription=\"slide\" aria-label=\"6 de 22\"><figure class=\"swiper-slide-inner\"><img decoding=\"async\" class=\"swiper-slide-image\" src=\"https:\/\/centredentalcise.com\/wp-content\/uploads\/2020\/12\/Centre-Dental-Cise-Formacio-6.jpg\" alt=\"Centre Dental Cise - Formaci\u00f3\" \/><\/figure><\/div><div class=\"swiper-slide\" role=\"group\" aria-roledescription=\"slide\" aria-label=\"7 de 22\"><figure class=\"swiper-slide-inner\"><img decoding=\"async\" class=\"swiper-slide-image\" src=\"https:\/\/centredentalcise.com\/wp-content\/uploads\/2020\/12\/Centre-Dental-Cise-Formacio-7.jpg\" alt=\"Centre Dental Cise - Formaci\u00f3\" \/><\/figure><\/div><div class=\"swiper-slide\" role=\"group\" aria-roledescription=\"slide\" aria-label=\"8 de 22\"><figure class=\"swiper-slide-inner\"><img decoding=\"async\" class=\"swiper-slide-image\" src=\"https:\/\/centredentalcise.com\/wp-content\/uploads\/2020\/12\/Centre-Dental-Cise-Formacio-8.jpg\" alt=\"Centre Dental Cise - Formaci\u00f3\" \/><\/figure><\/div><div class=\"swiper-slide\" role=\"group\" aria-roledescription=\"slide\" aria-label=\"9 de 22\"><figure class=\"swiper-slide-inner\"><img decoding=\"async\" class=\"swiper-slide-image\" src=\"https:\/\/centredentalcise.com\/wp-content\/uploads\/2020\/12\/Centre-Dental-Cise-Formacio-9.jpg\" alt=\"Centre Dental Cise - Formaci\u00f3\" \/><\/figure><\/div><div class=\"swiper-slide\" role=\"group\" aria-roledescription=\"slide\" aria-label=\"10 de 22\"><figure class=\"swiper-slide-inner\"><img decoding=\"async\" class=\"swiper-slide-image\" src=\"https:\/\/centredentalcise.com\/wp-content\/uploads\/2020\/12\/Centre-Dental-Cise-Formacio-10.jpg\" alt=\"Centre Dental Cise - Formaci\u00f3\" \/><\/figure><\/div><div class=\"swiper-slide\" role=\"group\" aria-roledescription=\"slide\" aria-label=\"11 de 22\"><figure class=\"swiper-slide-inner\"><img decoding=\"async\" class=\"swiper-slide-image\" src=\"https:\/\/centredentalcise.com\/wp-content\/uploads\/2020\/12\/Centre-Dental-Cise-Formacio-11.jpg\" alt=\"Centre Dental Cise - Formaci\u00f3\" \/><\/figure><\/div><div class=\"swiper-slide\" role=\"group\" aria-roledescription=\"slide\" aria-label=\"12 de 22\"><figure class=\"swiper-slide-inner\"><img decoding=\"async\" class=\"swiper-slide-image\" src=\"https:\/\/centredentalcise.com\/wp-content\/uploads\/2020\/12\/Centre-Dental-Cise-Formacio-12.jpg\" alt=\"Centre Dental Cise - Formaci\u00f3\" \/><\/figure><\/div><div class=\"swiper-slide\" role=\"group\" aria-roledescription=\"slide\" aria-label=\"13 de 22\"><figure class=\"swiper-slide-inner\"><img decoding=\"async\" class=\"swiper-slide-image\" src=\"https:\/\/centredentalcise.com\/wp-content\/uploads\/2020\/12\/Centre-Dental-Cise-Formacio-13.jpg\" alt=\"Centre Dental Cise - Formaci\u00f3\" \/><\/figure><\/div><div class=\"swiper-slide\" role=\"group\" aria-roledescription=\"slide\" aria-label=\"14 de 22\"><figure class=\"swiper-slide-inner\"><img decoding=\"async\" class=\"swiper-slide-image\" src=\"https:\/\/centredentalcise.com\/wp-content\/uploads\/2020\/12\/Centre-Dental-Cise-Formacio-14.jpg\" alt=\"Centre Dental Cise - Formaci\u00f3\" \/><\/figure><\/div><div class=\"swiper-slide\" role=\"group\" aria-roledescription=\"slide\" aria-label=\"15 de 22\"><figure class=\"swiper-slide-inner\"><img decoding=\"async\" class=\"swiper-slide-image\" src=\"https:\/\/centredentalcise.com\/wp-content\/uploads\/2020\/12\/Centre-Dental-Cise-Formacio-15.jpg\" alt=\"Centre Dental Cise - Formaci\u00f3\" \/><\/figure><\/div><div class=\"swiper-slide\" role=\"group\" aria-roledescription=\"slide\" aria-label=\"16 de 22\"><figure class=\"swiper-slide-inner\"><img decoding=\"async\" class=\"swiper-slide-image\" src=\"https:\/\/centredentalcise.com\/wp-content\/uploads\/2020\/12\/Centre-Dental-Cise-Formacio-16.jpg\" alt=\"Centre Dental Cise - Formaci\u00f3\" \/><\/figure><\/div><div class=\"swiper-slide\" role=\"group\" aria-roledescription=\"slide\" aria-label=\"17 de 22\"><figure class=\"swiper-slide-inner\"><img decoding=\"async\" class=\"swiper-slide-image\" src=\"https:\/\/centredentalcise.com\/wp-content\/uploads\/2020\/12\/Centre-Dental-Cise-Formacio-17.jpg\" alt=\"Centre Dental Cise - Formaci\u00f3\" \/><\/figure><\/div><div class=\"swiper-slide\" role=\"group\" aria-roledescription=\"slide\" aria-label=\"18 de 22\"><figure class=\"swiper-slide-inner\"><img decoding=\"async\" class=\"swiper-slide-image\" src=\"https:\/\/centredentalcise.com\/wp-content\/uploads\/2020\/12\/Centre-Dental-Cise-Formacio-18.jpg\" alt=\"Centre Dental Cise - Formaci\u00f3\" \/><\/figure><\/div><div class=\"swiper-slide\" role=\"group\" aria-roledescription=\"slide\" aria-label=\"19 de 22\"><figure class=\"swiper-slide-inner\"><img decoding=\"async\" class=\"swiper-slide-image\" src=\"https:\/\/centredentalcise.com\/wp-content\/uploads\/2020\/12\/Centre-Dental-Cise-Formacio-19.jpg\" alt=\"Centre Dental Cise - Formaci\u00f3\" \/><\/figure><\/div><div class=\"swiper-slide\" role=\"group\" aria-roledescription=\"slide\" aria-label=\"20 de 22\"><figure class=\"swiper-slide-inner\"><img decoding=\"async\" class=\"swiper-slide-image\" src=\"https:\/\/centredentalcise.com\/wp-content\/uploads\/2020\/12\/Centre-Dental-Cise-Formacio-20.jpg\" alt=\"Centre Dental Cise - Formaci\u00f3\" \/><\/figure><\/div><div class=\"swiper-slide\" role=\"group\" aria-roledescription=\"slide\" aria-label=\"21 de 22\"><figure class=\"swiper-slide-inner\"><img decoding=\"async\" class=\"swiper-slide-image\" src=\"https:\/\/centredentalcise.com\/wp-content\/uploads\/2020\/12\/Centre-Dental-Cise-Formacio-21.jpg\" alt=\"Centre Dental Cise - Formaci\u00f3\" \/><\/figure><\/div><div class=\"swiper-slide\" role=\"group\" aria-roledescription=\"slide\" aria-label=\"22 de 22\"><figure class=\"swiper-slide-inner\"><img decoding=\"async\" class=\"swiper-slide-image\" src=\"https:\/\/centredentalcise.com\/wp-content\/uploads\/2020\/12\/Centre-Dental-Cise-Formacio-22.jpg\" alt=\"Centre Dental Cise - Formaci\u00f3\" \/><\/figure><\/div>\t\t\t<\/div>\n\t\t\t\t\t\t\t\t\t\t\t\t<div class=\"elementor-swiper-button elementor-swiper-button-prev\" role=\"button\" tabindex=\"0\">\n\t\t\t\t\t\t<i aria-hidden=\"true\" class=\"eicon-chevron-left\"><\/i>\t\t\t\t\t<\/div>\n\t\t\t\t\t<div class=\"elementor-swiper-button elementor-swiper-button-next\" role=\"button\" tabindex=\"0\">\n\t\t\t\t\t\t<i aria-hidden=\"true\" class=\"eicon-chevron-right\"><\/i>\t\t\t\t\t<\/div>\n\t\t\t\t\n\t\t\t\t\t\t\t\t\t<\/div>\n\t\t\t\t\t\t<\/div>\n\t\t\t\t<\/div>\n\t\t\t\t<div class=\"elementor-element elementor-element-6c52f1e elementor-blockquote--skin-quotation elementor-blockquote--align-right elementor-widget elementor-widget-blockquote\" data-id=\"6c52f1e\" data-element_type=\"widget\" data-e-type=\"widget\" data-widget_type=\"blockquote.default\">\n\t\t\t\t<div class=\"elementor-widget-container\">\n\t\t\t\t\t\t\t<blockquote class=\"elementor-blockquote\">\n\t\t\t<p class=\"elementor-blockquote__content\">\n\t\t\t\tEl conocimiento te dar\u00e1 la oportunidad de marcar una diferencia\t\t\t<\/p>\n\t\t\t\t\t\t\t<div class=\"e-q-footer\">\n\t\t\t\t\t\t\t\t\t\t\t<cite class=\"elementor-blockquote__author\">Claire Fagin<\/cite>\n\t\t\t\t\t\t\t\t\t\t\t\t\t\t<\/div>\n\t\t\t\t\t<\/blockquote>\n\t\t\t\t\t\t<\/div>\n\t\t\t\t<\/div>\n\t\t\t\t<div class=\"elementor-element elementor-element-99d3d42 elementor-widget elementor-widget-text-editor\" data-id=\"99d3d42\" data-element_type=\"widget\" data-e-type=\"widget\" data-widget_type=\"text-editor.default\">\n\t\t\t\t<div class=\"elementor-widget-container\">\n\t\t\t\t\t\t\t\t\t<p>Si es un profesional del sector y quiere estar informado sobre los cursos que peri\u00f3dicamente se organizan o quiere proponer un tema a tratar, rellene el siguiente formulario.<\/p>\t\t\t\t\t\t\t\t<\/div>\n\t\t\t\t<\/div>\n\t\t\t\t\t<\/div>\n\t\t<\/div>\n\t\t\t\t\t<\/div>\n\t\t<\/section>\n\t\t\t\t<section class=\"elementor-section elementor-top-section elementor-element elementor-element-92534d3 elementor-section-full_width elementor-section-height-default elementor-section-height-default\" data-id=\"92534d3\" data-element_type=\"section\" data-e-type=\"section\">\n\t\t\t\t\t\t<div class=\"elementor-container elementor-column-gap-no\">\n\t\t\t\t\t<div class=\"elementor-column elementor-col-100 elementor-top-column elementor-element elementor-element-63cf0cf\" data-id=\"63cf0cf\" data-element_type=\"column\" data-e-type=\"column\">\n\t\t\t<div class=\"elementor-widget-wrap elementor-element-populated\">\n\t\t\t\t\t\t<div class=\"elementor-element elementor-element-de02f5b elementor-button-align-start elementor-widget elementor-widget-form\" data-id=\"de02f5b\" data-element_type=\"widget\" data-e-type=\"widget\" data-settings=\"{&quot;step_next_label&quot;:&quot;Next&quot;,&quot;step_previous_label&quot;:&quot;Previous&quot;,&quot;button_width&quot;:&quot;100&quot;,&quot;step_type&quot;:&quot;number_text&quot;,&quot;step_icon_shape&quot;:&quot;circle&quot;}\" data-widget_type=\"form.default\">\n\t\t\t\t<div class=\"elementor-widget-container\">\n\t\t\t\t\t\t\t<form class=\"elementor-form\" method=\"post\" name=\"Formaci\u00f3\" aria-label=\"Formaci\u00f3\">\n\t\t\t<input type=\"hidden\" name=\"post_id\" value=\"40\"\/>\n\t\t\t<input type=\"hidden\" name=\"form_id\" value=\"de02f5b\"\/>\n\t\t\t<input type=\"hidden\" name=\"referer_title\" value=\"Formaci\u00f3n\" \/>\n\n\t\t\t\t\t\t\t<input type=\"hidden\" name=\"queried_id\" value=\"40\"\/>\n\t\t\t\n\t\t\t<div class=\"elementor-form-fields-wrapper elementor-labels-\">\n\t\t\t\t\t\t\t\t<div class=\"elementor-field-type-text elementor-field-group elementor-column elementor-field-group-name elementor-col-50 elementor-field-required\">\n\t\t\t\t\t\t\t\t\t\t\t\t<label for=\"form-field-name\" class=\"elementor-field-label elementor-screen-only\">\n\t\t\t\t\t\t\t\tNombre\t\t\t\t\t\t\t<\/label>\n\t\t\t\t\t\t\t\t\t\t\t\t\t\t<input size=\"1\" type=\"text\" name=\"form_fields[name]\" id=\"form-field-name\" class=\"elementor-field elementor-size-md  elementor-field-textual\" placeholder=\"Nombre\" required=\"required\">\n\t\t\t\t\t\t\t\t\t\t\t<\/div>\n\t\t\t\t\t\t\t\t<div class=\"elementor-field-type-email elementor-field-group elementor-column elementor-field-group-email elementor-col-50 elementor-field-required\">\n\t\t\t\t\t\t\t\t\t\t\t\t<label for=\"form-field-email\" class=\"elementor-field-label elementor-screen-only\">\n\t\t\t\t\t\t\t\tCorreo electr\u00f3nico\t\t\t\t\t\t\t<\/label>\n\t\t\t\t\t\t\t\t\t\t\t\t\t\t<input size=\"1\" type=\"email\" name=\"form_fields[email]\" id=\"form-field-email\" class=\"elementor-field elementor-size-md  elementor-field-textual\" placeholder=\"Correo electr\u00f3nico\" required=\"required\">\n\t\t\t\t\t\t\t\t\t\t\t<\/div>\n\t\t\t\t\t\t\t\t<div class=\"elementor-field-type-textarea elementor-field-group elementor-column elementor-field-group-message elementor-col-100 elementor-field-required\">\n\t\t\t\t\t\t\t\t\t\t\t\t<label for=\"form-field-message\" class=\"elementor-field-label elementor-screen-only\">\n\t\t\t\t\t\t\t\tMensaje\t\t\t\t\t\t\t<\/label>\n\t\t\t\t\t\t<textarea class=\"elementor-field-textual elementor-field  elementor-size-md\" name=\"form_fields[message]\" id=\"form-field-message\" rows=\"4\" placeholder=\"Mensaje\" required=\"required\"><\/textarea>\t\t\t\t<\/div>\n\t\t\t\t\t\t\t\t<div class=\"elementor-field-type-text\">\n\t\t\t\t\t<input size=\"1\" type=\"text\" name=\"form_fields[field_2890d80]\" id=\"form-field-field_2890d80\" class=\"elementor-field elementor-size-md \" style=\"display:none !important;\">\t\t\t\t<\/div>\n\t\t\t\t\t\t\t\t<div class=\"elementor-field-type-acceptance elementor-field-group elementor-column elementor-field-group-field_e0a8ac7 elementor-col-100 elementor-field-required\">\n\t\t\t\t\t\t\t\t\t\t\t\t<label for=\"form-field-field_e0a8ac7\" class=\"elementor-field-label elementor-screen-only\">\n\t\t\t\t\t\t\t\tTermes i condicions\t\t\t\t\t\t\t<\/label>\n\t\t\t\t\t\t\t\t<div class=\"elementor-field-subgroup\">\n\t\t\t<span class=\"elementor-field-option\">\n\t\t\t\t<input type=\"checkbox\" name=\"form_fields[field_e0a8ac7]\" id=\"form-field-field_e0a8ac7\" class=\"elementor-field elementor-size-md  elementor-acceptance-field\" required=\"required\">\n\t\t\t\t<label for=\"form-field-field_e0a8ac7\">He le\u00eddo y acepto los t\u00e9rminos y condiciones de <a href=https:\/\/www.centredentalcise.com\/politica-de-privacitat\/ target='_blank'><em>Protecci\u00f3n de datos y pol\u00edtica de privacidad.<\/em><\/a><\/label>\t\t\t<\/span>\n\t\t<\/div>\n\t\t\t\t\t\t<\/div>\n\t\t\t\t\t\t\t\t<div class=\"elementor-field-type-acceptance elementor-field-group elementor-column elementor-field-group-field_ecaf849 elementor-col-100\">\n\t\t\t\t\t\t\t\t\t\t\t\t<label for=\"form-field-field_ecaf849\" class=\"elementor-field-label elementor-screen-only\">\n\t\t\t\t\t\t\t\tAutoritzo\t\t\t\t\t\t\t<\/label>\n\t\t\t\t\t\t\t\t<div class=\"elementor-field-subgroup\">\n\t\t\t<span class=\"elementor-field-option\">\n\t\t\t\t<input type=\"checkbox\" name=\"form_fields[field_ecaf849]\" id=\"form-field-field_ecaf849\" class=\"elementor-field elementor-size-md  elementor-acceptance-field\">\n\t\t\t\t<label for=\"form-field-field_ecaf849\">Autorizo al tratamiento de mis datos para poder recibir informaci\u00f3n por medios electr\u00f3nicos.<\/label>\t\t\t<\/span>\n\t\t<\/div>\n\t\t\t\t\t\t<\/div>\n\t\t\t\t\t\t\t\t<div class=\"elementor-field-type-html elementor-field-group elementor-column elementor-field-group-field_61d669c elementor-col-100\">\n\t\t\t\t\t\t\t<div data-elementor-type=\"section\" data-elementor-id=\"4571\" class=\"elementor elementor-4571\" data-elementor-post-type=\"elementor_library\">\n\t\t\t\t\t<section class=\"elementor-section elementor-top-section elementor-element elementor-element-6f0090bd elementor-section-full_width elementor-section-height-default elementor-section-height-default\" data-id=\"6f0090bd\" data-element_type=\"section\" data-e-type=\"section\">\n\t\t\t\t\t\t<div class=\"elementor-container elementor-column-gap-no\">\n\t\t\t\t\t<div class=\"elementor-column elementor-col-100 elementor-top-column elementor-element elementor-element-34ace411\" data-id=\"34ace411\" data-element_type=\"column\" data-e-type=\"column\">\n\t\t\t<div class=\"elementor-widget-wrap elementor-element-populated\">\n\t\t\t\t\t\t<div class=\"elementor-element elementor-element-54422205 elementor-widget elementor-widget-eael-adv-accordion\" data-id=\"54422205\" data-element_type=\"widget\" data-e-type=\"widget\" data-widget_type=\"eael-adv-accordion.default\">\n\t\t\t\t<div class=\"elementor-widget-container\">\n\t\t\t\t\t            <div class=\"eael-adv-accordion\" id=\"eael-adv-accordion-54422205\" data-scroll-on-click=\"no\" data-scroll-speed=\"300\" data-accordion-id=\"54422205\" data-accordion-type=\"accordion\" data-toogle-speed=\"300\">\n            <div class=\"eael-accordion-list\">\n\t\t\t\t\t<div id=\"-informations-de-base-sur-le-traitement-des-donnes-rglement-ue-2016679\" class=\"elementor-tab-title eael-accordion-header\" tabindex=\"0\" data-tab=\"1\" aria-controls=\"elementor-tab-content-1411\"><span class=\"eael-accordion-tab-title\"> Informations de base sur le traitement des donn\u00e9es - R\u00e8glement (UE) 2016\/679<\/span><i aria-hidden=\"true\" class=\"fa-toggle fas fa-angle-right\"><\/i><\/div><div id=\"elementor-tab-content-1411\" class=\"eael-accordion-content clearfix\" data-tab=\"1\" aria-labelledby=\"-informations-de-base-sur-le-traitement-des-donnes-rglement-ue-2016679\"><p style=\"text-align: justify\"><strong>Centre Dental Cise<\/strong> vous informe que les donn\u00e9es personnelles que vous nous fournissez en remplissant ce formulaire seront trait\u00e9es par cette entreprise comme derni\u00e8re responsable de ce web | Le but de la collecte et du traitement des donn\u00e9es personnelles que nous vous demandons est de vous adresser nos publications, promotions de produits et\/ou services et ressources exclusives | En cochant la case d\u00b4acceptation, vous donnez votre consentement l\u00e9gitime pour que vos donn\u00e9es soient trait\u00e9es selon les objectifs de ce formulaire d\u00e9crits dans la <a href=\"https:\/\/www.centredentalcise.com\/politica-de-privacitat\/\" target=\"_blank\" rel=\"noopener\"><strong>politique de confidentialit\u00e9<\/strong><\/a> | Vous pouvez exercer vos droits d\u00b4acc\u00e8s, de rectification, de limitation et de suppression des donn\u00e9es sur <strong><a href=\"mailto:info@centredentalcise.com\">info@centredentalcise.com<\/a><\/strong>. | Vous pouvez consulter les informations suppl\u00e9mentaires et d\u00e9taill\u00e9es sur la Protection des Donn\u00e9es dans notre <strong><a href=\"https:\/\/www.centredentalcise.com\/politica-de-privacitat\/\" target=\"_blank\" rel=\"noopener\">politique de confidentialit\u00e9<\/a>.<\/strong><\/p><\/div>\n\t\t\t\t\t<\/div><\/div>\t\t\t\t<\/div>\n\t\t\t\t<\/div>\n\t\t\t\t\t<\/div>\n\t\t<\/div>\n\t\t\t\t\t<\/div>\n\t\t<\/section>\n\t\t\t\t<\/div>\n\t\t\t\t\t\t<\/div>\n\t\t\t\t\t\t\t\t<div class=\"elementor-field-group elementor-column elementor-field-type-submit elementor-col-100 e-form__buttons\">\n\t\t\t\t\t<button class=\"elementor-button elementor-size-xs\" type=\"submit\">\n\t\t\t\t\t\t<span class=\"elementor-button-content-wrapper\">\n\t\t\t\t\t\t\t\t\t\t\t\t\t\t\t\t\t\t\t\t\t\t<span class=\"elementor-button-text\">ENVIAR<\/span>\n\t\t\t\t\t\t\t\t\t\t\t\t\t<\/span>\n\t\t\t\t\t<\/button>\n\t\t\t\t<\/div>\n\t\t\t<\/div>\n\t\t<\/form>\n\t\t\t\t\t\t<\/div>\n\t\t\t\t<\/div>\n\t\t\t\t\t<\/div>\n\t\t<\/div>\n\t\t\t\t\t<\/div>\n\t\t<\/section>\n\t\t\t\t<\/div>\n\t\t","protected":false},"excerpt":{"rendered":"<p>There is no wealth like knowledge, there is no poverty like ignorance Ali Centre Dental Cise actively participates in the training of both its specialists and third parties. The aim of our courses is to teach them in a close, enjoyable and easy way, so that we all learn from each other! In our lecture<br \/><a class=\"moretag\" href=\"https:\/\/centredentalcise.com\/en\/formacio\/\">+ Read More<\/a><\/p>\n","protected":false},"author":1,"featured_media":1956,"parent":0,"menu_order":0,"comment_status":"closed","ping_status":"closed","template":"","meta":{"footnotes":""},"class_list":["post-40","page","type-page","status-publish","has-post-thumbnail","hentry"],"_links":{"self":[{"href":"https:\/\/centredentalcise.com\/en\/wp-json\/wp\/v2\/pages\/40","targetHints":{"allow":["GET"]}}],"collection":[{"href":"https:\/\/centredentalcise.com\/en\/wp-json\/wp\/v2\/pages"}],"about":[{"href":"https:\/\/centredentalcise.com\/en\/wp-json\/wp\/v2\/types\/page"}],"author":[{"embeddable":true,"href":"https:\/\/centredentalcise.com\/en\/wp-json\/wp\/v2\/users\/1"}],"replies":[{"embeddable":true,"href":"https:\/\/centredentalcise.com\/en\/wp-json\/wp\/v2\/comments?post=40"}],"version-history":[{"count":0,"href":"https:\/\/centredentalcise.com\/en\/wp-json\/wp\/v2\/pages\/40\/revisions"}],"wp:featuredmedia":[{"embeddable":true,"href":"https:\/\/centredentalcise.com\/en\/wp-json\/wp\/v2\/media\/1956"}],"wp:attachment":[{"href":"https:\/\/centredentalcise.com\/en\/wp-json\/wp\/v2\/media?parent=40"}],"curies":[{"name":"wp","href":"https:\/\/api.w.org\/{rel}","templated":true}]}}