{"id":24,"date":"2016-03-09T10:10:44","date_gmt":"2016-03-09T09:10:44","guid":{"rendered":"http:\/\/www.centredentalcise.com\/info\/?page_id=24"},"modified":"2023-09-22T17:43:01","modified_gmt":"2023-09-22T15:43:01","slug":"ortodoncia","status":"publish","type":"page","link":"https:\/\/centredentalcise.com\/en\/tractaments\/ortodoncia\/","title":{"rendered":"Orthodontics and invisible Orthodontics"},"content":{"rendered":"\t\t<div data-elementor-type=\"wp-page\" data-elementor-id=\"24\" class=\"elementor elementor-24\" data-elementor-post-type=\"page\">\n\t\t\t\t\t\t<section class=\"elementor-section elementor-top-section elementor-element elementor-element-42dead0 elementor-section-full_width elementor-section-height-default elementor-section-height-default\" data-id=\"42dead0\" data-element_type=\"section\" data-e-type=\"section\">\n\t\t\t\t\t\t<div class=\"elementor-container elementor-column-gap-no\">\n\t\t\t\t\t<div class=\"elementor-column elementor-col-100 elementor-top-column elementor-element elementor-element-607089b9\" data-id=\"607089b9\" data-element_type=\"column\" data-e-type=\"column\">\n\t\t\t<div class=\"elementor-widget-wrap elementor-element-populated\">\n\t\t\t\t\t\t<div class=\"elementor-element elementor-element-36d842a7 elementor-widget elementor-widget-text-editor\" data-id=\"36d842a7\" data-element_type=\"widget\" data-e-type=\"widget\" data-widget_type=\"text-editor.default\">\n\t\t\t\t<div class=\"elementor-widget-container\">\n\t\t\t\t\t\t\t\t\t<p>L&#8217;Ortod\u00f2ncia \u00e9s una branca de l&#8217;Odontologia, que s&#8217;especialitza en el diagn\u00f2stic, prevenci\u00f3 i tractament de les irregularitats dentofacials o mala oclusi\u00f3 (mala mossegada). Persegueix la perfecta col\u00b7locaci\u00f3 de les dents, amb els seus beneficis est\u00e8tics i de salut, aix\u00ed com la normal coordinaci\u00f3 dels maxil\u00b7lars, aconseguint una harmonia facial. Dents sanes que funcionen b\u00e9, i una cara equilibrada que agrada al que la contempla, repercuteixen en l&#8217;autoestima del pacient, i en la seva acceptaci\u00f3 social.<\/p><p style=\"text-align: justify;\">S&#8217;empra en nens i adolescents perqu\u00e8 estan en ple creixement de l&#8217;esquelet i en recanvi dentari, podent-se per aix\u00f2 actuar sobre ambdues estructures. Una vegada acabat el creixement, nom\u00e9s es pot actuar sobre les dents. En les dones es considera la fi del creixement cr\u00e1neofacial als 15 anys i en els homes als 19 anys.<\/p><p style=\"text-align: justify;\">Encara que es pot emprar a qualsevol edat, l&#8217;ortod\u00f2ncia \u00e9s capa\u00e7 de corregir la mala posici\u00f3 de les dents per aconseguir una boca saludable. Un bonic somriure il\u00b7lumina el rostre i el fa m\u00e9s atractiu.<\/p><h3 style=\"text-align: center;\">Actualment, existeixen 3 tipus d&#8217;Ortod\u00f2ncia:<br \/>Convencional, Est\u00e8tica i Invisible<\/h3><p style=\"text-align: justify;\">L&#8217;est\u00e8tica dental est\u00e0 \u00edntimament lligada a la posici\u00f3 correcta de les dents. Per aix\u00f2, disposem de tractaments correctius d&#8217;ortod\u00f2ncia dental, on en molts casos podem rec\u00f3rrer al \u00fas de <strong>brackets est\u00e8tics<\/strong>, menys visibles i a arcs m\u00e9s ergon\u00f2mics, de manera que el tractament d&#8217;<strong>ortod\u00f2ncia<\/strong> \u00e9s m\u00e9s r\u00e0pid i permet la <strong>correcci\u00f3 dental<\/strong> en l&#8217;edat adulta de manera m\u00e9s senzilla.<\/p><p style=\"text-align: justify;\">L&#8217;Ortod\u00f2ncia Invisible suposa un enorme salt qualitatiu en el que concerneix a la qualitat de vida per al pacient. Els avantatges de l&#8217;ortod\u00f2ncia invisible enfront de la tradicional s\u00f3n inq\u00fcestionables:<\/p><ol><li style=\"text-align: justify;\">\u00a0<strong>Aparells transparents<\/strong>, pr\u00e0cticament invisibles.<\/li><li style=\"text-align: justify;\">\u00a0<strong>Molt c\u00f2modes<\/strong>, eviten les nafres i rascades.<\/li><li style=\"text-align: justify;\">\u00a0<strong>Aparells extra\u00efbles<\/strong>: uns aparells d&#8217;ortod\u00f2ncia amb un disseny compacte que permet al pacient treure-se&#8217;ls per acudir a reunions o cites, menjar, beure o raspallar-se les dents.<\/li><\/ol><p style=\"text-align: justify;\">Aix\u00f2 \u00e9s l&#8217;<strong>ortod\u00f2ncia invisible<\/strong>: un tractament revolucionari que soluciona tots els inconvenients dels cl\u00e0ssics aparells de metall.<\/p><p style=\"text-align: justify;\">Visiti&#8217;ns i estudiarem el seu cas sense comprom\u00eds. Els avantatges d&#8217;aquest nou sistema li convenceran.<\/p>\t\t\t\t\t\t\t\t<\/div>\n\t\t\t\t<\/div>\n\t\t\t\t<div class=\"elementor-element elementor-element-97837a8 elementor-widget elementor-widget-image\" data-id=\"97837a8\" data-element_type=\"widget\" data-e-type=\"widget\" data-widget_type=\"image.default\">\n\t\t\t\t<div class=\"elementor-widget-container\">\n\t\t\t\t\t\t\t\t\t\t\t\t\t\t\t<img fetchpriority=\"high\" decoding=\"async\" width=\"800\" height=\"489\" src=\"https:\/\/centredentalcise.com\/wp-content\/uploads\/2023\/09\/Ortodoncia-invisble-Invisalign.jpg\" class=\"attachment-full size-full wp-image-83794\" alt=\"Centre Dental Cise - Figueres | Ortod\u00f2ncia invisible\" srcset=\"https:\/\/centredentalcise.com\/wp-content\/uploads\/2023\/09\/Ortodoncia-invisble-Invisalign.jpg 800w, https:\/\/centredentalcise.com\/wp-content\/uploads\/2023\/09\/Ortodoncia-invisble-Invisalign-300x183.jpg 300w, https:\/\/centredentalcise.com\/wp-content\/uploads\/2023\/09\/Ortodoncia-invisble-Invisalign-150x92.jpg 150w, https:\/\/centredentalcise.com\/wp-content\/uploads\/2023\/09\/Ortodoncia-invisble-Invisalign-768x469.jpg 768w\" sizes=\"(max-width: 800px) 100vw, 800px\" \/>\t\t\t\t\t\t\t\t\t\t\t\t\t\t\t<\/div>\n\t\t\t\t<\/div>\n\t\t\t\t\t<\/div>\n\t\t<\/div>\n\t\t\t\t\t<\/div>\n\t\t<\/section>\n\t\t\t\t<\/div>\n\t\t","protected":false},"excerpt":{"rendered":"<p>Orthodontics is a branch of odontology that deals with diagnosis, prevention and treatment of any kind of dentofacial irregularity or dental malocclusion. Its aim is to get the perfect position for the teeth, with its benefits both for aesthetics and health, as well as the normal maxillary coordination, getting facial harmony. Healthy teeth that work<br \/><a class=\"moretag\" href=\"https:\/\/centredentalcise.com\/en\/tractaments\/ortodoncia\/\">+ Read More<\/a><\/p>\n","protected":false},"author":1,"featured_media":83792,"parent":1166,"menu_order":0,"comment_status":"closed","ping_status":"closed","template":"","meta":{"footnotes":""},"class_list":["post-24","page","type-page","status-publish","has-post-thumbnail","hentry"],"_links":{"self":[{"href":"https:\/\/centredentalcise.com\/en\/wp-json\/wp\/v2\/pages\/24","targetHints":{"allow":["GET"]}}],"collection":[{"href":"https:\/\/centredentalcise.com\/en\/wp-json\/wp\/v2\/pages"}],"about":[{"href":"https:\/\/centredentalcise.com\/en\/wp-json\/wp\/v2\/types\/page"}],"author":[{"embeddable":true,"href":"https:\/\/centredentalcise.com\/en\/wp-json\/wp\/v2\/users\/1"}],"replies":[{"embeddable":true,"href":"https:\/\/centredentalcise.com\/en\/wp-json\/wp\/v2\/comments?post=24"}],"version-history":[{"count":0,"href":"https:\/\/centredentalcise.com\/en\/wp-json\/wp\/v2\/pages\/24\/revisions"}],"up":[{"embeddable":true,"href":"https:\/\/centredentalcise.com\/en\/wp-json\/wp\/v2\/pages\/1166"}],"wp:featuredmedia":[{"embeddable":true,"href":"https:\/\/centredentalcise.com\/en\/wp-json\/wp\/v2\/media\/83792"}],"wp:attachment":[{"href":"https:\/\/centredentalcise.com\/en\/wp-json\/wp\/v2\/media?parent=24"}],"curies":[{"name":"wp","href":"https:\/\/api.w.org\/{rel}","templated":true}]}}