{"id":1712,"date":"2017-04-07T09:08:34","date_gmt":"2017-04-07T09:08:34","guid":{"rendered":"http:\/\/www.centredentalcise.com\/info\/?page_id=1712"},"modified":"2023-05-18T10:38:46","modified_gmt":"2023-05-18T08:38:46","slug":"demani-cita","status":"publish","type":"page","link":"https:\/\/centredentalcise.com\/en\/demani-cita\/","title":{"rendered":"Request an appointment"},"content":{"rendered":"\t\t<div data-elementor-type=\"wp-page\" data-elementor-id=\"1712\" class=\"elementor elementor-1712\" data-elementor-post-type=\"page\">\n\t\t\t\t\t\t<section class=\"elementor-section elementor-top-section elementor-element elementor-element-31b4739c elementor-section-full_width elementor-section-height-default elementor-section-height-default\" data-id=\"31b4739c\" data-element_type=\"section\" data-e-type=\"section\">\n\t\t\t\t\t\t<div class=\"elementor-container elementor-column-gap-no\">\n\t\t\t\t\t<div class=\"elementor-column elementor-col-100 elementor-top-column elementor-element elementor-element-1a92ceb6\" data-id=\"1a92ceb6\" data-element_type=\"column\" data-e-type=\"column\">\n\t\t\t<div class=\"elementor-widget-wrap elementor-element-populated\">\n\t\t\t\t\t\t<div class=\"elementor-element elementor-element-7875dcf0 elementor-widget elementor-widget-text-editor\" data-id=\"7875dcf0\" data-element_type=\"widget\" data-e-type=\"widget\" data-widget_type=\"text-editor.default\">\n\t\t\t\t<div class=\"elementor-widget-container\">\n\t\t\t\t\t\t\t\t\t<h3 style=\"text-align: center;\">Des d&#8217;aqu\u00ed pot demanar hora al <strong>Centre Dental Cise<\/strong><\/h3>\r\n<p style=\"text-align: justify;\">Si desitja concertar visita pot fer servir aquest formulari.\r\nEns posarem en contacte amb vost\u00e8 el m\u00e9s aviat possible. Moltes gr\u00e0cies.<\/p>\t\t\t\t\t\t\t\t<\/div>\n\t\t\t\t<\/div>\n\t\t\t\t<div class=\"elementor-element elementor-element-5642590 elementor-button-align-start elementor-widget elementor-widget-form\" data-id=\"5642590\" data-element_type=\"widget\" data-e-type=\"widget\" data-settings=\"{&quot;step_next_label&quot;:&quot;Next&quot;,&quot;step_previous_label&quot;:&quot;Previous&quot;,&quot;button_width&quot;:&quot;100&quot;,&quot;step_type&quot;:&quot;number_text&quot;,&quot;step_icon_shape&quot;:&quot;circle&quot;}\" data-widget_type=\"form.default\">\n\t\t\t\t<div class=\"elementor-widget-container\">\n\t\t\t\t\t\t\t<form class=\"elementor-form\" method=\"post\" name=\"Demanar Cita\" aria-label=\"Demanar Cita\">\n\t\t\t<input type=\"hidden\" name=\"post_id\" value=\"1712\"\/>\n\t\t\t<input type=\"hidden\" name=\"form_id\" value=\"5642590\"\/>\n\t\t\t<input type=\"hidden\" name=\"referer_title\" value=\"Demani cita\" \/>\n\n\t\t\t\t\t\t\t<input type=\"hidden\" name=\"queried_id\" value=\"1712\"\/>\n\t\t\t\n\t\t\t<div class=\"elementor-form-fields-wrapper elementor-labels-above\">\n\t\t\t\t\t\t\t\t<div class=\"elementor-field-type-text elementor-field-group elementor-column elementor-field-group-name elementor-col-50 elementor-field-required elementor-mark-required\">\n\t\t\t\t\t\t\t\t\t\t\t\t<label for=\"form-field-name\" class=\"elementor-field-label\">\n\t\t\t\t\t\t\t\tNom\t\t\t\t\t\t\t<\/label>\n\t\t\t\t\t\t\t\t\t\t\t\t\t\t<input size=\"1\" type=\"text\" name=\"form_fields[name]\" id=\"form-field-name\" class=\"elementor-field elementor-size-md  elementor-field-textual\" placeholder=\"Nom\" required=\"required\">\n\t\t\t\t\t\t\t\t\t\t\t<\/div>\n\t\t\t\t\t\t\t\t<div class=\"elementor-field-type-email elementor-field-group elementor-column elementor-field-group-email elementor-col-50 elementor-field-required elementor-mark-required\">\n\t\t\t\t\t\t\t\t\t\t\t\t<label for=\"form-field-email\" class=\"elementor-field-label\">\n\t\t\t\t\t\t\t\tCorreu electr\u00f2nic\t\t\t\t\t\t\t<\/label>\n\t\t\t\t\t\t\t\t\t\t\t\t\t\t<input size=\"1\" type=\"email\" name=\"form_fields[email]\" id=\"form-field-email\" class=\"elementor-field elementor-size-md  elementor-field-textual\" placeholder=\"Correu electr\u00f2nic\" required=\"required\">\n\t\t\t\t\t\t\t\t\t\t\t<\/div>\n\t\t\t\t\t\t\t\t<div class=\"elementor-field-type-tel elementor-field-group elementor-column elementor-field-group-tel elementor-col-50 elementor-field-required elementor-mark-required\">\n\t\t\t\t\t\t\t\t\t\t\t\t<label for=\"form-field-tel\" class=\"elementor-field-label\">\n\t\t\t\t\t\t\t\tTel\u00e8fon\t\t\t\t\t\t\t<\/label>\n\t\t\t\t\t\t\t\t<input size=\"1\" type=\"tel\" name=\"form_fields[tel]\" id=\"form-field-tel\" class=\"elementor-field elementor-size-md  elementor-field-textual\" placeholder=\"Tel\u00e8fon\" required=\"required\" pattern=\"[0-9()#&amp;+*-=.]+\" title=\"Only numbers and phone characters (#, -, *, etc) are accepted.\">\n\n\t\t\t\t\t\t<\/div>\n\t\t\t\t\t\t\t\t<div class=\"elementor-field-type-select elementor-field-group elementor-column elementor-field-group-disponibilitat elementor-col-50 elementor-field-required elementor-mark-required\">\n\t\t\t\t\t\t\t\t\t\t\t\t<label for=\"form-field-disponibilitat\" class=\"elementor-field-label\">\n\t\t\t\t\t\t\t\tDisponibilitat hor\u00e0ria\t\t\t\t\t\t\t<\/label>\n\t\t\t\t\t\t\t\t<div class=\"elementor-field elementor-select-wrapper remove-before \">\n\t\t\t<div class=\"select-caret-down-wrapper\">\n\t\t\t\t<i aria-hidden=\"true\" class=\"eicon-caret-down\"><\/i>\t\t\t<\/div>\n\t\t\t<select name=\"form_fields[disponibilitat]\" id=\"form-field-disponibilitat\" class=\"elementor-field-textual elementor-size-md\" required=\"required\">\n\t\t\t\t\t\t\t\t\t<option value=\"Escollir opci\u00f3\">Escollir opci\u00f3<\/option>\n\t\t\t\t\t\t\t\t\t<option value=\"Mat\u00ed\">Mat\u00ed<\/option>\n\t\t\t\t\t\t\t\t\t<option value=\"Tarda\">Tarda<\/option>\n\t\t\t\t\t\t\t<\/select>\n\t\t<\/div>\n\t\t\t\t\t\t<\/div>\n\t\t\t\t\t\t\t\t<div class=\"elementor-field-type-textarea elementor-field-group elementor-column elementor-field-group-message elementor-col-100\">\n\t\t\t\t\t\t\t\t\t\t\t\t<label for=\"form-field-message\" class=\"elementor-field-label\">\n\t\t\t\t\t\t\t\tAltres informacions\t\t\t\t\t\t\t<\/label>\n\t\t\t\t\t\t<textarea class=\"elementor-field-textual elementor-field  elementor-size-md\" name=\"form_fields[message]\" id=\"form-field-message\" rows=\"4\" placeholder=\"Altres informacions\"><\/textarea>\t\t\t\t<\/div>\n\t\t\t\t\t\t\t\t<div class=\"elementor-field-type-text\">\n\t\t\t\t\t<input size=\"1\" type=\"text\" name=\"form_fields[field_2890d80]\" id=\"form-field-field_2890d80\" class=\"elementor-field elementor-size-md \" style=\"display:none !important;\">\t\t\t\t<\/div>\n\t\t\t\t\t\t\t\t<div class=\"elementor-field-type-acceptance elementor-field-group elementor-column elementor-field-group-field_e0a8ac7 elementor-col-100 elementor-field-required elementor-mark-required\">\n\t\t\t\t\t\t\t<div class=\"elementor-field-subgroup\">\n\t\t\t<span class=\"elementor-field-option\">\n\t\t\t\t<input type=\"checkbox\" name=\"form_fields[field_e0a8ac7]\" id=\"form-field-field_e0a8ac7\" class=\"elementor-field elementor-size-md  elementor-acceptance-field\" required=\"required\">\n\t\t\t\t<label for=\"form-field-field_e0a8ac7\">He llegit i accepto els termes i condicions de <a href=https:\/\/www.centredentalcise.com\/politica-de-privacitat\/ target='_blank'><em>Protecci\u00f3 de dades i pol\u00edtica de privacitat.<\/em><\/a><\/label>\t\t\t<\/span>\n\t\t<\/div>\n\t\t\t\t\t\t<\/div>\n\t\t\t\t\t\t\t\t<div class=\"elementor-field-type-acceptance elementor-field-group elementor-column elementor-field-group-field_ecaf849 elementor-col-100\">\n\t\t\t\t\t\t\t<div class=\"elementor-field-subgroup\">\n\t\t\t<span class=\"elementor-field-option\">\n\t\t\t\t<input type=\"checkbox\" name=\"form_fields[field_ecaf849]\" id=\"form-field-field_ecaf849\" class=\"elementor-field elementor-size-md  elementor-acceptance-field\">\n\t\t\t\t<label for=\"form-field-field_ecaf849\">Autoritzo el tractament de les meves dades per poder rebre informaci\u00f3 per mitjans electr\u00f2nics.<\/label>\t\t\t<\/span>\n\t\t<\/div>\n\t\t\t\t\t\t<\/div>\n\t\t\t\t\t\t\t\t<div class=\"elementor-field-type-html elementor-field-group elementor-column elementor-field-group-field_61d669c elementor-col-100\">\n\t\t\t\t\t\t\t<div data-elementor-type=\"section\" data-elementor-id=\"4571\" class=\"elementor elementor-4571\" data-elementor-post-type=\"elementor_library\">\n\t\t\t\t\t<section class=\"elementor-section elementor-top-section elementor-element elementor-element-6f0090bd elementor-section-full_width elementor-section-height-default elementor-section-height-default\" data-id=\"6f0090bd\" data-element_type=\"section\" data-e-type=\"section\">\n\t\t\t\t\t\t<div class=\"elementor-container elementor-column-gap-no\">\n\t\t\t\t\t<div class=\"elementor-column elementor-col-100 elementor-top-column elementor-element elementor-element-34ace411\" data-id=\"34ace411\" data-element_type=\"column\" data-e-type=\"column\">\n\t\t\t<div class=\"elementor-widget-wrap elementor-element-populated\">\n\t\t\t\t\t\t<div class=\"elementor-element elementor-element-54422205 elementor-widget elementor-widget-eael-adv-accordion\" data-id=\"54422205\" data-element_type=\"widget\" data-e-type=\"widget\" data-widget_type=\"eael-adv-accordion.default\">\n\t\t\t\t<div class=\"elementor-widget-container\">\n\t\t\t\t\t            <div class=\"eael-adv-accordion\" id=\"eael-adv-accordion-54422205\" data-scroll-on-click=\"no\" data-scroll-speed=\"300\" data-accordion-id=\"54422205\" data-accordion-type=\"accordion\" data-toogle-speed=\"300\">\n            <div class=\"eael-accordion-list\">\n\t\t\t\t\t<div id=\"-informations-de-base-sur-le-traitement-des-donnes-rglement-ue-2016679\" class=\"elementor-tab-title eael-accordion-header\" tabindex=\"0\" data-tab=\"1\" aria-controls=\"elementor-tab-content-1411\"><span class=\"eael-accordion-tab-title\"> Informations de base sur le traitement des donn\u00e9es - R\u00e8glement (UE) 2016\/679<\/span><i aria-hidden=\"true\" class=\"fa-toggle fas fa-angle-right\"><\/i><\/div><div id=\"elementor-tab-content-1411\" class=\"eael-accordion-content clearfix\" data-tab=\"1\" aria-labelledby=\"-informations-de-base-sur-le-traitement-des-donnes-rglement-ue-2016679\"><p style=\"text-align: justify\"><strong>Centre Dental Cise<\/strong> vous informe que les donn\u00e9es personnelles que vous nous fournissez en remplissant ce formulaire seront trait\u00e9es par cette entreprise comme derni\u00e8re responsable de ce web | Le but de la collecte et du traitement des donn\u00e9es personnelles que nous vous demandons est de vous adresser nos publications, promotions de produits et\/ou services et ressources exclusives | En cochant la case d\u00b4acceptation, vous donnez votre consentement l\u00e9gitime pour que vos donn\u00e9es soient trait\u00e9es selon les objectifs de ce formulaire d\u00e9crits dans la <a href=\"https:\/\/www.centredentalcise.com\/politica-de-privacitat\/\" target=\"_blank\" rel=\"noopener\"><strong>politique de confidentialit\u00e9<\/strong><\/a> | Vous pouvez exercer vos droits d\u00b4acc\u00e8s, de rectification, de limitation et de suppression des donn\u00e9es sur <strong><a href=\"mailto:info@centredentalcise.com\">info@centredentalcise.com<\/a><\/strong>. | Vous pouvez consulter les informations suppl\u00e9mentaires et d\u00e9taill\u00e9es sur la Protection des Donn\u00e9es dans notre <strong><a href=\"https:\/\/www.centredentalcise.com\/politica-de-privacitat\/\" target=\"_blank\" rel=\"noopener\">politique de confidentialit\u00e9<\/a>.<\/strong><\/p><\/div>\n\t\t\t\t\t<\/div><\/div>\t\t\t\t<\/div>\n\t\t\t\t<\/div>\n\t\t\t\t\t<\/div>\n\t\t<\/div>\n\t\t\t\t\t<\/div>\n\t\t<\/section>\n\t\t\t\t<\/div>\n\t\t\t\t\t\t<\/div>\n\t\t\t\t\t\t\t\t<div class=\"elementor-field-group elementor-column elementor-field-type-submit elementor-col-100 e-form__buttons\">\n\t\t\t\t\t<button class=\"elementor-button elementor-size-xs\" type=\"submit\">\n\t\t\t\t\t\t<span class=\"elementor-button-content-wrapper\">\n\t\t\t\t\t\t\t\t\t\t\t\t\t\t\t\t\t\t\t\t\t\t<span class=\"elementor-button-text\">ENVIAR<\/span>\n\t\t\t\t\t\t\t\t\t\t\t\t\t<\/span>\n\t\t\t\t\t<\/button>\n\t\t\t\t<\/div>\n\t\t\t<\/div>\n\t\t<\/form>\n\t\t\t\t\t\t<\/div>\n\t\t\t\t<\/div>\n\t\t\t\t\t<\/div>\n\t\t<\/div>\n\t\t\t\t\t<\/div>\n\t\t<\/section>\n\t\t\t\t<\/div>\n\t\t","protected":false},"excerpt":{"rendered":"<p>From here you can ask for an appointment at the Centre Dental Cise If you wish to arrange a visit, you can use the following form. We will get in touch with you as soon as possible. Thank you.<\/p>\n","protected":false},"author":1,"featured_media":1953,"parent":0,"menu_order":0,"comment_status":"closed","ping_status":"closed","template":"","meta":{"footnotes":""},"class_list":["post-1712","page","type-page","status-publish","has-post-thumbnail","hentry"],"_links":{"self":[{"href":"https:\/\/centredentalcise.com\/en\/wp-json\/wp\/v2\/pages\/1712","targetHints":{"allow":["GET"]}}],"collection":[{"href":"https:\/\/centredentalcise.com\/en\/wp-json\/wp\/v2\/pages"}],"about":[{"href":"https:\/\/centredentalcise.com\/en\/wp-json\/wp\/v2\/types\/page"}],"author":[{"embeddable":true,"href":"https:\/\/centredentalcise.com\/en\/wp-json\/wp\/v2\/users\/1"}],"replies":[{"embeddable":true,"href":"https:\/\/centredentalcise.com\/en\/wp-json\/wp\/v2\/comments?post=1712"}],"version-history":[{"count":0,"href":"https:\/\/centredentalcise.com\/en\/wp-json\/wp\/v2\/pages\/1712\/revisions"}],"wp:featuredmedia":[{"embeddable":true,"href":"https:\/\/centredentalcise.com\/en\/wp-json\/wp\/v2\/media\/1953"}],"wp:attachment":[{"href":"https:\/\/centredentalcise.com\/en\/wp-json\/wp\/v2\/media?parent=1712"}],"curies":[{"name":"wp","href":"https:\/\/api.w.org\/{rel}","templated":true}]}}